{"id":29890,"date":"2024-08-01T19:38:28","date_gmt":"2024-08-02T01:38:28","guid":{"rendered":"https:\/\/mujeresmsm.org\/?page_id=29890"},"modified":"2024-08-02T22:46:56","modified_gmt":"2024-08-03T04:46:56","slug":"empoderando-mujeres-juventudes-prevencion-genero-municipio-san-martin","status":"publish","type":"page","link":"https:\/\/mujeresmsm.org\/?page_id=29890","title":{"rendered":"Empoderando a mujeres y juventudes en la prevenci\u00f3n de la violencia de g\u00e9nero en el Municipio de San Mart\u00edn"},"content":{"rendered":"\t\t<div data-elementor-type=\"wp-page\" data-elementor-id=\"29890\" class=\"elementor elementor-29890\" data-elementor-post-type=\"page\">\n\t\t\t\t<div class=\"elementor-element elementor-element-54f08978 e-flex e-con-boxed wpr-particle-no wpr-jarallax-no wpr-parallax-no wpr-sticky-section-no e-con e-parent\" data-id=\"54f08978\" data-element_type=\"container\" data-e-type=\"container\">\n\t\t\t\t\t<div class=\"e-con-inner\">\n\t\t\t\t<div class=\"elementor-element elementor-element-17d3f66c elementor-widget elementor-widget-text-editor\" data-id=\"17d3f66c\" data-element_type=\"widget\" data-e-type=\"widget\" data-widget_type=\"text-editor.default\">\n\t\t\t\t<div class=\"elementor-widget-container\">\n\t\t\t\t\t\t\t\t\t<p>PROYECTO:<\/p>\t\t\t\t\t\t\t\t<\/div>\n\t\t\t\t<\/div>\n\t\t\t\t<div class=\"elementor-element elementor-element-3b9bb672 elementor-widget elementor-widget-heading\" data-id=\"3b9bb672\" data-element_type=\"widget\" data-e-type=\"widget\" data-widget_type=\"heading.default\">\n\t\t\t\t<div class=\"elementor-widget-container\">\n\t\t\t\t\t<h2 class=\"elementor-heading-title elementor-size-default\">Empoderando a mujeres y juventudes en la prevenci\u00f3n de la violencia de g\u00e9nero en el Municipio de San Mart\u00edn<\/h2>\t\t\t\t<\/div>\n\t\t\t\t<\/div>\n\t\t\t\t\t<\/div>\n\t\t\t\t<\/div>\n\t\t<div class=\"elementor-element elementor-element-40c8ff77 e-flex e-con-boxed wpr-particle-no wpr-jarallax-no wpr-parallax-no wpr-sticky-section-no e-con e-parent\" data-id=\"40c8ff77\" data-element_type=\"container\" data-e-type=\"container\">\n\t\t\t\t\t<div class=\"e-con-inner\">\n\t\t<div class=\"elementor-element elementor-element-3cbfa577 e-con-full e-flex wpr-particle-no wpr-jarallax-no wpr-parallax-no wpr-sticky-section-no e-con e-child\" data-id=\"3cbfa577\" data-element_type=\"container\" data-e-type=\"container\">\n\t\t\t\t<div class=\"elementor-element elementor-element-5e366d0d elementor-widget elementor-widget-text-editor\" data-id=\"5e366d0d\" data-element_type=\"widget\" data-e-type=\"widget\" data-widget_type=\"text-editor.default\">\n\t\t\t\t<div class=\"elementor-widget-container\">\n\t\t\t\t\t\t\t\t\t<p><strong>Agencia de cooperaci\u00f3n:<\/strong><\/p><ul><li>Instituto Sindicala de Cooperaci\u00f3n al Desarrollo (ISCOD) &#8211; Gobierno de Navarra<\/li><\/ul><p>\u00a0<\/p><p><strong>Ubicaci\u00f3n:<\/strong><\/p><ul><li>San Martin<\/li><\/ul><p>\u00a0<\/p><p><strong>Fecha de inicio y finalizaci\u00f3n:<\/strong><\/p><ul><li>Inicia: 07 de nov 2023 finaliza: 06 de nov 2024 (duraci\u00f3n 12 meses)<\/li><\/ul><p>\u00a0<\/p><p><strong>Plazo:<\/strong><\/p><ul><li>1 a\u00f1o<\/li><\/ul><p>\u00a0<\/p>\t\t\t\t\t\t\t\t<\/div>\n\t\t\t\t<\/div>\n\t\t\t\t<\/div>\n\t\t<div class=\"elementor-element elementor-element-660d2f67 e-con-full e-flex wpr-particle-no wpr-jarallax-no wpr-parallax-no wpr-sticky-section-no e-con e-child\" data-id=\"660d2f67\" data-element_type=\"container\" data-e-type=\"container\">\n\t\t\t\t<div class=\"elementor-element elementor-element-5c0d765 elementor-grid-3 elementor-grid-tablet-2 elementor-grid-mobile-1 elementor-widget elementor-widget-portfolio\" data-id=\"5c0d765\" data-element_type=\"widget\" data-e-type=\"widget\" data-settings=\"{&quot;item_ratio&quot;:{&quot;unit&quot;:&quot;px&quot;,&quot;size&quot;:0.83,&quot;sizes&quot;:[]},&quot;columns&quot;:&quot;3&quot;,&quot;columns_tablet&quot;:&quot;2&quot;,&quot;columns_mobile&quot;:&quot;1&quot;,&quot;item_gap&quot;:{&quot;unit&quot;:&quot;px&quot;,&quot;size&quot;:&quot;&quot;,&quot;sizes&quot;:[]},&quot;row_gap&quot;:{&quot;unit&quot;:&quot;px&quot;,&quot;size&quot;:&quot;&quot;,&quot;sizes&quot;:[]}}\" data-widget_type=\"portfolio.default\">\n\t\t\t\t<div class=\"elementor-widget-container\">\n\t\t\t\t\t\t\t<div class=\"elementor-portfolio elementor-grid elementor-posts-container\" role=\"list\">\n\t\t\t\t<article class=\"elementor-portfolio-item elementor-post elementor-filter-178 post-31321 post type-post status-publish format-standard has-post-thumbnail hentry category-proyectos-en-ejecucion tag-fortalecimiento tag-mujeres tag-prevencion\" role=\"listitem\">\n\t\t\t<a class=\"elementor-post__thumbnail__link\" href=\"https:\/\/mujeresmsm.org\/?p=31321\">\n\t\t\t\t<div class=\"elementor-portfolio-item__img elementor-post__thumbnail\">\n\t\t\t<img fetchpriority=\"high\" decoding=\"async\" width=\"1920\" height=\"1080\" src=\"https:\/\/mujeresmsm.org\/wp-content\/uploads\/2026\/03\/sanacion-emocional-jiquilisco-msm.webp\" class=\"attachment-full size-full wp-image-31328\" alt=\"presentaci\u00f3n p\u00fablica del proyecto \u201cFortalecimiento de mujeres a trav\u00e9s de apoyo psicosocial y prevenci\u00f3n de violencia, fase II\u201d,\" srcset=\"https:\/\/mujeresmsm.org\/wp-content\/uploads\/2026\/03\/sanacion-emocional-jiquilisco-msm.webp 1920w, https:\/\/mujeresmsm.org\/wp-content\/uploads\/2026\/03\/sanacion-emocional-jiquilisco-msm-300x169.webp 300w, https:\/\/mujeresmsm.org\/wp-content\/uploads\/2026\/03\/sanacion-emocional-jiquilisco-msm-1024x576.webp 1024w, https:\/\/mujeresmsm.org\/wp-content\/uploads\/2026\/03\/sanacion-emocional-jiquilisco-msm-768x432.webp 768w, https:\/\/mujeresmsm.org\/wp-content\/uploads\/2026\/03\/sanacion-emocional-jiquilisco-msm-1536x864.webp 1536w, https:\/\/mujeresmsm.org\/wp-content\/uploads\/2026\/03\/sanacion-emocional-jiquilisco-msm-18x10.webp 18w\" sizes=\"(max-width: 1920px) 100vw, 1920px\" \/>\t\t<\/div>\n\t\t\t\t<div class=\"elementor-portfolio-item__overlay\">\n\t\t\t\t<h3 class=\"elementor-portfolio-item__title\">\n\t\tPresentaci\u00f3n de fase II en apoyo psicosocial a mujeres\t\t<\/h3>\n\t\t\t\t<\/div>\n\t\t\t\t<\/a>\n\t\t<\/article>\n\t\t\t\t<article class=\"elementor-portfolio-item elementor-post elementor-filter-178 post-31309 post type-post status-publish format-standard has-post-thumbnail hentry category-proyectos-en-ejecucion tag-comites tag-organizacion-2 tag-usulutan\" role=\"listitem\">\n\t\t\t<a class=\"elementor-post__thumbnail__link\" href=\"https:\/\/mujeresmsm.org\/?p=31309\">\n\t\t\t\t<div class=\"elementor-portfolio-item__img elementor-post__thumbnail\">\n\t\t\t<img decoding=\"async\" width=\"1920\" height=\"1080\" src=\"https:\/\/mujeresmsm.org\/wp-content\/uploads\/2026\/03\/llanitos-comite-msm.webp\" class=\"attachment-full size-full wp-image-31311\" alt=\"diversas asambleas comunitarias en distritos de Usulut\u00e1n Norte, promoviendo la conformaci\u00f3n y reestructuraci\u00f3n de comit\u00e9s de mujeres\" srcset=\"https:\/\/mujeresmsm.org\/wp-content\/uploads\/2026\/03\/llanitos-comite-msm.webp 1920w, https:\/\/mujeresmsm.org\/wp-content\/uploads\/2026\/03\/llanitos-comite-msm-300x169.webp 300w, https:\/\/mujeresmsm.org\/wp-content\/uploads\/2026\/03\/llanitos-comite-msm-1024x576.webp 1024w, https:\/\/mujeresmsm.org\/wp-content\/uploads\/2026\/03\/llanitos-comite-msm-768x432.webp 768w, https:\/\/mujeresmsm.org\/wp-content\/uploads\/2026\/03\/llanitos-comite-msm-1536x864.webp 1536w, https:\/\/mujeresmsm.org\/wp-content\/uploads\/2026\/03\/llanitos-comite-msm-18x10.webp 18w\" sizes=\"(max-width: 1920px) 100vw, 1920px\" \/>\t\t<\/div>\n\t\t\t\t<div class=\"elementor-portfolio-item__overlay\">\n\t\t\t\t<h3 class=\"elementor-portfolio-item__title\">\n\t\tMujeres de Usulut\u00e1n Norte fortalecen su organizaci\u00f3n\t\t<\/h3>\n\t\t\t\t<\/div>\n\t\t\t\t<\/a>\n\t\t<\/article>\n\t\t\t\t<article class=\"elementor-portfolio-item elementor-post elementor-filter-178 post-31289 post type-post status-publish format-standard has-post-thumbnail hentry category-proyectos-en-ejecucion tag-cuisanahuat tag-liderezas tag-prevencion tag-violencia\" role=\"listitem\">\n\t\t\t<a class=\"elementor-post__thumbnail__link\" href=\"https:\/\/mujeresmsm.org\/?p=31289\">\n\t\t\t\t<div class=\"elementor-portfolio-item__img elementor-post__thumbnail\">\n\t\t\t<img decoding=\"async\" width=\"1920\" height=\"1080\" src=\"https:\/\/mujeresmsm.org\/wp-content\/uploads\/2026\/03\/apoyo-redes-cuisnahuat-msm-1.webp\" class=\"attachment-full size-full wp-image-31290\" alt=\"primera jornada de fortalecimiento dirigida a las Redes de Apoyo del distrito de Cuisnahuat\" srcset=\"https:\/\/mujeresmsm.org\/wp-content\/uploads\/2026\/03\/apoyo-redes-cuisnahuat-msm-1.webp 1920w, https:\/\/mujeresmsm.org\/wp-content\/uploads\/2026\/03\/apoyo-redes-cuisnahuat-msm-1-300x169.webp 300w, https:\/\/mujeresmsm.org\/wp-content\/uploads\/2026\/03\/apoyo-redes-cuisnahuat-msm-1-1024x576.webp 1024w, https:\/\/mujeresmsm.org\/wp-content\/uploads\/2026\/03\/apoyo-redes-cuisnahuat-msm-1-768x432.webp 768w, https:\/\/mujeresmsm.org\/wp-content\/uploads\/2026\/03\/apoyo-redes-cuisnahuat-msm-1-1536x864.webp 1536w, https:\/\/mujeresmsm.org\/wp-content\/uploads\/2026\/03\/apoyo-redes-cuisnahuat-msm-1-18x10.webp 18w\" sizes=\"(max-width: 1920px) 100vw, 1920px\" \/>\t\t<\/div>\n\t\t\t\t<div class=\"elementor-portfolio-item__overlay\">\n\t\t\t\t<h3 class=\"elementor-portfolio-item__title\">\n\t\tRedes de apoyo de Cuisnahuat fortalecen la prevenci\u00f3n\t\t<\/h3>\n\t\t\t\t<\/div>\n\t\t\t\t<\/a>\n\t\t<\/article>\n\t\t\t\t<article class=\"elementor-portfolio-item elementor-post elementor-filter-178 post-31277 post type-post status-publish format-standard has-post-thumbnail hentry category-proyectos-en-ejecucion tag-diagnostico tag-liderazgos tag-participacion tag-participacion-2 tag-politica-2\" role=\"listitem\">\n\t\t\t<a class=\"elementor-post__thumbnail__link\" href=\"https:\/\/mujeresmsm.org\/?p=31277\">\n\t\t\t\t<div class=\"elementor-portfolio-item__img elementor-post__thumbnail\">\n\t\t\t<img loading=\"lazy\" decoding=\"async\" width=\"1920\" height=\"1080\" src=\"https:\/\/mujeresmsm.org\/wp-content\/uploads\/2026\/03\/presentacion-mujeres-diagnostico-politica-msm.webp\" class=\"attachment-full size-full wp-image-31280\" alt=\"Presentaci\u00f3n p\u00fablica del Diagn\u00f3stico Participativo sobre Participaci\u00f3n Pol\u00edtica y Ciudadana, enfocado en la participaci\u00f3n politica\" srcset=\"https:\/\/mujeresmsm.org\/wp-content\/uploads\/2026\/03\/presentacion-mujeres-diagnostico-politica-msm.webp 1920w, https:\/\/mujeresmsm.org\/wp-content\/uploads\/2026\/03\/presentacion-mujeres-diagnostico-politica-msm-300x169.webp 300w, https:\/\/mujeresmsm.org\/wp-content\/uploads\/2026\/03\/presentacion-mujeres-diagnostico-politica-msm-1024x576.webp 1024w, https:\/\/mujeresmsm.org\/wp-content\/uploads\/2026\/03\/presentacion-mujeres-diagnostico-politica-msm-768x432.webp 768w, https:\/\/mujeresmsm.org\/wp-content\/uploads\/2026\/03\/presentacion-mujeres-diagnostico-politica-msm-1536x864.webp 1536w, https:\/\/mujeresmsm.org\/wp-content\/uploads\/2026\/03\/presentacion-mujeres-diagnostico-politica-msm-18x10.webp 18w\" sizes=\"(max-width: 1920px) 100vw, 1920px\" \/>\t\t<\/div>\n\t\t\t\t<div class=\"elementor-portfolio-item__overlay\">\n\t\t\t\t<h3 class=\"elementor-portfolio-item__title\">\n\t\tPresentan diagn\u00f3stico sobre participaci\u00f3n pol\u00edtica de mujeres\t\t<\/h3>\n\t\t\t\t<\/div>\n\t\t\t\t<\/a>\n\t\t<\/article>\n\t\t\t\t<article class=\"elementor-portfolio-item elementor-post elementor-filter-178 post-31262 post type-post status-publish format-standard has-post-thumbnail hentry category-proyectos-en-ejecucion tag-mujeres tag-seguimiento\" role=\"listitem\">\n\t\t\t<a class=\"elementor-post__thumbnail__link\" href=\"https:\/\/mujeresmsm.org\/?p=31262\">\n\t\t\t\t<div class=\"elementor-portfolio-item__img elementor-post__thumbnail\">\n\t\t\t<img loading=\"lazy\" decoding=\"async\" width=\"1920\" height=\"1080\" src=\"https:\/\/mujeresmsm.org\/wp-content\/uploads\/2026\/03\/mujeres-seguimiento-planes-sonsonate-msm-1.webp\" class=\"attachment-full size-full wp-image-31263\" alt=\"seguimiento, revisi\u00f3n y actualizaci\u00f3n de los Planes de Trabajo en las comunidades\" srcset=\"https:\/\/mujeresmsm.org\/wp-content\/uploads\/2026\/03\/mujeres-seguimiento-planes-sonsonate-msm-1.webp 1920w, https:\/\/mujeresmsm.org\/wp-content\/uploads\/2026\/03\/mujeres-seguimiento-planes-sonsonate-msm-1-300x169.webp 300w, https:\/\/mujeresmsm.org\/wp-content\/uploads\/2026\/03\/mujeres-seguimiento-planes-sonsonate-msm-1-1024x576.webp 1024w, https:\/\/mujeresmsm.org\/wp-content\/uploads\/2026\/03\/mujeres-seguimiento-planes-sonsonate-msm-1-768x432.webp 768w, https:\/\/mujeresmsm.org\/wp-content\/uploads\/2026\/03\/mujeres-seguimiento-planes-sonsonate-msm-1-1536x864.webp 1536w, https:\/\/mujeresmsm.org\/wp-content\/uploads\/2026\/03\/mujeres-seguimiento-planes-sonsonate-msm-1-18x10.webp 18w\" sizes=\"(max-width: 1920px) 100vw, 1920px\" \/>\t\t<\/div>\n\t\t\t\t<div class=\"elementor-portfolio-item__overlay\">\n\t\t\t\t<h3 class=\"elementor-portfolio-item__title\">\n\t\tSeguimiento a planes impulsa prevenci\u00f3n de la violencia\t\t<\/h3>\n\t\t\t\t<\/div>\n\t\t\t\t<\/a>\n\t\t<\/article>\n\t\t\t\t<article class=\"elementor-portfolio-item elementor-post elementor-filter-178 post-31240 post type-post status-publish format-standard has-post-thumbnail hentry category-proyectos-en-ejecucion tag-liderazgo tag-mujeres tag-proyecto\" role=\"listitem\">\n\t\t\t<a class=\"elementor-post__thumbnail__link\" href=\"https:\/\/mujeresmsm.org\/?p=31240\">\n\t\t\t\t<div class=\"elementor-portfolio-item__img elementor-post__thumbnail\">\n\t\t\t<img loading=\"lazy\" decoding=\"async\" width=\"1920\" height=\"1080\" src=\"https:\/\/mujeresmsm.org\/wp-content\/uploads\/2026\/03\/mujeres-norte-usulutan-nuevo-msm-1.webp\" class=\"attachment-full size-full wp-image-31246\" alt=\"presentaci\u00f3n p\u00fablica del proyecto \u201cMujeres y Juventudes de Usulut\u00e1n Norte, aliadas para el desarrollo comunitario y municipal\u201d\" srcset=\"https:\/\/mujeresmsm.org\/wp-content\/uploads\/2026\/03\/mujeres-norte-usulutan-nuevo-msm-1.webp 1920w, https:\/\/mujeresmsm.org\/wp-content\/uploads\/2026\/03\/mujeres-norte-usulutan-nuevo-msm-1-300x169.webp 300w, https:\/\/mujeresmsm.org\/wp-content\/uploads\/2026\/03\/mujeres-norte-usulutan-nuevo-msm-1-1024x576.webp 1024w, https:\/\/mujeresmsm.org\/wp-content\/uploads\/2026\/03\/mujeres-norte-usulutan-nuevo-msm-1-768x432.webp 768w, https:\/\/mujeresmsm.org\/wp-content\/uploads\/2026\/03\/mujeres-norte-usulutan-nuevo-msm-1-1536x864.webp 1536w, https:\/\/mujeresmsm.org\/wp-content\/uploads\/2026\/03\/mujeres-norte-usulutan-nuevo-msm-1-18x10.webp 18w\" sizes=\"(max-width: 1920px) 100vw, 1920px\" \/>\t\t<\/div>\n\t\t\t\t<div class=\"elementor-portfolio-item__overlay\">\n\t\t\t\t<h3 class=\"elementor-portfolio-item__title\">\n\t\tMSM impulsa proyecto para fortalecer liderazgos locales\t\t<\/h3>\n\t\t\t\t<\/div>\n\t\t\t\t<\/a>\n\t\t<\/article>\n\t\t\t\t<\/div>\n\t\t\t\t\t\t<\/div>\n\t\t\t\t<\/div>\n\t\t\t\t<\/div>\n\t\t\t\t\t<\/div>\n\t\t\t\t<\/div>\n\t\t<div class=\"elementor-element elementor-element-31b5c08d e-con-full e-flex wpr-particle-no wpr-jarallax-no wpr-parallax-no wpr-sticky-section-no e-con e-parent\" data-id=\"31b5c08d\" data-element_type=\"container\" data-e-type=\"container\">\n\t\t<div class=\"elementor-element elementor-element-4dfe9aa6 e-con-full e-flex wpr-particle-no wpr-jarallax-no wpr-parallax-no wpr-sticky-section-no e-con e-child\" data-id=\"4dfe9aa6\" data-element_type=\"container\" data-e-type=\"container\">\n\t\t\t\t<div class=\"elementor-element elementor-element-43ecaaa6 elementor-widget elementor-widget-image\" data-id=\"43ecaaa6\" data-element_type=\"widget\" data-e-type=\"widget\" data-widget_type=\"image.default\">\n\t\t\t\t<div class=\"elementor-widget-container\">\n\t\t\t\t\t\t\t\t\t\t\t\t\t\t\t<img loading=\"lazy\" decoding=\"async\" width=\"800\" height=\"534\" src=\"https:\/\/mujeresmsm.org\/wp-content\/uploads\/2024\/08\/IMG_1000-1024x683.jpg\" class=\"attachment-large size-large wp-image-30018\" alt=\"\" srcset=\"https:\/\/mujeresmsm.org\/wp-content\/uploads\/2024\/08\/IMG_1000-1024x683.jpg 1024w, https:\/\/mujeresmsm.org\/wp-content\/uploads\/2024\/08\/IMG_1000-300x200.jpg 300w, https:\/\/mujeresmsm.org\/wp-content\/uploads\/2024\/08\/IMG_1000-768x512.jpg 768w, https:\/\/mujeresmsm.org\/wp-content\/uploads\/2024\/08\/IMG_1000-1536x1024.jpg 1536w, https:\/\/mujeresmsm.org\/wp-content\/uploads\/2024\/08\/IMG_1000-2048x1365.jpg 2048w, https:\/\/mujeresmsm.org\/wp-content\/uploads\/2024\/08\/IMG_1000-18x12.jpg 18w\" sizes=\"(max-width: 800px) 100vw, 800px\" \/>\t\t\t\t\t\t\t\t\t\t\t\t\t\t\t<\/div>\n\t\t\t\t<\/div>\n\t\t\t\t<\/div>\n\t\t<div class=\"elementor-element elementor-element-55d70014 e-con-full e-flex wpr-particle-no wpr-jarallax-no wpr-parallax-no wpr-sticky-section-no e-con e-child\" data-id=\"55d70014\" data-element_type=\"container\" data-e-type=\"container\">\n\t\t\t\t<div class=\"elementor-element elementor-element-5278ea58 elementor-widget elementor-widget-heading\" data-id=\"5278ea58\" data-element_type=\"widget\" data-e-type=\"widget\" data-widget_type=\"heading.default\">\n\t\t\t\t<div class=\"elementor-widget-container\">\n\t\t\t\t\t<h3 class=\"elementor-heading-title elementor-size-default\">Mujeres de Mercedes Uma\u00f1a y Nueva Granada por el derecho a una vida saludable y libre de violencia<\/h3>\t\t\t\t<\/div>\n\t\t\t\t<\/div>\n\t\t\t\t<div class=\"elementor-element elementor-element-308512f9 elementor-mobile-align-center elementor-tablet-align-center elementor-widget elementor-widget-button\" data-id=\"308512f9\" data-element_type=\"widget\" data-e-type=\"widget\" data-widget_type=\"button.default\">\n\t\t\t\t<div class=\"elementor-widget-container\">\n\t\t\t\t\t\t\t\t\t<div class=\"elementor-button-wrapper\">\n\t\t\t\t\t<a class=\"elementor-button elementor-button-link elementor-size-sm\" href=\"https:\/\/mujeresmsm.org\/mujeres-mercedes-umana-nueva-granada-derecho-vida-saludable-libre-violencia\/\">\n\t\t\t\t\t\t<span class=\"elementor-button-content-wrapper\">\n\t\t\t\t\t\t\t\t\t<span class=\"elementor-button-text\">Leer m\u00e1s<\/span>\n\t\t\t\t\t<\/span>\n\t\t\t\t\t<\/a>\n\t\t\t\t<\/div>\n\t\t\t\t\t\t\t\t<\/div>\n\t\t\t\t<\/div>\n\t\t\t\t<\/div>\n\t\t\t\t<\/div>\n\t\t\t\t<\/div>\n\t\t","protected":false},"excerpt":{"rendered":"<p>PROYECTO: Empoderando a mujeres y juventudes en la prevenci\u00f3n de la violencia de g\u00e9nero en el Municipio de San Mart\u00edn Agencia de cooperaci\u00f3n: Instituto Sindicala de Cooperaci\u00f3n al Desarrollo (ISCOD) &#8211; Gobierno de Navarra \u00a0 Ubicaci\u00f3n: San Martin \u00a0 Fecha de inicio y finalizaci\u00f3n: Inicia: 07 de nov 2023 finaliza: 06 de nov 2024 (duraci\u00f3n 12 meses) \u00a0 Plazo: 1 a\u00f1o \u00a0 Mujeres de Mercedes Uma\u00f1a y Nueva Granada por el derecho a una vida saludable y libre de violencia Leer m\u00e1s<\/p>\n","protected":false},"author":1,"featured_media":29879,"parent":0,"menu_order":0,"comment_status":"closed","ping_status":"closed","template":"","meta":{"footnotes":""},"class_list":["post-29890","page","type-page","status-publish","has-post-thumbnail","hentry"],"aioseo_notices":[],"_links":{"self":[{"href":"https:\/\/mujeresmsm.org\/index.php?rest_route=\/wp\/v2\/pages\/29890","targetHints":{"allow":["GET"]}}],"collection":[{"href":"https:\/\/mujeresmsm.org\/index.php?rest_route=\/wp\/v2\/pages"}],"about":[{"href":"https:\/\/mujeresmsm.org\/index.php?rest_route=\/wp\/v2\/types\/page"}],"author":[{"embeddable":true,"href":"https:\/\/mujeresmsm.org\/index.php?rest_route=\/wp\/v2\/users\/1"}],"replies":[{"embeddable":true,"href":"https:\/\/mujeresmsm.org\/index.php?rest_route=%2Fwp%2Fv2%2Fcomments&post=29890"}],"version-history":[{"count":34,"href":"https:\/\/mujeresmsm.org\/index.php?rest_route=\/wp\/v2\/pages\/29890\/revisions"}],"predecessor-version":[{"id":30354,"href":"https:\/\/mujeresmsm.org\/index.php?rest_route=\/wp\/v2\/pages\/29890\/revisions\/30354"}],"wp:featuredmedia":[{"embeddable":true,"href":"https:\/\/mujeresmsm.org\/index.php?rest_route=\/wp\/v2\/media\/29879"}],"wp:attachment":[{"href":"https:\/\/mujeresmsm.org\/index.php?rest_route=%2Fwp%2Fv2%2Fmedia&parent=29890"}],"curies":[{"name":"wp","href":"https:\/\/api.w.org\/{rel}","templated":true}]}}