{"id":20544,"date":"2020-03-11T18:40:05","date_gmt":"2020-03-12T00:40:05","guid":{"rendered":"https:\/\/mujeresmsm.org\/?page_id=20544"},"modified":"2020-03-11T18:50:27","modified_gmt":"2020-03-12T00:50:27","slug":"reestructuracion-de-comites-de-mujeres-del-municipio-de-berlin-usulutan-de-las-comunidades-corozalpajuilar-bob-graham-talpetates-y-delicias","status":"publish","type":"page","link":"https:\/\/mujeresmsm.org\/?page_id=20544","title":{"rendered":"Reestructuraci\u00f3n de Comit\u00e9s de mujeres del Municipio de Berl\u00edn, Usulut\u00e1n de las comunidades: Corozal,Pajuilar, Bob Graham, Talpetates y Delicias."},"content":{"rendered":"<p>[vc_row css_animation=\u00bb\u00bb row_type=\u00bbrow\u00bb use_row_as_full_screen_section=\u00bbno\u00bb type=\u00bbgrid\u00bb angled_section=\u00bbno\u00bb text_align=\u00bbcenter\u00bb background_image_as_pattern=\u00bbwithout_pattern\u00bb z_index=\u00bb\u00bb][vc_column][vc_separator type=\u00bbtransparent\u00bb up=\u00bb50&#8243;][qode_advanced_image_gallery type=\u00bbcarousel\u00bb enable_image_shadow=\u00bbno\u00bb image_behavior=\u00bblightbox\u00bb space_between_items=\u00bbnormal\u00bb number_of_visible_items=\u00bb3&#8243; slider_loop=\u00bbyes\u00bb slider_autoplay=\u00bbyes\u00bb slider_navigation=\u00bbyes\u00bb slider_pagination=\u00bbno\u00bb images=\u00bb20545,20546,20547,20548,20549,20550&#8243; image_size=\u00bbthumbnail\u00bb][vc_separator type=\u00bbtransparent\u00bb up=\u00bb50&#8243;][\/vc_column][\/vc_row]<\/p>\n","protected":false},"excerpt":{"rendered":"<p>[vc_row css_animation=\u00bb\u00bb row_type=\u00bbrow\u00bb use_row_as_full_screen_section=\u00bbno\u00bb type=\u00bbgrid\u00bb angled_section=\u00bbno\u00bb text_align=\u00bbcenter\u00bb background_image_as_pattern=\u00bbwithout_pattern\u00bb z_index=\u00bb\u00bb][vc_column][vc_separator type=\u00bbtransparent\u00bb up=\u00bb50&#8243;][qode_advanced_image_gallery type=\u00bbcarousel\u00bb enable_image_shadow=\u00bbno\u00bb image_behavior=\u00bblightbox\u00bb space_between_items=\u00bbnormal\u00bb number_of_visible_items=\u00bb3&#8243; slider_loop=\u00bbyes\u00bb slider_autoplay=\u00bbyes\u00bb slider_navigation=\u00bbyes\u00bb slider_pagination=\u00bbno\u00bb images=\u00bb20545,20546,20547,20548,20549,20550&#8243; image_size=\u00bbthumbnail\u00bb][vc_separator type=\u00bbtransparent\u00bb up=\u00bb50&#8243;][\/vc_column][\/vc_row]<\/p>\n","protected":false},"author":1,"featured_media":0,"parent":0,"menu_order":0,"comment_status":"closed","ping_status":"closed","template":"full_width.php","meta":{"footnotes":""},"class_list":["post-20544","page","type-page","status-publish","hentry"],"aioseo_notices":[],"_links":{"self":[{"href":"https:\/\/mujeresmsm.org\/index.php?rest_route=\/wp\/v2\/pages\/20544","targetHints":{"allow":["GET"]}}],"collection":[{"href":"https:\/\/mujeresmsm.org\/index.php?rest_route=\/wp\/v2\/pages"}],"about":[{"href":"https:\/\/mujeresmsm.org\/index.php?rest_route=\/wp\/v2\/types\/page"}],"author":[{"embeddable":true,"href":"https:\/\/mujeresmsm.org\/index.php?rest_route=\/wp\/v2\/users\/1"}],"replies":[{"embeddable":true,"href":"https:\/\/mujeresmsm.org\/index.php?rest_route=%2Fwp%2Fv2%2Fcomments&post=20544"}],"version-history":[{"count":2,"href":"https:\/\/mujeresmsm.org\/index.php?rest_route=\/wp\/v2\/pages\/20544\/revisions"}],"predecessor-version":[{"id":20553,"href":"https:\/\/mujeresmsm.org\/index.php?rest_route=\/wp\/v2\/pages\/20544\/revisions\/20553"}],"wp:attachment":[{"href":"https:\/\/mujeresmsm.org\/index.php?rest_route=%2Fwp%2Fv2%2Fmedia&parent=20544"}],"curies":[{"name":"wp","href":"https:\/\/api.w.org\/{rel}","templated":true}]}}