{"id":20136,"date":"2019-12-16T21:56:37","date_gmt":"2019-12-17T03:56:37","guid":{"rendered":"https:\/\/mujeresmsm.org\/?page_id=20136"},"modified":"2019-12-16T21:56:37","modified_gmt":"2019-12-17T03:56:37","slug":"casa-comunal-del-caserio-la-ceiba-con-un-60-de-avance-en-la-construccion","status":"publish","type":"page","link":"https:\/\/mujeresmsm.org\/?page_id=20136","title":{"rendered":"Casa Comunal del Caser\u00edo La Ceiba con un 60% de avance en la construcci\u00f3n"},"content":{"rendered":"<p>[vc_row css_animation=\u00bb\u00bb row_type=\u00bbrow\u00bb use_row_as_full_screen_section=\u00bbno\u00bb type=\u00bbgrid\u00bb angled_section=\u00bbno\u00bb text_align=\u00bbcenter\u00bb background_image_as_pattern=\u00bbwithout_pattern\u00bb z_index=\u00bb\u00bb][vc_column][vc_separator type=\u00bbtransparent\u00bb up=\u00bb50&#8243;][vc_column_text]<\/p>\n<p style=\"text-align: left;\">La Casa Comunal del Caser\u00edo La Ceiba del Cant\u00f3n Acachapa Ishuatan con un 60% de avance en la construcci\u00f3n, apoyado por Proclade, Equipo de MSM y la Comunidad Organizada.<\/p>\n<p>[\/vc_column_text][vc_separator type=\u00bbtransparent\u00bb up=\u00bb50&#8243;][qode_advanced_image_gallery type=\u00bbcarousel\u00bb enable_image_shadow=\u00bbno\u00bb image_behavior=\u00bblightbox\u00bb space_between_items=\u00bbnormal\u00bb number_of_visible_items=\u00bb4&#8243; slider_loop=\u00bbyes\u00bb slider_autoplay=\u00bbyes\u00bb slider_navigation=\u00bbyes\u00bb slider_pagination=\u00bbno\u00bb image_size=\u00bbthumbnail\u00bb images=\u00bb20137,20138,20139&#8243;][vc_separator type=\u00bbtransparent\u00bb up=\u00bb50&#8243;][\/vc_column][\/vc_row]<\/p>\n","protected":false},"excerpt":{"rendered":"<p>[vc_row css_animation=\u00bb\u00bb row_type=\u00bbrow\u00bb use_row_as_full_screen_section=\u00bbno\u00bb type=\u00bbgrid\u00bb angled_section=\u00bbno\u00bb text_align=\u00bbcenter\u00bb background_image_as_pattern=\u00bbwithout_pattern\u00bb z_index=\u00bb\u00bb][vc_column][vc_separator type=\u00bbtransparent\u00bb up=\u00bb50&#8243;][vc_column_text] La Casa Comunal del Caser\u00edo La Ceiba del Cant\u00f3n Acachapa Ishuatan con un 60% de avance en la construcci\u00f3n, apoyado por Proclade, Equipo de MSM y la Comunidad Organizada. [\/vc_column_text][vc_separator type=\u00bbtransparent\u00bb up=\u00bb50&#8243;][qode_advanced_image_gallery type=\u00bbcarousel\u00bb enable_image_shadow=\u00bbno\u00bb image_behavior=\u00bblightbox\u00bb space_between_items=\u00bbnormal\u00bb number_of_visible_items=\u00bb4&#8243; slider_loop=\u00bbyes\u00bb slider_autoplay=\u00bbyes\u00bb slider_navigation=\u00bbyes\u00bb slider_pagination=\u00bbno\u00bb image_size=\u00bbthumbnail\u00bb images=\u00bb20137,20138,20139&#8243;][vc_separator type=\u00bbtransparent\u00bb up=\u00bb50&#8243;][\/vc_column][\/vc_row]<\/p>\n","protected":false},"author":1,"featured_media":0,"parent":0,"menu_order":0,"comment_status":"closed","ping_status":"closed","template":"full_width.php","meta":{"footnotes":""},"class_list":["post-20136","page","type-page","status-publish","hentry"],"aioseo_notices":[],"_links":{"self":[{"href":"https:\/\/mujeresmsm.org\/index.php?rest_route=\/wp\/v2\/pages\/20136","targetHints":{"allow":["GET"]}}],"collection":[{"href":"https:\/\/mujeresmsm.org\/index.php?rest_route=\/wp\/v2\/pages"}],"about":[{"href":"https:\/\/mujeresmsm.org\/index.php?rest_route=\/wp\/v2\/types\/page"}],"author":[{"embeddable":true,"href":"https:\/\/mujeresmsm.org\/index.php?rest_route=\/wp\/v2\/users\/1"}],"replies":[{"embeddable":true,"href":"https:\/\/mujeresmsm.org\/index.php?rest_route=%2Fwp%2Fv2%2Fcomments&post=20136"}],"version-history":[{"count":2,"href":"https:\/\/mujeresmsm.org\/index.php?rest_route=\/wp\/v2\/pages\/20136\/revisions"}],"predecessor-version":[{"id":20141,"href":"https:\/\/mujeresmsm.org\/index.php?rest_route=\/wp\/v2\/pages\/20136\/revisions\/20141"}],"wp:attachment":[{"href":"https:\/\/mujeresmsm.org\/index.php?rest_route=%2Fwp%2Fv2%2Fmedia&parent=20136"}],"curies":[{"name":"wp","href":"https:\/\/api.w.org\/{rel}","templated":true}]}}