{"id":19451,"date":"2019-12-01T20:37:56","date_gmt":"2019-12-02T02:37:56","guid":{"rendered":"https:\/\/mujeresmsm.org\/?page_id=19451"},"modified":"2019-12-01T20:41:25","modified_gmt":"2019-12-02T02:41:25","slug":"inicia-el-1er-modulo-del-diplomado-en-participacion-ciudadana-a-mujeres-de-la-ventana-ciudadana-de-6-municipios-del-departamento-de-usulutan","status":"publish","type":"page","link":"https:\/\/mujeresmsm.org\/?page_id=19451","title":{"rendered":"Inicia el 1er. m\u00f3dulo del diplomado en participaci\u00f3n ciudadana a mujeres de la ventana ciudadana de 6 municipios del Departamento de Usulut\u00e1n."},"content":{"rendered":"<p>[vc_row css_animation=\u00bb\u00bb row_type=\u00bbrow\u00bb use_row_as_full_screen_section=\u00bbno\u00bb type=\u00bbgrid\u00bb angled_section=\u00bbno\u00bb text_align=\u00bbcenter\u00bb background_image_as_pattern=\u00bbwithout_pattern\u00bb z_index=\u00bb\u00bb][vc_column][vc_separator type=\u00bbtransparent\u00bb up=\u00bb50&#8243;][qode_advanced_image_gallery type=\u00bbcarousel\u00bb enable_image_shadow=\u00bbno\u00bb image_behavior=\u00bblightbox\u00bb space_between_items=\u00bbnormal\u00bb number_of_visible_items=\u00bb3&#8243; slider_loop=\u00bbyes\u00bb slider_autoplay=\u00bbyes\u00bb slider_navigation=\u00bbyes\u00bb slider_pagination=\u00bbno\u00bb images=\u00bb19453,19454,19455,19456&#8243; image_size=\u00bbthumbnail\u00bb][vc_separator type=\u00bbtransparent\u00bb up=\u00bb50&#8243;][\/vc_column][\/vc_row]<\/p>\n","protected":false},"excerpt":{"rendered":"<p>[vc_row css_animation=\u00bb\u00bb row_type=\u00bbrow\u00bb use_row_as_full_screen_section=\u00bbno\u00bb type=\u00bbgrid\u00bb angled_section=\u00bbno\u00bb text_align=\u00bbcenter\u00bb background_image_as_pattern=\u00bbwithout_pattern\u00bb z_index=\u00bb\u00bb][vc_column][vc_separator type=\u00bbtransparent\u00bb up=\u00bb50&#8243;][qode_advanced_image_gallery type=\u00bbcarousel\u00bb enable_image_shadow=\u00bbno\u00bb image_behavior=\u00bblightbox\u00bb space_between_items=\u00bbnormal\u00bb number_of_visible_items=\u00bb3&#8243; slider_loop=\u00bbyes\u00bb slider_autoplay=\u00bbyes\u00bb slider_navigation=\u00bbyes\u00bb slider_pagination=\u00bbno\u00bb images=\u00bb19453,19454,19455,19456&#8243; image_size=\u00bbthumbnail\u00bb][vc_separator type=\u00bbtransparent\u00bb up=\u00bb50&#8243;][\/vc_column][\/vc_row]<\/p>\n","protected":false},"author":1,"featured_media":0,"parent":0,"menu_order":0,"comment_status":"closed","ping_status":"closed","template":"full_width.php","meta":{"footnotes":""},"class_list":["post-19451","page","type-page","status-publish","hentry"],"aioseo_notices":[],"_links":{"self":[{"href":"https:\/\/mujeresmsm.org\/index.php?rest_route=\/wp\/v2\/pages\/19451","targetHints":{"allow":["GET"]}}],"collection":[{"href":"https:\/\/mujeresmsm.org\/index.php?rest_route=\/wp\/v2\/pages"}],"about":[{"href":"https:\/\/mujeresmsm.org\/index.php?rest_route=\/wp\/v2\/types\/page"}],"author":[{"embeddable":true,"href":"https:\/\/mujeresmsm.org\/index.php?rest_route=\/wp\/v2\/users\/1"}],"replies":[{"embeddable":true,"href":"https:\/\/mujeresmsm.org\/index.php?rest_route=%2Fwp%2Fv2%2Fcomments&post=19451"}],"version-history":[{"count":4,"href":"https:\/\/mujeresmsm.org\/index.php?rest_route=\/wp\/v2\/pages\/19451\/revisions"}],"predecessor-version":[{"id":19464,"href":"https:\/\/mujeresmsm.org\/index.php?rest_route=\/wp\/v2\/pages\/19451\/revisions\/19464"}],"wp:attachment":[{"href":"https:\/\/mujeresmsm.org\/index.php?rest_route=%2Fwp%2Fv2%2Fmedia&parent=19451"}],"curies":[{"name":"wp","href":"https:\/\/api.w.org\/{rel}","templated":true}]}}