{"id":30671,"date":"2025-03-13T15:49:28","date_gmt":"2025-03-13T21:49:28","guid":{"rendered":"https:\/\/mujeresmsm.org\/?page_id=30671"},"modified":"2025-03-13T15:59:04","modified_gmt":"2025-03-13T21:59:04","slug":"mujeres-diversas-de-izalco-activas-por-sus-derechos","status":"publish","type":"page","link":"https:\/\/mujeresmsm.org\/en\/mujeres-diversas-de-izalco-activas-por-sus-derechos\/","title":{"rendered":"Mujeres Diversas de Izalco, Activas por sus Derechos"},"content":{"rendered":"<div data-elementor-type=\"wp-page\" data-elementor-id=\"30671\" class=\"elementor elementor-30671\" data-elementor-post-type=\"page\">\n\t\t\t\t<div class=\"elementor-element elementor-element-7f5caa86 e-flex e-con-boxed wpr-particle-no wpr-jarallax-no wpr-parallax-no wpr-sticky-section-no wpr-column-slider-no wpr-equal-height-no e-con e-parent\" data-id=\"7f5caa86\" data-element_type=\"container\" data-e-type=\"container\">\n\t\t\t\t\t<div class=\"e-con-inner\">\n\t\t\t\t<div class=\"elementor-element elementor-element-61797af7 elementor-widget elementor-widget-text-editor\" data-id=\"61797af7\" data-element_type=\"widget\" data-e-type=\"widget\" data-widget_type=\"text-editor.default\">\n\t\t\t\t<div class=\"elementor-widget-container\">\n\t\t\t\t\t\t\t\t\t\n<p><\/p>\n\n\n\n<p><\/p>\n\t\t\t\t\t\t\t\t<\/div>\n\t\t\t\t<\/div>\n\t\t\t\t\t<\/div>\n\t\t\t\t<\/div>\n\t\t<div class=\"elementor-element elementor-element-60bb639 e-flex e-con-boxed wpr-particle-no wpr-jarallax-no wpr-parallax-no wpr-sticky-section-no wpr-column-slider-no wpr-equal-height-no e-con e-parent\" data-id=\"60bb639\" data-element_type=\"container\" data-e-type=\"container\">\n\t\t\t\t\t<div class=\"e-con-inner\">\n\t\t<div class=\"elementor-element elementor-element-1b736d3 e-con-full e-flex wpr-particle-no wpr-jarallax-no wpr-parallax-no wpr-sticky-section-no wpr-column-slider-no wpr-equal-height-no e-con e-child\" data-id=\"1b736d3\" data-element_type=\"container\" data-e-type=\"container\">\n\t\t\t\t<div class=\"elementor-element elementor-element-1d8b63f elementor-widget elementor-widget-text-editor\" data-id=\"1d8b63f\" data-element_type=\"widget\" data-e-type=\"widget\" data-widget_type=\"text-editor.default\">\n\t\t\t\t<div class=\"elementor-widget-container\">\n\t\t\t\t\t\t\t\t\t<p><strong>Agencia de cooperaci\u00f3n:<\/strong><\/p>\n<ul>\n<li>Fundaci\u00f3n Proclade Yanapay y Gobierno de Navarra<\/li>\n<\/ul>\n<p><strong>Ubicaci\u00f3n:<\/strong><\/p>\n<ul>\n<li>Izalco \u2013 Sonsonate<\/li>\n<\/ul>\n<p><strong>Fecha de inicio y finalizaci\u00f3n:<\/strong><\/p>\n<ul>\n<li>\n<p>Inicia: Noviembre 2024<\/p>\n<\/li>\n<li>\n<p>Finaliza: Noviembre 2025<\/p>\n<\/li>\n<\/ul>\n<p><strong>Plazo:<\/strong><\/p>\n<ul>\n<li>1 A\u00f1o<\/li>\n<\/ul>\t\t\t\t\t\t\t\t<\/div>\n\t\t\t\t<\/div>\n\t\t\t\t<\/div>\n\t\t<div class=\"elementor-element elementor-element-b5a749d e-con-full e-flex wpr-particle-no wpr-jarallax-no wpr-parallax-no wpr-sticky-section-no wpr-column-slider-no wpr-equal-height-no e-con e-child\" data-id=\"b5a749d\" data-element_type=\"container\" data-e-type=\"container\">\n\t\t\t\t<div class=\"elementor-element elementor-element-7f2b975 elementor-widget elementor-widget-gallery\" data-id=\"7f2b975\" data-element_type=\"widget\" data-e-type=\"widget\" data-settings=\"{&quot;lazyload&quot;:&quot;yes&quot;,&quot;gallery_layout&quot;:&quot;grid&quot;,&quot;columns&quot;:4,&quot;columns_tablet&quot;:2,&quot;columns_mobile&quot;:1,&quot;gap&quot;:{&quot;unit&quot;:&quot;px&quot;,&quot;size&quot;:10,&quot;sizes&quot;:[]},&quot;gap_tablet&quot;:{&quot;unit&quot;:&quot;px&quot;,&quot;size&quot;:10,&quot;sizes&quot;:[]},&quot;gap_mobile&quot;:{&quot;unit&quot;:&quot;px&quot;,&quot;size&quot;:10,&quot;sizes&quot;:[]},&quot;link_to&quot;:&quot;file&quot;,&quot;aspect_ratio&quot;:&quot;3:2&quot;,&quot;overlay_background&quot;:&quot;yes&quot;,&quot;content_hover_animation&quot;:&quot;fade-in&quot;}\" data-widget_type=\"gallery.default\">\n\t\t\t\t<div class=\"elementor-widget-container\">\n\t\t\t\t\t\t\t<div class=\"elementor-gallery__container\">\n\t\t\t\t\t\t\t<a class=\"e-gallery-item elementor-gallery-item elementor-animated-content\" href=\"https:\/\/mujeresmsm.org\/wp-content\/uploads\/2025\/03\/IMG-20250227-WA0193.jpg\" data-elementor-open-lightbox=\"yes\" data-elementor-lightbox-slideshow=\"7f2b975\" data-elementor-lightbox-title=\"IMG-20250227-WA0193\" data-e-action-hash=\"#elementor-action%3Aaction%3Dlightbox%26settings%3DeyJpZCI6MzA1ODAsInVybCI6Imh0dHBzOlwvXC9tdWplcmVzbXNtLm9yZ1wvd3AtY29udGVudFwvdXBsb2Fkc1wvMjAyNVwvMDNcL0lNRy0yMDI1MDIyNy1XQTAxOTMuanBnIiwic2xpZGVzaG93IjoiN2YyYjk3NSJ9\">\n\t\t\t\t\t<div class=\"e-gallery-image elementor-gallery-item__image\" data-thumbnail=\"https:\/\/mujeresmsm.org\/wp-content\/uploads\/2025\/03\/IMG-20250227-WA0193-300x225.jpg\" data-width=\"300\" data-height=\"225\" aria-label=\"\" role=\"img\" ><\/div>\n\t\t\t\t\t\t\t\t\t\t\t<div class=\"elementor-gallery-item__overlay\"><\/div>\n\t\t\t\t\t\t\t\t\t\t\t\t\t\t<\/a>\n\t\t\t\t\t\t\t<a class=\"e-gallery-item elementor-gallery-item elementor-animated-content\" href=\"https:\/\/mujeresmsm.org\/wp-content\/uploads\/2025\/03\/IMG-20250227-WA0194.jpg\" data-elementor-open-lightbox=\"yes\" data-elementor-lightbox-slideshow=\"7f2b975\" data-elementor-lightbox-title=\"IMG-20250227-WA0194\" data-e-action-hash=\"#elementor-action%3Aaction%3Dlightbox%26settings%3DeyJpZCI6MzA1ODEsInVybCI6Imh0dHBzOlwvXC9tdWplcmVzbXNtLm9yZ1wvd3AtY29udGVudFwvdXBsb2Fkc1wvMjAyNVwvMDNcL0lNRy0yMDI1MDIyNy1XQTAxOTQuanBnIiwic2xpZGVzaG93IjoiN2YyYjk3NSJ9\">\n\t\t\t\t\t<div class=\"e-gallery-image elementor-gallery-item__image\" data-thumbnail=\"https:\/\/mujeresmsm.org\/wp-content\/uploads\/2025\/03\/IMG-20250227-WA0194-300x225.jpg\" data-width=\"300\" data-height=\"225\" aria-label=\"\" role=\"img\" ><\/div>\n\t\t\t\t\t\t\t\t\t\t\t<div class=\"elementor-gallery-item__overlay\"><\/div>\n\t\t\t\t\t\t\t\t\t\t\t\t\t\t<\/a>\n\t\t\t\t\t\t\t<a class=\"e-gallery-item elementor-gallery-item elementor-animated-content\" href=\"https:\/\/mujeresmsm.org\/wp-content\/uploads\/2025\/03\/IMG-20250227-WA0191.jpg\" data-elementor-open-lightbox=\"yes\" data-elementor-lightbox-slideshow=\"7f2b975\" data-elementor-lightbox-title=\"IMG-20250227-WA0191\" data-e-action-hash=\"#elementor-action%3Aaction%3Dlightbox%26settings%3DeyJpZCI6MzA1ODIsInVybCI6Imh0dHBzOlwvXC9tdWplcmVzbXNtLm9yZ1wvd3AtY29udGVudFwvdXBsb2Fkc1wvMjAyNVwvMDNcL0lNRy0yMDI1MDIyNy1XQTAxOTEuanBnIiwic2xpZGVzaG93IjoiN2YyYjk3NSJ9\">\n\t\t\t\t\t<div class=\"e-gallery-image elementor-gallery-item__image\" data-thumbnail=\"https:\/\/mujeresmsm.org\/wp-content\/uploads\/2025\/03\/IMG-20250227-WA0191-300x225.jpg\" data-width=\"300\" data-height=\"225\" aria-label=\"\" role=\"img\" ><\/div>\n\t\t\t\t\t\t\t\t\t\t\t<div class=\"elementor-gallery-item__overlay\"><\/div>\n\t\t\t\t\t\t\t\t\t\t\t\t\t\t<\/a>\n\t\t\t\t\t\t\t<a class=\"e-gallery-item elementor-gallery-item elementor-animated-content\" href=\"https:\/\/mujeresmsm.org\/wp-content\/uploads\/2025\/03\/IMG-20250227-WA0186.jpg\" data-elementor-open-lightbox=\"yes\" data-elementor-lightbox-slideshow=\"7f2b975\" data-elementor-lightbox-title=\"IMG-20250227-WA0186\" data-e-action-hash=\"#elementor-action%3Aaction%3Dlightbox%26settings%3DeyJpZCI6MzA1ODMsInVybCI6Imh0dHBzOlwvXC9tdWplcmVzbXNtLm9yZ1wvd3AtY29udGVudFwvdXBsb2Fkc1wvMjAyNVwvMDNcL0lNRy0yMDI1MDIyNy1XQTAxODYuanBnIiwic2xpZGVzaG93IjoiN2YyYjk3NSJ9\">\n\t\t\t\t\t<div class=\"e-gallery-image elementor-gallery-item__image\" data-thumbnail=\"https:\/\/mujeresmsm.org\/wp-content\/uploads\/2025\/03\/IMG-20250227-WA0186-300x225.jpg\" data-width=\"300\" data-height=\"225\" aria-label=\"\" role=\"img\" ><\/div>\n\t\t\t\t\t\t\t\t\t\t\t<div class=\"elementor-gallery-item__overlay\"><\/div>\n\t\t\t\t\t\t\t\t\t\t\t\t\t\t<\/a>\n\t\t\t\t\t\t\t<a class=\"e-gallery-item elementor-gallery-item elementor-animated-content\" href=\"https:\/\/mujeresmsm.org\/wp-content\/uploads\/2025\/03\/IMG-20250228-WA0187.jpg\" data-elementor-open-lightbox=\"yes\" data-elementor-lightbox-slideshow=\"7f2b975\" data-elementor-lightbox-title=\"IMG-20250228-WA0187\" data-e-action-hash=\"#elementor-action%3Aaction%3Dlightbox%26settings%3DeyJpZCI6MzA1ODQsInVybCI6Imh0dHBzOlwvXC9tdWplcmVzbXNtLm9yZ1wvd3AtY29udGVudFwvdXBsb2Fkc1wvMjAyNVwvMDNcL0lNRy0yMDI1MDIyOC1XQTAxODcuanBnIiwic2xpZGVzaG93IjoiN2YyYjk3NSJ9\">\n\t\t\t\t\t<div class=\"e-gallery-image elementor-gallery-item__image\" data-thumbnail=\"https:\/\/mujeresmsm.org\/wp-content\/uploads\/2025\/03\/IMG-20250228-WA0187-300x225.jpg\" data-width=\"300\" data-height=\"225\" aria-label=\"\" role=\"img\" ><\/div>\n\t\t\t\t\t\t\t\t\t\t\t<div class=\"elementor-gallery-item__overlay\"><\/div>\n\t\t\t\t\t\t\t\t\t\t\t\t\t\t<\/a>\n\t\t\t\t\t\t\t<a class=\"e-gallery-item elementor-gallery-item elementor-animated-content\" href=\"https:\/\/mujeresmsm.org\/wp-content\/uploads\/2025\/03\/IMG-20250228-WA0188.jpg\" data-elementor-open-lightbox=\"yes\" data-elementor-lightbox-slideshow=\"7f2b975\" data-elementor-lightbox-title=\"IMG-20250228-WA0188\" data-e-action-hash=\"#elementor-action%3Aaction%3Dlightbox%26settings%3DeyJpZCI6MzA1ODUsInVybCI6Imh0dHBzOlwvXC9tdWplcmVzbXNtLm9yZ1wvd3AtY29udGVudFwvdXBsb2Fkc1wvMjAyNVwvMDNcL0lNRy0yMDI1MDIyOC1XQTAxODguanBnIiwic2xpZGVzaG93IjoiN2YyYjk3NSJ9\">\n\t\t\t\t\t<div class=\"e-gallery-image elementor-gallery-item__image\" data-thumbnail=\"https:\/\/mujeresmsm.org\/wp-content\/uploads\/2025\/03\/IMG-20250228-WA0188-300x225.jpg\" data-width=\"300\" data-height=\"225\" aria-label=\"\" role=\"img\" ><\/div>\n\t\t\t\t\t\t\t\t\t\t\t<div class=\"elementor-gallery-item__overlay\"><\/div>\n\t\t\t\t\t\t\t\t\t\t\t\t\t\t<\/a>\n\t\t\t\t\t<\/div>\n\t\t\t\t\t<\/div>\n\t\t\t\t<\/div>\n\t\t\t\t<\/div>\n\t\t\t\t\t<\/div>\n\t\t\t\t<\/div>\n\t\t\t\t<\/div>","protected":false},"excerpt":{"rendered":"<p>Agencia de cooperaci\u00f3n: Fundaci\u00f3n Proclade Yanapay y Gobierno de Navarra Ubicaci\u00f3n: Izalco \u2013 Sonsonate Fecha de inicio y finalizaci\u00f3n: Inicia: Noviembre 2024 Finaliza: Noviembre 2025 Plazo: 1 A\u00f1o<\/p>","protected":false},"author":1,"featured_media":30580,"parent":0,"menu_order":0,"comment_status":"closed","ping_status":"closed","template":"","meta":{"footnotes":""},"class_list":["post-30671","page","type-page","status-publish","has-post-thumbnail","hentry"],"aioseo_notices":[],"_links":{"self":[{"href":"https:\/\/mujeresmsm.org\/en\/wp-json\/wp\/v2\/pages\/30671","targetHints":{"allow":["GET"]}}],"collection":[{"href":"https:\/\/mujeresmsm.org\/en\/wp-json\/wp\/v2\/pages"}],"about":[{"href":"https:\/\/mujeresmsm.org\/en\/wp-json\/wp\/v2\/types\/page"}],"author":[{"embeddable":true,"href":"https:\/\/mujeresmsm.org\/en\/wp-json\/wp\/v2\/users\/1"}],"replies":[{"embeddable":true,"href":"https:\/\/mujeresmsm.org\/en\/wp-json\/wp\/v2\/comments?post=30671"}],"version-history":[{"count":8,"href":"https:\/\/mujeresmsm.org\/en\/wp-json\/wp\/v2\/pages\/30671\/revisions"}],"predecessor-version":[{"id":30679,"href":"https:\/\/mujeresmsm.org\/en\/wp-json\/wp\/v2\/pages\/30671\/revisions\/30679"}],"wp:featuredmedia":[{"embeddable":true,"href":"https:\/\/mujeresmsm.org\/en\/wp-json\/wp\/v2\/media\/30580"}],"wp:attachment":[{"href":"https:\/\/mujeresmsm.org\/en\/wp-json\/wp\/v2\/media?parent=30671"}],"curies":[{"name":"wp","href":"https:\/\/api.w.org\/{rel}","templated":true}]}}