{"id":30236,"date":"2024-08-02T06:27:58","date_gmt":"2024-08-02T12:27:58","guid":{"rendered":"https:\/\/mujeresmsm.org\/?page_id=30236"},"modified":"2025-03-13T15:46:41","modified_gmt":"2025-03-13T21:46:41","slug":"proyecto-tejiendo-redes-esperanza-empoderamiento-mujeres-juventudes-defensa-ejercicio-derechos-humanos-seguridad-alimentaria-derecho-vida-libre-violencia-municipio-cuisnahuat","status":"publish","type":"page","link":"https:\/\/mujeresmsm.org\/en\/proyecto-tejiendo-redes-esperanza-empoderamiento-mujeres-juventudes-defensa-ejercicio-derechos-humanos-seguridad-alimentaria-derecho-vida-libre-violencia-municipio-cuisnahuat\/","title":{"rendered":"Mujeres\u00a0y juventudes de Jiquilisco por el derecho a una vida saludable y libre de violencia (El Salvador)"},"content":{"rendered":"<div data-elementor-type=\"wp-page\" data-elementor-id=\"30236\" class=\"elementor elementor-30236\" data-elementor-post-type=\"page\">\n\t\t\t\t<div class=\"elementor-element elementor-element-25f34522 e-flex e-con-boxed wpr-particle-no wpr-jarallax-no wpr-parallax-no wpr-sticky-section-no wpr-column-slider-no wpr-equal-height-no e-con e-parent\" data-id=\"25f34522\" data-element_type=\"container\" data-e-type=\"container\">\n\t\t\t\t\t<div class=\"e-con-inner\">\n\t\t\t\t<div class=\"elementor-element elementor-element-aefc20e elementor-widget elementor-widget-text-editor\" data-id=\"aefc20e\" data-element_type=\"widget\" data-e-type=\"widget\" data-widget_type=\"text-editor.default\">\n\t\t\t\t<div class=\"elementor-widget-container\">\n\t\t\t\t\t\t\t\t\t<p>PROYECTO:<\/p>\t\t\t\t\t\t\t\t<\/div>\n\t\t\t\t<\/div>\n\t\t\t\t<div class=\"elementor-element elementor-element-33a9eb4e elementor-widget elementor-widget-heading\" data-id=\"33a9eb4e\" data-element_type=\"widget\" data-e-type=\"widget\" data-widget_type=\"heading.default\">\n\t\t\t\t<div class=\"elementor-widget-container\">\n\t\t\t\t\t<h2 class=\"elementor-heading-title elementor-size-default\">Mujeres y juventudes de Jiquilisco por el derecho a una vida saludable y libre de violencia (El Salvador)<\/h2>\t\t\t\t<\/div>\n\t\t\t\t<\/div>\n\t\t\t\t\t<\/div>\n\t\t\t\t<\/div>\n\t\t<div class=\"elementor-element elementor-element-6392978d e-flex e-con-boxed wpr-particle-no wpr-jarallax-no wpr-parallax-no wpr-sticky-section-no wpr-column-slider-no wpr-equal-height-no e-con e-parent\" data-id=\"6392978d\" data-element_type=\"container\" data-e-type=\"container\">\n\t\t\t\t\t<div class=\"e-con-inner\">\n\t\t<div class=\"elementor-element elementor-element-bea8d82 e-con-full e-flex wpr-particle-no wpr-jarallax-no wpr-parallax-no wpr-sticky-section-no wpr-column-slider-no wpr-equal-height-no e-con e-child\" data-id=\"bea8d82\" data-element_type=\"container\" data-e-type=\"container\">\n\t\t\t\t<div class=\"elementor-element elementor-element-da6b7f9 elementor-widget elementor-widget-text-editor\" data-id=\"da6b7f9\" data-element_type=\"widget\" data-e-type=\"widget\" data-widget_type=\"text-editor.default\">\n\t\t\t\t<div class=\"elementor-widget-container\">\n\t\t\t\t\t\t\t\t\t<p><strong>Agencia de cooperaci\u00f3n:<\/strong><\/p><ul><li>Fundaci\u00f3n Proclade Yanapay<\/li><\/ul><p><strong>Ubicaci\u00f3n:<\/strong><\/p><ul><li>Jiquilisco &#8211; Usulut\u00e1n<\/li><\/ul><p><strong>Fecha de inicio y finalizaci\u00f3n:<\/strong><\/p><ul><li><p>Inicia: Diciembre 2023<\/p><\/li><li><p>Finaliza: Diciembre 2025<\/p><\/li><\/ul><p><strong>Plazo:<\/strong><\/p><ul><li>2 A\u00f1os<\/li><\/ul>\t\t\t\t\t\t\t\t<\/div>\n\t\t\t\t<\/div>\n\t\t\t\t<\/div>\n\t\t<div class=\"elementor-element elementor-element-5adee3c9 e-con-full e-flex wpr-particle-no wpr-jarallax-no wpr-parallax-no wpr-sticky-section-no wpr-column-slider-no wpr-equal-height-no e-con e-child\" data-id=\"5adee3c9\" data-element_type=\"container\" data-e-type=\"container\">\n\t\t\t\t<div class=\"elementor-element elementor-element-a51e794 elementor-widget elementor-widget-gallery\" data-id=\"a51e794\" data-element_type=\"widget\" data-e-type=\"widget\" data-settings=\"{&quot;lazyload&quot;:&quot;yes&quot;,&quot;gallery_layout&quot;:&quot;grid&quot;,&quot;columns&quot;:4,&quot;columns_tablet&quot;:2,&quot;columns_mobile&quot;:1,&quot;gap&quot;:{&quot;unit&quot;:&quot;px&quot;,&quot;size&quot;:10,&quot;sizes&quot;:[]},&quot;gap_tablet&quot;:{&quot;unit&quot;:&quot;px&quot;,&quot;size&quot;:10,&quot;sizes&quot;:[]},&quot;gap_mobile&quot;:{&quot;unit&quot;:&quot;px&quot;,&quot;size&quot;:10,&quot;sizes&quot;:[]},&quot;link_to&quot;:&quot;file&quot;,&quot;aspect_ratio&quot;:&quot;3:2&quot;,&quot;overlay_background&quot;:&quot;yes&quot;,&quot;content_hover_animation&quot;:&quot;fade-in&quot;}\" data-widget_type=\"gallery.default\">\n\t\t\t\t<div class=\"elementor-widget-container\">\n\t\t\t\t\t\t\t<div class=\"elementor-gallery__container\">\n\t\t\t\t\t\t\t<a class=\"e-gallery-item elementor-gallery-item elementor-animated-content\" href=\"https:\/\/mujeresmsm.org\/wp-content\/uploads\/2025\/03\/IMG-20250213-WA0123.jpg\" data-elementor-open-lightbox=\"yes\" data-elementor-lightbox-slideshow=\"a51e794\" data-elementor-lightbox-title=\"IMG-20250213-WA0123\" data-e-action-hash=\"#elementor-action%3Aaction%3Dlightbox%26settings%3DeyJpZCI6MzA2NDAsInVybCI6Imh0dHBzOlwvXC9tdWplcmVzbXNtLm9yZ1wvd3AtY29udGVudFwvdXBsb2Fkc1wvMjAyNVwvMDNcL0lNRy0yMDI1MDIxMy1XQTAxMjMuanBnIiwic2xpZGVzaG93IjoiYTUxZTc5NCJ9\">\n\t\t\t\t\t<div class=\"e-gallery-image elementor-gallery-item__image\" data-thumbnail=\"https:\/\/mujeresmsm.org\/wp-content\/uploads\/2025\/03\/IMG-20250213-WA0123-300x225.jpg\" data-width=\"300\" data-height=\"225\" aria-label=\"\" role=\"img\" ><\/div>\n\t\t\t\t\t\t\t\t\t\t\t<div class=\"elementor-gallery-item__overlay\"><\/div>\n\t\t\t\t\t\t\t\t\t\t\t\t\t\t<\/a>\n\t\t\t\t\t\t\t<a class=\"e-gallery-item elementor-gallery-item elementor-animated-content\" href=\"https:\/\/mujeresmsm.org\/wp-content\/uploads\/2025\/03\/IMG-20250220-WA0210.jpg\" data-elementor-open-lightbox=\"yes\" data-elementor-lightbox-slideshow=\"a51e794\" data-elementor-lightbox-title=\"IMG-20250220-WA0210\" data-e-action-hash=\"#elementor-action%3Aaction%3Dlightbox%26settings%3DeyJpZCI6MzA2NDEsInVybCI6Imh0dHBzOlwvXC9tdWplcmVzbXNtLm9yZ1wvd3AtY29udGVudFwvdXBsb2Fkc1wvMjAyNVwvMDNcL0lNRy0yMDI1MDIyMC1XQTAyMTAuanBnIiwic2xpZGVzaG93IjoiYTUxZTc5NCJ9\">\n\t\t\t\t\t<div class=\"e-gallery-image elementor-gallery-item__image\" data-thumbnail=\"https:\/\/mujeresmsm.org\/wp-content\/uploads\/2025\/03\/IMG-20250220-WA0210-225x300.jpg\" data-width=\"225\" data-height=\"300\" aria-label=\"\" role=\"img\" ><\/div>\n\t\t\t\t\t\t\t\t\t\t\t<div class=\"elementor-gallery-item__overlay\"><\/div>\n\t\t\t\t\t\t\t\t\t\t\t\t\t\t<\/a>\n\t\t\t\t\t\t\t<a class=\"e-gallery-item elementor-gallery-item elementor-animated-content\" href=\"https:\/\/mujeresmsm.org\/wp-content\/uploads\/2025\/03\/IMG-20250213-WA0124-e1741898238454.jpg\" data-elementor-open-lightbox=\"yes\" data-elementor-lightbox-slideshow=\"a51e794\" data-elementor-lightbox-title=\"IMG-20250213-WA0124\" data-e-action-hash=\"#elementor-action%3Aaction%3Dlightbox%26settings%3DeyJpZCI6MzA2MzksInVybCI6Imh0dHBzOlwvXC9tdWplcmVzbXNtLm9yZ1wvd3AtY29udGVudFwvdXBsb2Fkc1wvMjAyNVwvMDNcL0lNRy0yMDI1MDIxMy1XQTAxMjQtZTE3NDE4OTgyMzg0NTQuanBnIiwic2xpZGVzaG93IjoiYTUxZTc5NCJ9\">\n\t\t\t\t\t<div class=\"e-gallery-image elementor-gallery-item__image\" data-thumbnail=\"https:\/\/mujeresmsm.org\/wp-content\/uploads\/2025\/03\/IMG-20250213-WA0124-e1741898238454-300x180.jpg\" data-width=\"300\" data-height=\"180\" aria-label=\"\" role=\"img\" ><\/div>\n\t\t\t\t\t\t\t\t\t\t\t<div class=\"elementor-gallery-item__overlay\"><\/div>\n\t\t\t\t\t\t\t\t\t\t\t\t\t\t<\/a>\n\t\t\t\t\t\t\t<a class=\"e-gallery-item elementor-gallery-item elementor-animated-content\" href=\"https:\/\/mujeresmsm.org\/wp-content\/uploads\/2025\/03\/IMG-20250306-WA0122-e1741898207628.jpg\" data-elementor-open-lightbox=\"yes\" data-elementor-lightbox-slideshow=\"a51e794\" data-elementor-lightbox-title=\"IMG-20250306-WA0122\" data-e-action-hash=\"#elementor-action%3Aaction%3Dlightbox%26settings%3DeyJpZCI6MzA2NDIsInVybCI6Imh0dHBzOlwvXC9tdWplcmVzbXNtLm9yZ1wvd3AtY29udGVudFwvdXBsb2Fkc1wvMjAyNVwvMDNcL0lNRy0yMDI1MDMwNi1XQTAxMjItZTE3NDE4OTgyMDc2MjguanBnIiwic2xpZGVzaG93IjoiYTUxZTc5NCJ9\">\n\t\t\t\t\t<div class=\"e-gallery-image elementor-gallery-item__image\" data-thumbnail=\"https:\/\/mujeresmsm.org\/wp-content\/uploads\/2025\/03\/IMG-20250306-WA0122-e1741898207628-300x186.jpg\" data-width=\"300\" data-height=\"186\" aria-label=\"\" role=\"img\" ><\/div>\n\t\t\t\t\t\t\t\t\t\t\t<div class=\"elementor-gallery-item__overlay\"><\/div>\n\t\t\t\t\t\t\t\t\t\t\t\t\t\t<\/a>\n\t\t\t\t\t\t\t<a class=\"e-gallery-item elementor-gallery-item elementor-animated-content\" href=\"https:\/\/mujeresmsm.org\/wp-content\/uploads\/2025\/03\/IMG-20250313-WA0117.jpg\" data-elementor-open-lightbox=\"yes\" data-elementor-lightbox-slideshow=\"a51e794\" data-elementor-lightbox-title=\"IMG-20250313-WA0117\" data-e-action-hash=\"#elementor-action%3Aaction%3Dlightbox%26settings%3DeyJpZCI6MzA2NDMsInVybCI6Imh0dHBzOlwvXC9tdWplcmVzbXNtLm9yZ1wvd3AtY29udGVudFwvdXBsb2Fkc1wvMjAyNVwvMDNcL0lNRy0yMDI1MDMxMy1XQTAxMTcuanBnIiwic2xpZGVzaG93IjoiYTUxZTc5NCJ9\">\n\t\t\t\t\t<div class=\"e-gallery-image elementor-gallery-item__image\" data-thumbnail=\"https:\/\/mujeresmsm.org\/wp-content\/uploads\/2025\/03\/IMG-20250313-WA0117-300x225.jpg\" data-width=\"300\" data-height=\"225\" aria-label=\"\" role=\"img\" ><\/div>\n\t\t\t\t\t\t\t\t\t\t\t<div class=\"elementor-gallery-item__overlay\"><\/div>\n\t\t\t\t\t\t\t\t\t\t\t\t\t\t<\/a>\n\t\t\t\t\t\t\t<a class=\"e-gallery-item elementor-gallery-item elementor-animated-content\" href=\"https:\/\/mujeresmsm.org\/wp-content\/uploads\/2025\/03\/IMG-20250306-WA0118.jpg\" data-elementor-open-lightbox=\"yes\" data-elementor-lightbox-slideshow=\"a51e794\" data-elementor-lightbox-title=\"IMG-20250306-WA0118\" data-e-action-hash=\"#elementor-action%3Aaction%3Dlightbox%26settings%3DeyJpZCI6MzA2NDQsInVybCI6Imh0dHBzOlwvXC9tdWplcmVzbXNtLm9yZ1wvd3AtY29udGVudFwvdXBsb2Fkc1wvMjAyNVwvMDNcL0lNRy0yMDI1MDMwNi1XQTAxMTguanBnIiwic2xpZGVzaG93IjoiYTUxZTc5NCJ9\">\n\t\t\t\t\t<div class=\"e-gallery-image elementor-gallery-item__image\" data-thumbnail=\"https:\/\/mujeresmsm.org\/wp-content\/uploads\/2025\/03\/IMG-20250306-WA0118-300x225.jpg\" data-width=\"300\" data-height=\"225\" aria-label=\"\" role=\"img\" ><\/div>\n\t\t\t\t\t\t\t\t\t\t\t<div class=\"elementor-gallery-item__overlay\"><\/div>\n\t\t\t\t\t\t\t\t\t\t\t\t\t\t<\/a>\n\t\t\t\t\t<\/div>\n\t\t\t\t\t<\/div>\n\t\t\t\t<\/div>\n\t\t\t\t<\/div>\n\t\t\t\t\t<\/div>\n\t\t\t\t<\/div>\n\t\t<div class=\"elementor-element elementor-element-22c00692 e-con-full e-flex wpr-particle-no wpr-jarallax-no wpr-parallax-no wpr-sticky-section-no wpr-column-slider-no wpr-equal-height-no e-con e-parent\" data-id=\"22c00692\" data-element_type=\"container\" data-e-type=\"container\">\n\t\t<div class=\"elementor-element elementor-element-33febd81 e-con-full e-flex wpr-particle-no wpr-jarallax-no wpr-parallax-no wpr-sticky-section-no wpr-column-slider-no wpr-equal-height-no e-con e-child\" data-id=\"33febd81\" data-element_type=\"container\" data-e-type=\"container\">\n\t\t\t\t<div class=\"elementor-element elementor-element-6c949733 elementor-widget elementor-widget-image\" data-id=\"6c949733\" data-element_type=\"widget\" data-e-type=\"widget\" data-widget_type=\"image.default\">\n\t\t\t\t<div class=\"elementor-widget-container\">\n\t\t\t\t\t\t\t\t\t\t\t\t\t\t\t<img fetchpriority=\"high\" decoding=\"async\" width=\"800\" height=\"534\" src=\"https:\/\/mujeresmsm.org\/wp-content\/uploads\/2025\/03\/IMG_9910-1024x683.jpeg\" class=\"attachment-large size-large wp-image-30625\" alt=\"\" srcset=\"https:\/\/mujeresmsm.org\/wp-content\/uploads\/2025\/03\/IMG_9910-1024x683.jpeg 1024w, https:\/\/mujeresmsm.org\/wp-content\/uploads\/2025\/03\/IMG_9910-300x200.jpeg 300w, https:\/\/mujeresmsm.org\/wp-content\/uploads\/2025\/03\/IMG_9910-768x512.jpeg 768w, https:\/\/mujeresmsm.org\/wp-content\/uploads\/2025\/03\/IMG_9910-1536x1024.jpeg 1536w, https:\/\/mujeresmsm.org\/wp-content\/uploads\/2025\/03\/IMG_9910-18x12.jpeg 18w, https:\/\/mujeresmsm.org\/wp-content\/uploads\/2025\/03\/IMG_9910.jpeg 1920w\" sizes=\"(max-width: 800px) 100vw, 800px\" \/>\t\t\t\t\t\t\t\t\t\t\t\t\t\t\t<\/div>\n\t\t\t\t<\/div>\n\t\t\t\t<\/div>\n\t\t<div class=\"elementor-element elementor-element-73935254 e-con-full e-flex wpr-particle-no wpr-jarallax-no wpr-parallax-no wpr-sticky-section-no wpr-column-slider-no wpr-equal-height-no e-con e-child\" data-id=\"73935254\" data-element_type=\"container\" data-e-type=\"container\">\n\t\t\t\t<div class=\"elementor-element elementor-element-20c2931e elementor-widget elementor-widget-heading\" data-id=\"20c2931e\" data-element_type=\"widget\" data-e-type=\"widget\" data-widget_type=\"heading.default\">\n\t\t\t\t<div class=\"elementor-widget-container\">\n\t\t\t\t\t<h3 class=\"elementor-heading-title elementor-size-default\">Marcha #8M MSM<\/h3>\t\t\t\t<\/div>\n\t\t\t\t<\/div>\n\t\t\t\t<div class=\"elementor-element elementor-element-63b23cef elementor-mobile-align-center elementor-tablet-align-center elementor-widget elementor-widget-button\" data-id=\"63b23cef\" data-element_type=\"widget\" data-e-type=\"widget\" data-widget_type=\"button.default\">\n\t\t\t\t<div class=\"elementor-widget-container\">\n\t\t\t\t\t\t\t\t\t<div class=\"elementor-button-wrapper\">\n\t\t\t\t\t<a class=\"elementor-button elementor-button-link elementor-size-sm\" href=\"https:\/\/mujeresmsm.org\/en\/sin-categoria\/marcha-8-de-marzo-2\/\">\n\t\t\t\t\t\t<span class=\"elementor-button-content-wrapper\">\n\t\t\t\t\t\t\t\t\t<span class=\"elementor-button-text\">Leer m\u00e1s<\/span>\n\t\t\t\t\t<\/span>\n\t\t\t\t\t<\/a>\n\t\t\t\t<\/div>\n\t\t\t\t\t\t\t\t<\/div>\n\t\t\t\t<\/div>\n\t\t\t\t<\/div>\n\t\t\t\t<\/div>\n\t\t\t\t<\/div>","protected":false},"excerpt":{"rendered":"<p>PROYECTO: Mujeres y juventudes de Jiquilisco por el derecho a una vida saludable y libre de violencia (El Salvador) Agencia de cooperaci\u00f3n: Fundaci\u00f3n Proclade Yanapay Ubicaci\u00f3n: Jiquilisco &#8211; Usulut\u00e1n Fecha de inicio y finalizaci\u00f3n: Inicia: Diciembre 2023 Finaliza: Diciembre 2025 Plazo: 2 A\u00f1os Marcha #8M MSM Leer m\u00e1s<\/p>","protected":false},"author":1,"featured_media":30640,"parent":0,"menu_order":0,"comment_status":"closed","ping_status":"closed","template":"","meta":{"footnotes":""},"class_list":["post-30236","page","type-page","status-publish","has-post-thumbnail","hentry"],"aioseo_notices":[],"_links":{"self":[{"href":"https:\/\/mujeresmsm.org\/en\/wp-json\/wp\/v2\/pages\/30236","targetHints":{"allow":["GET"]}}],"collection":[{"href":"https:\/\/mujeresmsm.org\/en\/wp-json\/wp\/v2\/pages"}],"about":[{"href":"https:\/\/mujeresmsm.org\/en\/wp-json\/wp\/v2\/types\/page"}],"author":[{"embeddable":true,"href":"https:\/\/mujeresmsm.org\/en\/wp-json\/wp\/v2\/users\/1"}],"replies":[{"embeddable":true,"href":"https:\/\/mujeresmsm.org\/en\/wp-json\/wp\/v2\/comments?post=30236"}],"version-history":[{"count":15,"href":"https:\/\/mujeresmsm.org\/en\/wp-json\/wp\/v2\/pages\/30236\/revisions"}],"predecessor-version":[{"id":30681,"href":"https:\/\/mujeresmsm.org\/en\/wp-json\/wp\/v2\/pages\/30236\/revisions\/30681"}],"wp:featuredmedia":[{"embeddable":true,"href":"https:\/\/mujeresmsm.org\/en\/wp-json\/wp\/v2\/media\/30640"}],"wp:attachment":[{"href":"https:\/\/mujeresmsm.org\/en\/wp-json\/wp\/v2\/media?parent=30236"}],"curies":[{"name":"wp","href":"https:\/\/api.w.org\/{rel}","templated":true}]}}