{"id":30114,"date":"2024-08-01T23:14:20","date_gmt":"2024-08-02T05:14:20","guid":{"rendered":"https:\/\/mujeresmsm.org\/?page_id=30114"},"modified":"2024-08-02T06:42:18","modified_gmt":"2024-08-02T12:42:18","slug":"proyecto-mujeres-san-marcos-activas-derechos-especialmente-vida-libre-violencia","status":"publish","type":"page","link":"https:\/\/mujeresmsm.org\/en\/proyecto-mujeres-san-marcos-activas-derechos-especialmente-vida-libre-violencia\/","title":{"rendered":"Proyecto Mujeres de San Marcos activas por sus derechos especialmente a una vida libre de violencia"},"content":{"rendered":"<div data-elementor-type=\"wp-page\" data-elementor-id=\"30114\" class=\"elementor elementor-30114\" data-elementor-post-type=\"page\">\n\t\t\t\t<div class=\"elementor-element elementor-element-4db2b181 e-flex e-con-boxed wpr-particle-no wpr-jarallax-no wpr-parallax-no wpr-sticky-section-no wpr-column-slider-no wpr-equal-height-no e-con e-parent\" data-id=\"4db2b181\" data-element_type=\"container\" data-e-type=\"container\">\n\t\t\t\t\t<div class=\"e-con-inner\">\n\t\t\t\t<div class=\"elementor-element elementor-element-e5fb8bb elementor-widget elementor-widget-text-editor\" data-id=\"e5fb8bb\" data-element_type=\"widget\" data-e-type=\"widget\" data-widget_type=\"text-editor.default\">\n\t\t\t\t<div class=\"elementor-widget-container\">\n\t\t\t\t\t\t\t\t\t<p>PROYECTO:<\/p>\t\t\t\t\t\t\t\t<\/div>\n\t\t\t\t<\/div>\n\t\t\t\t<div class=\"elementor-element elementor-element-3ab75b24 elementor-widget elementor-widget-heading\" data-id=\"3ab75b24\" data-element_type=\"widget\" data-e-type=\"widget\" data-widget_type=\"heading.default\">\n\t\t\t\t<div class=\"elementor-widget-container\">\n\t\t\t\t\t<h2 class=\"elementor-heading-title elementor-size-default\">Proyecto Mujeres de San Marcos activas por sus derechos especialmente a una vida libre de violencia<\/h2>\t\t\t\t<\/div>\n\t\t\t\t<\/div>\n\t\t\t\t\t<\/div>\n\t\t\t\t<\/div>\n\t\t<div class=\"elementor-element elementor-element-24f1aef1 e-flex e-con-boxed wpr-particle-no wpr-jarallax-no wpr-parallax-no wpr-sticky-section-no wpr-column-slider-no wpr-equal-height-no e-con e-parent\" data-id=\"24f1aef1\" data-element_type=\"container\" data-e-type=\"container\">\n\t\t\t\t\t<div class=\"e-con-inner\">\n\t\t<div class=\"elementor-element elementor-element-696becf0 e-con-full e-flex wpr-particle-no wpr-jarallax-no wpr-parallax-no wpr-sticky-section-no wpr-column-slider-no wpr-equal-height-no e-con e-child\" data-id=\"696becf0\" data-element_type=\"container\" data-e-type=\"container\">\n\t\t\t\t<div class=\"elementor-element elementor-element-6f079053 elementor-widget elementor-widget-text-editor\" data-id=\"6f079053\" data-element_type=\"widget\" data-e-type=\"widget\" data-widget_type=\"text-editor.default\">\n\t\t\t\t<div class=\"elementor-widget-container\">\n\t\t\t\t\t\t\t\t\t<p><strong>Agencia de cooperaci\u00f3n:<\/strong><\/p><ul><li>Proclade Yanapay &#8211; Diputacion Foral de Gipuzkoa <br \/><br \/><\/li><\/ul><p><strong>Ubicaci\u00f3n:<\/strong><\/p><ul><li>San Marcos<br \/><br \/><\/li><\/ul><p><strong>Fecha de inicio y finalizaci\u00f3n:<\/strong><\/p><ul><li>Inicia: 15 Oct-2023<\/li><li>Finaliza: 14 De abril 2025 (18 Meses)<\/li><\/ul><p><strong>Plazo:<\/strong><\/p><ul><li>1 A\u00f1o 1\/2<\/li><\/ul>\t\t\t\t\t\t\t\t<\/div>\n\t\t\t\t<\/div>\n\t\t\t\t<\/div>\n\t\t<div class=\"elementor-element elementor-element-74f69848 e-con-full e-flex wpr-particle-no wpr-jarallax-no wpr-parallax-no wpr-sticky-section-no wpr-column-slider-no wpr-equal-height-no e-con e-child\" data-id=\"74f69848\" data-element_type=\"container\" data-e-type=\"container\">\n\t\t\t\t<div class=\"elementor-element elementor-element-9414333 elementor-grid-3 elementor-grid-tablet-2 elementor-grid-mobile-1 elementor-widget elementor-widget-portfolio\" data-id=\"9414333\" data-element_type=\"widget\" data-e-type=\"widget\" data-settings=\"{&quot;item_ratio&quot;:{&quot;unit&quot;:&quot;px&quot;,&quot;size&quot;:0.83,&quot;sizes&quot;:[]},&quot;columns&quot;:&quot;3&quot;,&quot;columns_tablet&quot;:&quot;2&quot;,&quot;columns_mobile&quot;:&quot;1&quot;,&quot;item_gap&quot;:{&quot;unit&quot;:&quot;px&quot;,&quot;size&quot;:&quot;&quot;,&quot;sizes&quot;:[]},&quot;row_gap&quot;:{&quot;unit&quot;:&quot;px&quot;,&quot;size&quot;:&quot;&quot;,&quot;sizes&quot;:[]}}\" data-widget_type=\"portfolio.default\">\n\t\t\t\t<div class=\"elementor-widget-container\">\n\t\t\t\t\t\t\t<div class=\"elementor-portfolio elementor-grid elementor-posts-container\" role=\"list\">\n\t\t\t\t<article class=\"elementor-portfolio-item elementor-post elementor-filter-273 elementor-filter-174 elementor-filter-178 elementor-filter-1 post-30521 post type-post status-publish format-standard has-post-thumbnail hentry category-galerias category-mujeres category-proyectos-en-ejecucion category-sin-categoria tag-proyecto-proyecto-mujeres-de-san-marcos\" role=\"listitem\">\n\t\t\t<a class=\"elementor-post__thumbnail__link\" href=\"https:\/\/mujeresmsm.org\/en\/sin-categoria\/30521\/\">\n\t\t\t\t<div class=\"elementor-portfolio-item__img elementor-post__thumbnail\">\n\t\t\t<img fetchpriority=\"high\" decoding=\"async\" width=\"1600\" height=\"998\" src=\"https:\/\/mujeresmsm.org\/wp-content\/uploads\/2024\/12\/468093177_970497318447801_3512223983656308878_n.jpg\" class=\"attachment-full size-full wp-image-30525\" alt=\"\" srcset=\"https:\/\/mujeresmsm.org\/wp-content\/uploads\/2024\/12\/468093177_970497318447801_3512223983656308878_n.jpg 1600w, https:\/\/mujeresmsm.org\/wp-content\/uploads\/2024\/12\/468093177_970497318447801_3512223983656308878_n-300x187.jpg 300w, https:\/\/mujeresmsm.org\/wp-content\/uploads\/2024\/12\/468093177_970497318447801_3512223983656308878_n-1024x639.jpg 1024w, https:\/\/mujeresmsm.org\/wp-content\/uploads\/2024\/12\/468093177_970497318447801_3512223983656308878_n-768x479.jpg 768w, https:\/\/mujeresmsm.org\/wp-content\/uploads\/2024\/12\/468093177_970497318447801_3512223983656308878_n-1536x958.jpg 1536w, https:\/\/mujeresmsm.org\/wp-content\/uploads\/2024\/12\/468093177_970497318447801_3512223983656308878_n-18x12.jpg 18w\" sizes=\"(max-width: 1600px) 100vw, 1600px\" \/>\t\t<\/div>\n\t\t\t\t<div class=\"elementor-portfolio-item__overlay\">\n\t\t\t\t<h3 class=\"elementor-portfolio-item__title\">\n\t\tJornadas de Autocuido\/ San Marcos\t\t<\/h3>\n\t\t\t\t<\/div>\n\t\t\t\t<\/a>\n\t\t<\/article>\n\t\t\t\t<article class=\"elementor-portfolio-item elementor-post elementor-filter-178 post-30196 post type-post status-publish format-standard has-post-thumbnail hentry category-proyectos-en-ejecucion tag-proyecto-proyecto-mujeres-de-san-marcos\" role=\"listitem\">\n\t\t\t<a class=\"elementor-post__thumbnail__link\" href=\"https:\/\/mujeresmsm.org\/en\/proyectos-en-ejecucion\/planes-diagnostico\/\">\n\t\t\t\t<div class=\"elementor-portfolio-item__img elementor-post__thumbnail\">\n\t\t\t<img decoding=\"async\" width=\"1920\" height=\"2560\" src=\"https:\/\/mujeresmsm.org\/wp-content\/uploads\/2024\/08\/1722346497075-scaled.jpg\" class=\"attachment-full size-full wp-image-30184\" alt=\"\" srcset=\"https:\/\/mujeresmsm.org\/wp-content\/uploads\/2024\/08\/1722346497075-scaled.jpg 1920w, https:\/\/mujeresmsm.org\/wp-content\/uploads\/2024\/08\/1722346497075-225x300.jpg 225w, https:\/\/mujeresmsm.org\/wp-content\/uploads\/2024\/08\/1722346497075-768x1024.jpg 768w, https:\/\/mujeresmsm.org\/wp-content\/uploads\/2024\/08\/1722346497075-1152x1536.jpg 1152w, https:\/\/mujeresmsm.org\/wp-content\/uploads\/2024\/08\/1722346497075-1536x2048.jpg 1536w, https:\/\/mujeresmsm.org\/wp-content\/uploads\/2024\/08\/1722346497075-9x12.jpg 9w\" sizes=\"(max-width: 1920px) 100vw, 1920px\" \/>\t\t<\/div>\n\t\t\t\t<div class=\"elementor-portfolio-item__overlay\">\n\t\t\t\t<h3 class=\"elementor-portfolio-item__title\">\n\t\tPlanes y diagn\u00f3stico\t\t<\/h3>\n\t\t\t\t<\/div>\n\t\t\t\t<\/a>\n\t\t<\/article>\n\t\t\t\t<article class=\"elementor-portfolio-item elementor-post elementor-filter-178 post-30170 post type-post status-publish format-standard has-post-thumbnail hentry category-proyectos-en-ejecucion tag-proyecto-proyecto-mujeres-de-san-marcos\" role=\"listitem\">\n\t\t\t<a class=\"elementor-post__thumbnail__link\" href=\"https:\/\/mujeresmsm.org\/en\/proyectos-en-ejecucion\/creacion-linea-base\/\">\n\t\t\t\t<div class=\"elementor-portfolio-item__img elementor-post__thumbnail\">\n\t\t\t<img decoding=\"async\" width=\"960\" height=\"1280\" src=\"https:\/\/mujeresmsm.org\/wp-content\/uploads\/2024\/08\/photo_4992371733654777163_y.jpg\" class=\"attachment-full size-full wp-image-30163\" alt=\"\" srcset=\"https:\/\/mujeresmsm.org\/wp-content\/uploads\/2024\/08\/photo_4992371733654777163_y.jpg 960w, https:\/\/mujeresmsm.org\/wp-content\/uploads\/2024\/08\/photo_4992371733654777163_y-225x300.jpg 225w, https:\/\/mujeresmsm.org\/wp-content\/uploads\/2024\/08\/photo_4992371733654777163_y-768x1024.jpg 768w, https:\/\/mujeresmsm.org\/wp-content\/uploads\/2024\/08\/photo_4992371733654777163_y-9x12.jpg 9w\" sizes=\"(max-width: 960px) 100vw, 960px\" \/>\t\t<\/div>\n\t\t\t\t<div class=\"elementor-portfolio-item__overlay\">\n\t\t\t\t<h3 class=\"elementor-portfolio-item__title\">\n\t\tCreaci\u00f3n de l\u00ednea base\t\t<\/h3>\n\t\t\t\t<\/div>\n\t\t\t\t<\/a>\n\t\t<\/article>\n\t\t\t\t<article class=\"elementor-portfolio-item elementor-post elementor-filter-178 post-30160 post type-post status-publish format-standard has-post-thumbnail hentry category-proyectos-en-ejecucion tag-proyecto-proyecto-mujeres-de-san-marcos\" role=\"listitem\">\n\t\t\t<a class=\"elementor-post__thumbnail__link\" href=\"https:\/\/mujeresmsm.org\/en\/proyectos-en-ejecucion\/creacion-comites-mujeres\/\">\n\t\t\t\t<div class=\"elementor-portfolio-item__img elementor-post__thumbnail\">\n\t\t\t<img loading=\"lazy\" decoding=\"async\" width=\"1280\" height=\"960\" src=\"https:\/\/mujeresmsm.org\/wp-content\/uploads\/2024\/08\/photo_4992371733654777185_y.jpg\" class=\"attachment-full size-full wp-image-30145\" alt=\"\" srcset=\"https:\/\/mujeresmsm.org\/wp-content\/uploads\/2024\/08\/photo_4992371733654777185_y.jpg 1280w, https:\/\/mujeresmsm.org\/wp-content\/uploads\/2024\/08\/photo_4992371733654777185_y-300x225.jpg 300w, https:\/\/mujeresmsm.org\/wp-content\/uploads\/2024\/08\/photo_4992371733654777185_y-1024x768.jpg 1024w, https:\/\/mujeresmsm.org\/wp-content\/uploads\/2024\/08\/photo_4992371733654777185_y-768x576.jpg 768w, https:\/\/mujeresmsm.org\/wp-content\/uploads\/2024\/08\/photo_4992371733654777185_y-16x12.jpg 16w\" sizes=\"(max-width: 1280px) 100vw, 1280px\" \/>\t\t<\/div>\n\t\t\t\t<div class=\"elementor-portfolio-item__overlay\">\n\t\t\t\t<h3 class=\"elementor-portfolio-item__title\">\n\t\tCreaci\u00f3n de comit\u00e9s de mujeres\t\t<\/h3>\n\t\t\t\t<\/div>\n\t\t\t\t<\/a>\n\t\t<\/article>\n\t\t\t\t<article class=\"elementor-portfolio-item elementor-post elementor-filter-178 post-30143 post type-post status-publish format-standard has-post-thumbnail hentry category-proyectos-en-ejecucion tag-proyecto-proyecto-mujeres-de-san-marcos\" role=\"listitem\">\n\t\t\t<a class=\"elementor-post__thumbnail__link\" href=\"https:\/\/mujeresmsm.org\/en\/proyectos-en-ejecucion\/asamblea-integracion\/\">\n\t\t\t\t<div class=\"elementor-portfolio-item__img elementor-post__thumbnail\">\n\t\t\t<img loading=\"lazy\" decoding=\"async\" width=\"1280\" height=\"960\" src=\"https:\/\/mujeresmsm.org\/wp-content\/uploads\/2024\/08\/photo_4992371733654777197_y.jpg\" class=\"attachment-full size-full wp-image-30134\" alt=\"\" srcset=\"https:\/\/mujeresmsm.org\/wp-content\/uploads\/2024\/08\/photo_4992371733654777197_y.jpg 1280w, https:\/\/mujeresmsm.org\/wp-content\/uploads\/2024\/08\/photo_4992371733654777197_y-300x225.jpg 300w, https:\/\/mujeresmsm.org\/wp-content\/uploads\/2024\/08\/photo_4992371733654777197_y-1024x768.jpg 1024w, https:\/\/mujeresmsm.org\/wp-content\/uploads\/2024\/08\/photo_4992371733654777197_y-768x576.jpg 768w, https:\/\/mujeresmsm.org\/wp-content\/uploads\/2024\/08\/photo_4992371733654777197_y-16x12.jpg 16w\" sizes=\"(max-width: 1280px) 100vw, 1280px\" \/>\t\t<\/div>\n\t\t\t\t<div class=\"elementor-portfolio-item__overlay\">\n\t\t\t\t<h3 class=\"elementor-portfolio-item__title\">\n\t\tAsamblea para integraci\u00f3n\t\t<\/h3>\n\t\t\t\t<\/div>\n\t\t\t\t<\/a>\n\t\t<\/article>\n\t\t\t\t<article class=\"elementor-portfolio-item elementor-post elementor-filter-178 post-30121 post type-post status-publish format-standard has-post-thumbnail hentry category-proyectos-en-ejecucion tag-proyecto-proyecto-mujeres-de-san-marcos\" role=\"listitem\">\n\t\t\t<a class=\"elementor-post__thumbnail__link\" href=\"https:\/\/mujeresmsm.org\/en\/proyectos-en-ejecucion\/conmemoracion-8m-nivel-municipal\/\">\n\t\t\t\t<div class=\"elementor-portfolio-item__img elementor-post__thumbnail\">\n\t\t\t<img loading=\"lazy\" decoding=\"async\" width=\"2560\" height=\"1707\" src=\"https:\/\/mujeresmsm.org\/wp-content\/uploads\/2024\/08\/IMG_9759-scaled.jpg\" class=\"attachment-full size-full wp-image-30122\" alt=\"\" srcset=\"https:\/\/mujeresmsm.org\/wp-content\/uploads\/2024\/08\/IMG_9759-scaled.jpg 2560w, https:\/\/mujeresmsm.org\/wp-content\/uploads\/2024\/08\/IMG_9759-300x200.jpg 300w, https:\/\/mujeresmsm.org\/wp-content\/uploads\/2024\/08\/IMG_9759-1024x683.jpg 1024w, https:\/\/mujeresmsm.org\/wp-content\/uploads\/2024\/08\/IMG_9759-768x512.jpg 768w, https:\/\/mujeresmsm.org\/wp-content\/uploads\/2024\/08\/IMG_9759-1536x1024.jpg 1536w, https:\/\/mujeresmsm.org\/wp-content\/uploads\/2024\/08\/IMG_9759-2048x1365.jpg 2048w, https:\/\/mujeresmsm.org\/wp-content\/uploads\/2024\/08\/IMG_9759-18x12.jpg 18w\" sizes=\"(max-width: 2560px) 100vw, 2560px\" \/>\t\t<\/div>\n\t\t\t\t<div class=\"elementor-portfolio-item__overlay\">\n\t\t\t\t<h3 class=\"elementor-portfolio-item__title\">\n\t\tConmemoraci\u00f3n 8M a nivel municipal\t\t<\/h3>\n\t\t\t\t<\/div>\n\t\t\t\t<\/a>\n\t\t<\/article>\n\t\t\t\t<\/div>\n\t\t\t\t\t\t<\/div>\n\t\t\t\t<\/div>\n\t\t\t\t<\/div>\n\t\t\t\t\t<\/div>\n\t\t\t\t<\/div>\n\t\t<div class=\"elementor-element elementor-element-3ac55098 e-con-full e-flex wpr-particle-no wpr-jarallax-no wpr-parallax-no wpr-sticky-section-no wpr-column-slider-no wpr-equal-height-no e-con e-parent\" data-id=\"3ac55098\" data-element_type=\"container\" data-e-type=\"container\">\n\t\t<div class=\"elementor-element elementor-element-483653e7 e-con-full e-flex wpr-particle-no wpr-jarallax-no wpr-parallax-no wpr-sticky-section-no wpr-column-slider-no wpr-equal-height-no e-con e-child\" data-id=\"483653e7\" data-element_type=\"container\" data-e-type=\"container\">\n\t\t\t\t<div class=\"elementor-element elementor-element-46be0a2c elementor-widget elementor-widget-image\" data-id=\"46be0a2c\" data-element_type=\"widget\" data-e-type=\"widget\" data-widget_type=\"image.default\">\n\t\t\t\t<div class=\"elementor-widget-container\">\n\t\t\t\t\t\t\t\t\t\t\t\t\t\t\t<img loading=\"lazy\" decoding=\"async\" width=\"800\" height=\"475\" src=\"https:\/\/mujeresmsm.org\/wp-content\/uploads\/2024\/08\/IMG_20240703_105558-scaled-e1741901342752-1024x608.jpg\" class=\"attachment-large size-large wp-image-30117\" alt=\"\" srcset=\"https:\/\/mujeresmsm.org\/wp-content\/uploads\/2024\/08\/IMG_20240703_105558-scaled-e1741901342752-1024x608.jpg 1024w, https:\/\/mujeresmsm.org\/wp-content\/uploads\/2024\/08\/IMG_20240703_105558-scaled-e1741901342752-300x178.jpg 300w, https:\/\/mujeresmsm.org\/wp-content\/uploads\/2024\/08\/IMG_20240703_105558-scaled-e1741901342752-768x456.jpg 768w, https:\/\/mujeresmsm.org\/wp-content\/uploads\/2024\/08\/IMG_20240703_105558-scaled-e1741901342752-1536x912.jpg 1536w, https:\/\/mujeresmsm.org\/wp-content\/uploads\/2024\/08\/IMG_20240703_105558-scaled-e1741901342752-2048x1216.jpg 2048w, https:\/\/mujeresmsm.org\/wp-content\/uploads\/2024\/08\/IMG_20240703_105558-scaled-e1741901342752-18x12.jpg 18w\" sizes=\"(max-width: 800px) 100vw, 800px\" \/>\t\t\t\t\t\t\t\t\t\t\t\t\t\t\t<\/div>\n\t\t\t\t<\/div>\n\t\t\t\t<\/div>\n\t\t<div class=\"elementor-element elementor-element-46cc44d5 e-con-full e-flex wpr-particle-no wpr-jarallax-no wpr-parallax-no wpr-sticky-section-no wpr-column-slider-no wpr-equal-height-no e-con e-child\" data-id=\"46cc44d5\" data-element_type=\"container\" data-e-type=\"container\">\n\t\t\t\t<div class=\"elementor-element elementor-element-57f80d2e elementor-widget elementor-widget-heading\" data-id=\"57f80d2e\" data-element_type=\"widget\" data-e-type=\"widget\" data-widget_type=\"heading.default\">\n\t\t\t\t<div class=\"elementor-widget-container\">\n\t\t\t\t\t<h3 class=\"elementor-heading-title elementor-size-default\">Proyecto Tejiendo redes de esperanza a trav\u00e9s del empoderamiento de mujeres y juventudes para la  defensa y ejercicio de sus derechos humanos, la  seguridad alimentaria y el derecho a una vida libre de violencia del municipio de Cuisnahuat<\/h3>\t\t\t\t<\/div>\n\t\t\t\t<\/div>\n\t\t\t\t<div class=\"elementor-element elementor-element-41b76016 elementor-mobile-align-center elementor-tablet-align-center elementor-widget elementor-widget-button\" data-id=\"41b76016\" data-element_type=\"widget\" data-e-type=\"widget\" data-widget_type=\"button.default\">\n\t\t\t\t<div class=\"elementor-widget-container\">\n\t\t\t\t\t\t\t\t\t<div class=\"elementor-button-wrapper\">\n\t\t\t\t\t<a class=\"elementor-button elementor-button-link elementor-size-sm\" href=\"#\">\n\t\t\t\t\t\t<span class=\"elementor-button-content-wrapper\">\n\t\t\t\t\t\t\t\t\t<span class=\"elementor-button-text\">Leer m\u00e1s<\/span>\n\t\t\t\t\t<\/span>\n\t\t\t\t\t<\/a>\n\t\t\t\t<\/div>\n\t\t\t\t\t\t\t\t<\/div>\n\t\t\t\t<\/div>\n\t\t\t\t<\/div>\n\t\t\t\t<\/div>\n\t\t\t\t<\/div>","protected":false},"excerpt":{"rendered":"<p>PROYECTO: Proyecto Mujeres de San Marcos activas por sus derechos especialmente a una vida libre de violencia Agencia de cooperaci\u00f3n: Proclade Yanapay &#8211; Diputacion Foral de Gipuzkoa Ubicaci\u00f3n: San Marcos Fecha de inicio y finalizaci\u00f3n: Inicia: 15 Oct-2023 Finaliza: 14 De abril 2025 (18 Meses) Plazo: 1 A\u00f1o 1\/2 Proyecto Tejiendo redes de esperanza a trav\u00e9s del empoderamiento de mujeres y juventudes para la defensa y ejercicio de sus derechos humanos, la seguridad alimentaria y el derecho a una vida libre de violencia del municipio de Cuisnahuat Leer m\u00e1s<\/p>","protected":false},"author":1,"featured_media":30115,"parent":0,"menu_order":0,"comment_status":"closed","ping_status":"closed","template":"","meta":{"footnotes":""},"class_list":["post-30114","page","type-page","status-publish","has-post-thumbnail","hentry"],"aioseo_notices":[],"_links":{"self":[{"href":"https:\/\/mujeresmsm.org\/en\/wp-json\/wp\/v2\/pages\/30114","targetHints":{"allow":["GET"]}}],"collection":[{"href":"https:\/\/mujeresmsm.org\/en\/wp-json\/wp\/v2\/pages"}],"about":[{"href":"https:\/\/mujeresmsm.org\/en\/wp-json\/wp\/v2\/types\/page"}],"author":[{"embeddable":true,"href":"https:\/\/mujeresmsm.org\/en\/wp-json\/wp\/v2\/users\/1"}],"replies":[{"embeddable":true,"href":"https:\/\/mujeresmsm.org\/en\/wp-json\/wp\/v2\/comments?post=30114"}],"version-history":[{"count":16,"href":"https:\/\/mujeresmsm.org\/en\/wp-json\/wp\/v2\/pages\/30114\/revisions"}],"predecessor-version":[{"id":30272,"href":"https:\/\/mujeresmsm.org\/en\/wp-json\/wp\/v2\/pages\/30114\/revisions\/30272"}],"wp:featuredmedia":[{"embeddable":true,"href":"https:\/\/mujeresmsm.org\/en\/wp-json\/wp\/v2\/media\/30115"}],"wp:attachment":[{"href":"https:\/\/mujeresmsm.org\/en\/wp-json\/wp\/v2\/media?parent=30114"}],"curies":[{"name":"wp","href":"https:\/\/api.w.org\/{rel}","templated":true}]}}