{"id":30017,"date":"2024-08-01T22:22:06","date_gmt":"2024-08-02T04:22:06","guid":{"rendered":"https:\/\/mujeresmsm.org\/?page_id=30017"},"modified":"2024-08-01T22:57:37","modified_gmt":"2024-08-02T04:57:37","slug":"mujeres-mercedes-umana-nueva-granada-derecho-vida-saludable-libre-violencia","status":"publish","type":"page","link":"https:\/\/mujeresmsm.org\/en\/mujeres-mercedes-umana-nueva-granada-derecho-vida-saludable-libre-violencia\/","title":{"rendered":"Mujeres de Mercedes Uma\u00f1a y Nueva Granada por el derecho a una vida saludable y libre de violencia"},"content":{"rendered":"<div data-elementor-type=\"wp-page\" data-elementor-id=\"30017\" class=\"elementor elementor-30017\" data-elementor-post-type=\"page\">\n\t\t\t\t<div class=\"elementor-element elementor-element-1b93a980 e-flex e-con-boxed wpr-particle-no wpr-jarallax-no wpr-parallax-no wpr-sticky-section-no wpr-column-slider-no wpr-equal-height-no e-con e-parent\" data-id=\"1b93a980\" data-element_type=\"container\" data-e-type=\"container\">\n\t\t\t\t\t<div class=\"e-con-inner\">\n\t\t\t\t<div class=\"elementor-element elementor-element-421fc885 elementor-widget elementor-widget-text-editor\" data-id=\"421fc885\" data-element_type=\"widget\" data-e-type=\"widget\" data-widget_type=\"text-editor.default\">\n\t\t\t\t<div class=\"elementor-widget-container\">\n\t\t\t\t\t\t\t\t\t<p>PROYECTO:<\/p>\t\t\t\t\t\t\t\t<\/div>\n\t\t\t\t<\/div>\n\t\t\t\t<div class=\"elementor-element elementor-element-361ff431 elementor-widget elementor-widget-heading\" data-id=\"361ff431\" data-element_type=\"widget\" data-e-type=\"widget\" data-widget_type=\"heading.default\">\n\t\t\t\t<div class=\"elementor-widget-container\">\n\t\t\t\t\t<h2 class=\"elementor-heading-title elementor-size-default\">Mujeres de Mercedes Uma\u00f1a y Nueva Granada por el derecho a una vida saludable y libre de violencia<\/h2>\t\t\t\t<\/div>\n\t\t\t\t<\/div>\n\t\t\t\t\t<\/div>\n\t\t\t\t<\/div>\n\t\t<div class=\"elementor-element elementor-element-2bd1f5df e-flex e-con-boxed wpr-particle-no wpr-jarallax-no wpr-parallax-no wpr-sticky-section-no wpr-column-slider-no wpr-equal-height-no e-con e-parent\" data-id=\"2bd1f5df\" data-element_type=\"container\" data-e-type=\"container\">\n\t\t\t\t\t<div class=\"e-con-inner\">\n\t\t<div class=\"elementor-element elementor-element-2f3f4bc2 e-con-full e-flex wpr-particle-no wpr-jarallax-no wpr-parallax-no wpr-sticky-section-no wpr-column-slider-no wpr-equal-height-no e-con e-child\" data-id=\"2f3f4bc2\" data-element_type=\"container\" data-e-type=\"container\">\n\t\t\t\t<div class=\"elementor-element elementor-element-3a7dd186 elementor-widget elementor-widget-text-editor\" data-id=\"3a7dd186\" data-element_type=\"widget\" data-e-type=\"widget\" data-widget_type=\"text-editor.default\">\n\t\t\t\t<div class=\"elementor-widget-container\">\n\t\t\t\t\t\t\t\t\t<p><strong>Agencia de cooperaci\u00f3n:<\/strong><\/p><ul><li>Proclade Yanapay &#8211; Gobierno Vasco<\/li><\/ul><p><strong>Ubicaci\u00f3n:<\/strong><\/p><ul><li>Usulut\u00e1n: Nueva Granada Y Mercedes Uma\u00f1a<\/li><\/ul><p><strong>Fecha de inicio y finalizaci\u00f3n:<\/strong><\/p><ul><li>Inicia: 01\/01\/2023<\/li><li>Finaliza: 30\/12\/2024<\/li><\/ul><p><strong>Plazo:<\/strong><\/p><ul><li>2 a\u00f1os<\/li><\/ul>\t\t\t\t\t\t\t\t<\/div>\n\t\t\t\t<\/div>\n\t\t\t\t<\/div>\n\t\t<div class=\"elementor-element elementor-element-450108c8 e-con-full e-flex wpr-particle-no wpr-jarallax-no wpr-parallax-no wpr-sticky-section-no wpr-column-slider-no wpr-equal-height-no e-con e-child\" data-id=\"450108c8\" data-element_type=\"container\" data-e-type=\"container\">\n\t\t\t\t<div class=\"elementor-element elementor-element-bfddcba elementor-grid-3 elementor-grid-tablet-2 elementor-grid-mobile-1 elementor-widget elementor-widget-portfolio\" data-id=\"bfddcba\" data-element_type=\"widget\" data-e-type=\"widget\" data-settings=\"{&quot;item_ratio&quot;:{&quot;unit&quot;:&quot;px&quot;,&quot;size&quot;:0.83,&quot;sizes&quot;:[]},&quot;columns&quot;:&quot;3&quot;,&quot;columns_tablet&quot;:&quot;2&quot;,&quot;columns_mobile&quot;:&quot;1&quot;,&quot;item_gap&quot;:{&quot;unit&quot;:&quot;px&quot;,&quot;size&quot;:&quot;&quot;,&quot;sizes&quot;:[]},&quot;row_gap&quot;:{&quot;unit&quot;:&quot;px&quot;,&quot;size&quot;:&quot;&quot;,&quot;sizes&quot;:[]}}\" data-widget_type=\"portfolio.default\">\n\t\t\t\t<div class=\"elementor-widget-container\">\n\t\t\t\t\t\t\t<div class=\"elementor-portfolio elementor-grid elementor-posts-container\" role=\"list\">\n\t\t\t\t<article class=\"elementor-portfolio-item elementor-post elementor-filter-178 post-30105 post type-post status-publish format-standard has-post-thumbnail hentry category-proyectos-en-ejecucion tag-proyecto-mujeres-mercedes-umana-y-nueva-granada\" role=\"listitem\">\n\t\t\t<a class=\"elementor-post__thumbnail__link\" href=\"https:\/\/mujeresmsm.org\/en\/proyectos-en-ejecucion\/conmemoracion-dia-mundial-medio-ambiente\/\">\n\t\t\t\t<div class=\"elementor-portfolio-item__img elementor-post__thumbnail\">\n\t\t\t<img fetchpriority=\"high\" decoding=\"async\" width=\"1600\" height=\"1066\" src=\"https:\/\/mujeresmsm.org\/wp-content\/uploads\/2024\/08\/WhatsApp-Image-2024-07-30-at-9.38.51-AM-4.jpeg\" class=\"attachment-full size-full wp-image-30094\" alt=\"\" srcset=\"https:\/\/mujeresmsm.org\/wp-content\/uploads\/2024\/08\/WhatsApp-Image-2024-07-30-at-9.38.51-AM-4.jpeg 1600w, https:\/\/mujeresmsm.org\/wp-content\/uploads\/2024\/08\/WhatsApp-Image-2024-07-30-at-9.38.51-AM-4-300x200.jpeg 300w, https:\/\/mujeresmsm.org\/wp-content\/uploads\/2024\/08\/WhatsApp-Image-2024-07-30-at-9.38.51-AM-4-1024x682.jpeg 1024w, https:\/\/mujeresmsm.org\/wp-content\/uploads\/2024\/08\/WhatsApp-Image-2024-07-30-at-9.38.51-AM-4-768x512.jpeg 768w, https:\/\/mujeresmsm.org\/wp-content\/uploads\/2024\/08\/WhatsApp-Image-2024-07-30-at-9.38.51-AM-4-1536x1023.jpeg 1536w, https:\/\/mujeresmsm.org\/wp-content\/uploads\/2024\/08\/WhatsApp-Image-2024-07-30-at-9.38.51-AM-4-18x12.jpeg 18w\" sizes=\"(max-width: 1600px) 100vw, 1600px\" \/>\t\t<\/div>\n\t\t\t\t<div class=\"elementor-portfolio-item__overlay\">\n\t\t\t\t<h3 class=\"elementor-portfolio-item__title\">\n\t\tConmemoraci\u00f3n del D\u00eda Mundial del Medio Ambiente\t\t<\/h3>\n\t\t\t\t<\/div>\n\t\t\t\t<\/a>\n\t\t<\/article>\n\t\t\t\t<article class=\"elementor-portfolio-item elementor-post elementor-filter-178 post-30091 post type-post status-publish format-standard has-post-thumbnail hentry category-proyectos-en-ejecucion tag-proyecto-mujeres-mercedes-umana-y-nueva-granada\" role=\"listitem\">\n\t\t\t<a class=\"elementor-post__thumbnail__link\" href=\"https:\/\/mujeresmsm.org\/en\/proyectos-en-ejecucion\/recopilacion-mensajes-campana-3r\/\">\n\t\t\t\t<div class=\"elementor-portfolio-item__img elementor-post__thumbnail\">\n\t\t\t<img decoding=\"async\" width=\"1280\" height=\"960\" src=\"https:\/\/mujeresmsm.org\/wp-content\/uploads\/2024\/08\/WhatsApp-Image-2024-07-30-at-9.48.04-AM-4.jpeg\" class=\"attachment-full size-full wp-image-30072\" alt=\"\" srcset=\"https:\/\/mujeresmsm.org\/wp-content\/uploads\/2024\/08\/WhatsApp-Image-2024-07-30-at-9.48.04-AM-4.jpeg 1280w, https:\/\/mujeresmsm.org\/wp-content\/uploads\/2024\/08\/WhatsApp-Image-2024-07-30-at-9.48.04-AM-4-300x225.jpeg 300w, https:\/\/mujeresmsm.org\/wp-content\/uploads\/2024\/08\/WhatsApp-Image-2024-07-30-at-9.48.04-AM-4-1024x768.jpeg 1024w, https:\/\/mujeresmsm.org\/wp-content\/uploads\/2024\/08\/WhatsApp-Image-2024-07-30-at-9.48.04-AM-4-768x576.jpeg 768w, https:\/\/mujeresmsm.org\/wp-content\/uploads\/2024\/08\/WhatsApp-Image-2024-07-30-at-9.48.04-AM-4-16x12.jpeg 16w\" sizes=\"(max-width: 1280px) 100vw, 1280px\" \/>\t\t<\/div>\n\t\t\t\t<div class=\"elementor-portfolio-item__overlay\">\n\t\t\t\t<h3 class=\"elementor-portfolio-item__title\">\n\t\tRecopilaci\u00f3n de mensajes para campa\u00f1a 3R\t\t<\/h3>\n\t\t\t\t<\/div>\n\t\t\t\t<\/a>\n\t\t<\/article>\n\t\t\t\t<article class=\"elementor-portfolio-item elementor-post elementor-filter-178 post-30083 post type-post status-publish format-standard has-post-thumbnail hentry category-proyectos-en-ejecucion tag-proyecto-mujeres-mercedes-umana-y-nueva-granada\" role=\"listitem\">\n\t\t\t<a class=\"elementor-post__thumbnail__link\" href=\"https:\/\/mujeresmsm.org\/en\/proyectos-en-ejecucion\/manejo-de-medios-para-campana-3r\/\">\n\t\t\t\t<div class=\"elementor-portfolio-item__img elementor-post__thumbnail\">\n\t\t\t<img decoding=\"async\" width=\"2560\" height=\"1707\" src=\"https:\/\/mujeresmsm.org\/wp-content\/uploads\/2024\/08\/IMG_1523-scaled.jpg\" class=\"attachment-full size-full wp-image-30044\" alt=\"\" srcset=\"https:\/\/mujeresmsm.org\/wp-content\/uploads\/2024\/08\/IMG_1523-scaled.jpg 2560w, https:\/\/mujeresmsm.org\/wp-content\/uploads\/2024\/08\/IMG_1523-300x200.jpg 300w, https:\/\/mujeresmsm.org\/wp-content\/uploads\/2024\/08\/IMG_1523-1024x683.jpg 1024w, https:\/\/mujeresmsm.org\/wp-content\/uploads\/2024\/08\/IMG_1523-768x512.jpg 768w, https:\/\/mujeresmsm.org\/wp-content\/uploads\/2024\/08\/IMG_1523-1536x1024.jpg 1536w, https:\/\/mujeresmsm.org\/wp-content\/uploads\/2024\/08\/IMG_1523-2048x1365.jpg 2048w, https:\/\/mujeresmsm.org\/wp-content\/uploads\/2024\/08\/IMG_1523-18x12.jpg 18w\" sizes=\"(max-width: 2560px) 100vw, 2560px\" \/>\t\t<\/div>\n\t\t\t\t<div class=\"elementor-portfolio-item__overlay\">\n\t\t\t\t<h3 class=\"elementor-portfolio-item__title\">\n\t\tManejo de medios para campa\u00f1a 3R\t\t<\/h3>\n\t\t\t\t<\/div>\n\t\t\t\t<\/a>\n\t\t<\/article>\n\t\t\t\t<article class=\"elementor-portfolio-item elementor-post elementor-filter-178 post-30057 post type-post status-publish format-standard has-post-thumbnail hentry category-proyectos-en-ejecucion tag-proyecto-mujeres-mercedes-umana-y-nueva-granada\" role=\"listitem\">\n\t\t\t<a class=\"elementor-post__thumbnail__link\" href=\"https:\/\/mujeresmsm.org\/en\/proyectos-en-ejecucion\/presentacion-linea-base-mercedes-umana-nueva-granada\/\">\n\t\t\t\t<div class=\"elementor-portfolio-item__img elementor-post__thumbnail\">\n\t\t\t<img loading=\"lazy\" decoding=\"async\" width=\"2560\" height=\"1707\" src=\"https:\/\/mujeresmsm.org\/wp-content\/uploads\/2024\/08\/IMG_0960-scaled.jpg\" class=\"attachment-full size-full wp-image-30058\" alt=\"\" srcset=\"https:\/\/mujeresmsm.org\/wp-content\/uploads\/2024\/08\/IMG_0960-scaled.jpg 2560w, https:\/\/mujeresmsm.org\/wp-content\/uploads\/2024\/08\/IMG_0960-300x200.jpg 300w, https:\/\/mujeresmsm.org\/wp-content\/uploads\/2024\/08\/IMG_0960-1024x683.jpg 1024w, https:\/\/mujeresmsm.org\/wp-content\/uploads\/2024\/08\/IMG_0960-768x512.jpg 768w, https:\/\/mujeresmsm.org\/wp-content\/uploads\/2024\/08\/IMG_0960-1536x1024.jpg 1536w, https:\/\/mujeresmsm.org\/wp-content\/uploads\/2024\/08\/IMG_0960-2048x1365.jpg 2048w, https:\/\/mujeresmsm.org\/wp-content\/uploads\/2024\/08\/IMG_0960-18x12.jpg 18w\" sizes=\"(max-width: 2560px) 100vw, 2560px\" \/>\t\t<\/div>\n\t\t\t\t<div class=\"elementor-portfolio-item__overlay\">\n\t\t\t\t<h3 class=\"elementor-portfolio-item__title\">\n\t\tPresentaci\u00f3n de L\u00ednea Base, Mercedes Uma\u00f1a y Nueva Granada\t\t<\/h3>\n\t\t\t\t<\/div>\n\t\t\t\t<\/a>\n\t\t<\/article>\n\t\t\t\t<article class=\"elementor-portfolio-item elementor-post elementor-filter-178 post-30023 post type-post status-publish format-standard has-post-thumbnail hentry category-proyectos-en-ejecucion tag-proyecto-mujeres-mercedes-umana-y-nueva-granada\" role=\"listitem\">\n\t\t\t<a class=\"elementor-post__thumbnail__link\" href=\"https:\/\/mujeresmsm.org\/en\/proyectos-en-ejecucion\/conmemoracion-8m\/\">\n\t\t\t\t<div class=\"elementor-portfolio-item__img elementor-post__thumbnail\">\n\t\t\t<img loading=\"lazy\" decoding=\"async\" width=\"2560\" height=\"1707\" src=\"https:\/\/mujeresmsm.org\/wp-content\/uploads\/2024\/08\/IMG_0058-scaled.jpg\" class=\"attachment-full size-full wp-image-30030\" alt=\"\" srcset=\"https:\/\/mujeresmsm.org\/wp-content\/uploads\/2024\/08\/IMG_0058-scaled.jpg 2560w, https:\/\/mujeresmsm.org\/wp-content\/uploads\/2024\/08\/IMG_0058-300x200.jpg 300w, https:\/\/mujeresmsm.org\/wp-content\/uploads\/2024\/08\/IMG_0058-1024x683.jpg 1024w, https:\/\/mujeresmsm.org\/wp-content\/uploads\/2024\/08\/IMG_0058-768x512.jpg 768w, https:\/\/mujeresmsm.org\/wp-content\/uploads\/2024\/08\/IMG_0058-1536x1024.jpg 1536w, https:\/\/mujeresmsm.org\/wp-content\/uploads\/2024\/08\/IMG_0058-2048x1365.jpg 2048w, https:\/\/mujeresmsm.org\/wp-content\/uploads\/2024\/08\/IMG_0058-18x12.jpg 18w\" sizes=\"(max-width: 2560px) 100vw, 2560px\" \/>\t\t<\/div>\n\t\t\t\t<div class=\"elementor-portfolio-item__overlay\">\n\t\t\t\t<h3 class=\"elementor-portfolio-item__title\">\n\t\tConmemoraci\u00f3n 8M\t\t<\/h3>\n\t\t\t\t<\/div>\n\t\t\t\t<\/a>\n\t\t<\/article>\n\t\t\t\t<\/div>\n\t\t\t\t\t\t<\/div>\n\t\t\t\t<\/div>\n\t\t\t\t<\/div>\n\t\t\t\t\t<\/div>\n\t\t\t\t<\/div>\n\t\t<div class=\"elementor-element elementor-element-18dbbb2a e-con-full e-flex wpr-particle-no wpr-jarallax-no wpr-parallax-no wpr-sticky-section-no wpr-column-slider-no wpr-equal-height-no e-con e-parent\" data-id=\"18dbbb2a\" data-element_type=\"container\" data-e-type=\"container\">\n\t\t<div class=\"elementor-element elementor-element-76f6e12f e-con-full e-flex wpr-particle-no wpr-jarallax-no wpr-parallax-no wpr-sticky-section-no wpr-column-slider-no wpr-equal-height-no e-con e-child\" data-id=\"76f6e12f\" data-element_type=\"container\" data-e-type=\"container\">\n\t\t\t\t<div class=\"elementor-element elementor-element-7260db2b elementor-widget elementor-widget-image\" data-id=\"7260db2b\" data-element_type=\"widget\" data-e-type=\"widget\" data-widget_type=\"image.default\">\n\t\t\t\t<div class=\"elementor-widget-container\">\n\t\t\t\t\t\t\t\t\t\t\t\t\t\t\t<img loading=\"lazy\" decoding=\"async\" width=\"800\" height=\"534\" src=\"https:\/\/mujeresmsm.org\/wp-content\/uploads\/2024\/08\/IMG_9869-1024x683.jpg\" class=\"attachment-large size-large wp-image-29931\" alt=\"\" srcset=\"https:\/\/mujeresmsm.org\/wp-content\/uploads\/2024\/08\/IMG_9869-1024x683.jpg 1024w, https:\/\/mujeresmsm.org\/wp-content\/uploads\/2024\/08\/IMG_9869-300x200.jpg 300w, https:\/\/mujeresmsm.org\/wp-content\/uploads\/2024\/08\/IMG_9869-768x512.jpg 768w, https:\/\/mujeresmsm.org\/wp-content\/uploads\/2024\/08\/IMG_9869-1536x1024.jpg 1536w, https:\/\/mujeresmsm.org\/wp-content\/uploads\/2024\/08\/IMG_9869-18x12.jpg 18w, https:\/\/mujeresmsm.org\/wp-content\/uploads\/2024\/08\/IMG_9869.jpg 1920w\" sizes=\"(max-width: 800px) 100vw, 800px\" \/>\t\t\t\t\t\t\t\t\t\t\t\t\t\t\t<\/div>\n\t\t\t\t<\/div>\n\t\t\t\t<\/div>\n\t\t<div class=\"elementor-element elementor-element-7ccd97c5 e-con-full e-flex wpr-particle-no wpr-jarallax-no wpr-parallax-no wpr-sticky-section-no wpr-column-slider-no wpr-equal-height-no e-con e-child\" data-id=\"7ccd97c5\" data-element_type=\"container\" data-e-type=\"container\">\n\t\t\t\t<div class=\"elementor-element elementor-element-3b75d38f elementor-widget elementor-widget-heading\" data-id=\"3b75d38f\" data-element_type=\"widget\" data-e-type=\"widget\" data-widget_type=\"heading.default\">\n\t\t\t\t<div class=\"elementor-widget-container\">\n\t\t\t\t\t<h3 class=\"elementor-heading-title elementor-size-default\">Proyecto LibrES<\/h3>\t\t\t\t<\/div>\n\t\t\t\t<\/div>\n\t\t\t\t<div class=\"elementor-element elementor-element-4e95115 elementor-mobile-align-center elementor-tablet-align-center elementor-widget elementor-widget-button\" data-id=\"4e95115\" data-element_type=\"widget\" data-e-type=\"widget\" data-widget_type=\"button.default\">\n\t\t\t\t<div class=\"elementor-widget-container\">\n\t\t\t\t\t\t\t\t\t<div class=\"elementor-button-wrapper\">\n\t\t\t\t\t<a class=\"elementor-button elementor-button-link elementor-size-sm\" href=\"https:\/\/mujeresmsm.org\/en\/libres-el-salvador-libre-violencia-primera-fase\/\">\n\t\t\t\t\t\t<span class=\"elementor-button-content-wrapper\">\n\t\t\t\t\t\t\t\t\t<span class=\"elementor-button-text\">Leer m\u00e1s<\/span>\n\t\t\t\t\t<\/span>\n\t\t\t\t\t<\/a>\n\t\t\t\t<\/div>\n\t\t\t\t\t\t\t\t<\/div>\n\t\t\t\t<\/div>\n\t\t\t\t<\/div>\n\t\t\t\t<\/div>\n\t\t\t\t<\/div>","protected":false},"excerpt":{"rendered":"<p>PROYECTO: Mujeres de Mercedes Uma\u00f1a y Nueva Granada por el derecho a una vida saludable y libre de violencia Agencia de cooperaci\u00f3n: Proclade Yanapay &#8211; Gobierno Vasco Ubicaci\u00f3n: Usulut\u00e1n: Nueva Granada Y Mercedes Uma\u00f1a Fecha de inicio y finalizaci\u00f3n: Inicia: 01\/01\/2023 Finaliza: 30\/12\/2024 Plazo: 2 a\u00f1os Proyecto LibrES Leer m\u00e1s<\/p>","protected":false},"author":1,"featured_media":30018,"parent":0,"menu_order":0,"comment_status":"closed","ping_status":"closed","template":"","meta":{"footnotes":""},"class_list":["post-30017","page","type-page","status-publish","has-post-thumbnail","hentry"],"aioseo_notices":[],"_links":{"self":[{"href":"https:\/\/mujeresmsm.org\/en\/wp-json\/wp\/v2\/pages\/30017","targetHints":{"allow":["GET"]}}],"collection":[{"href":"https:\/\/mujeresmsm.org\/en\/wp-json\/wp\/v2\/pages"}],"about":[{"href":"https:\/\/mujeresmsm.org\/en\/wp-json\/wp\/v2\/types\/page"}],"author":[{"embeddable":true,"href":"https:\/\/mujeresmsm.org\/en\/wp-json\/wp\/v2\/users\/1"}],"replies":[{"embeddable":true,"href":"https:\/\/mujeresmsm.org\/en\/wp-json\/wp\/v2\/comments?post=30017"}],"version-history":[{"count":10,"href":"https:\/\/mujeresmsm.org\/en\/wp-json\/wp\/v2\/pages\/30017\/revisions"}],"predecessor-version":[{"id":30104,"href":"https:\/\/mujeresmsm.org\/en\/wp-json\/wp\/v2\/pages\/30017\/revisions\/30104"}],"wp:featuredmedia":[{"embeddable":true,"href":"https:\/\/mujeresmsm.org\/en\/wp-json\/wp\/v2\/media\/30018"}],"wp:attachment":[{"href":"https:\/\/mujeresmsm.org\/en\/wp-json\/wp\/v2\/media?parent=30017"}],"curies":[{"name":"wp","href":"https:\/\/api.w.org\/{rel}","templated":true}]}}