{"id":29910,"date":"2024-08-01T20:27:42","date_gmt":"2024-08-02T02:27:42","guid":{"rendered":"https:\/\/mujeresmsm.org\/?page_id=29910"},"modified":"2024-08-03T07:39:00","modified_gmt":"2024-08-03T13:39:00","slug":"libres-el-salvador-libre-violencia-primera-fase","status":"publish","type":"page","link":"https:\/\/mujeresmsm.org\/en\/libres-el-salvador-libre-violencia-primera-fase\/","title":{"rendered":"LibrES: Por un El Salvador Libre de Violencia &#8211; Primera Fase\u00a0\u00a0\u00a0\u00a0\u00a0\u00a0\u00a0\u00a0\u00a0"},"content":{"rendered":"<div data-elementor-type=\"wp-page\" data-elementor-id=\"29910\" class=\"elementor elementor-29910\" data-elementor-post-type=\"page\">\n\t\t\t\t<div class=\"elementor-element elementor-element-1a45640f e-flex e-con-boxed wpr-particle-no wpr-jarallax-no wpr-parallax-no wpr-sticky-section-no wpr-column-slider-no wpr-equal-height-no e-con e-parent\" data-id=\"1a45640f\" data-element_type=\"container\" data-e-type=\"container\">\n\t\t\t\t\t<div class=\"e-con-inner\">\n\t\t\t\t<div class=\"elementor-element elementor-element-7ef63035 elementor-widget elementor-widget-text-editor\" data-id=\"7ef63035\" data-element_type=\"widget\" data-e-type=\"widget\" data-widget_type=\"text-editor.default\">\n\t\t\t\t<div class=\"elementor-widget-container\">\n\t\t\t\t\t\t\t\t\t<p>PROYECTO:<\/p>\t\t\t\t\t\t\t\t<\/div>\n\t\t\t\t<\/div>\n\t\t\t\t<div class=\"elementor-element elementor-element-7b466dfd elementor-widget elementor-widget-heading\" data-id=\"7b466dfd\" data-element_type=\"widget\" data-e-type=\"widget\" data-widget_type=\"heading.default\">\n\t\t\t\t<div class=\"elementor-widget-container\">\n\t\t\t\t\t<h2 class=\"elementor-heading-title elementor-size-default\">LibrES: Por un El Salvador Libre de Violencia \u2013 Primera Fase         \n<\/h2>\t\t\t\t<\/div>\n\t\t\t\t<\/div>\n\t\t\t\t\t<\/div>\n\t\t\t\t<\/div>\n\t\t<div class=\"elementor-element elementor-element-5a5d445c e-flex e-con-boxed wpr-particle-no wpr-jarallax-no wpr-parallax-no wpr-sticky-section-no wpr-column-slider-no wpr-equal-height-no e-con e-parent\" data-id=\"5a5d445c\" data-element_type=\"container\" data-e-type=\"container\">\n\t\t\t\t\t<div class=\"e-con-inner\">\n\t\t<div class=\"elementor-element elementor-element-475513d1 e-con-full e-flex wpr-particle-no wpr-jarallax-no wpr-parallax-no wpr-sticky-section-no wpr-column-slider-no wpr-equal-height-no e-con e-child\" data-id=\"475513d1\" data-element_type=\"container\" data-e-type=\"container\">\n\t\t\t\t<div class=\"elementor-element elementor-element-35686cd1 elementor-widget elementor-widget-text-editor\" data-id=\"35686cd1\" data-element_type=\"widget\" data-e-type=\"widget\" data-widget_type=\"text-editor.default\">\n\t\t\t\t<div class=\"elementor-widget-container\">\n\t\t\t\t\t\t\t\t\t<p><strong>Agencia de cooperaci\u00f3n:<\/strong><\/p><ul><li>USAID-Universidad Estatal de Arizona<\/li><\/ul><p>\u00a0<\/p><p><strong>Ubicaci\u00f3n:<\/strong><\/p><ul><li>San Miguel<\/li><li>Santa Ana<\/li><li>San Salvador<\/li><li>La Libertad<\/li><\/ul><p>\u00a0<\/p><p><strong>Fecha de inicio y finalizaci\u00f3n:<\/strong><\/p><ul><li>Inicia: Octubre 2022 a octubre 2024<\/li><\/ul><p>\u00a0<\/p><p><strong>Plazo:<\/strong><\/p><ul><li>2 A\u00f1os + 3 que se deben planificar 5 en total<\/li><\/ul>\t\t\t\t\t\t\t\t<\/div>\n\t\t\t\t<\/div>\n\t\t\t\t<\/div>\n\t\t<div class=\"elementor-element elementor-element-39901971 e-con-full e-flex wpr-particle-no wpr-jarallax-no wpr-parallax-no wpr-sticky-section-no wpr-column-slider-no wpr-equal-height-no e-con e-child\" data-id=\"39901971\" data-element_type=\"container\" data-e-type=\"container\">\n\t\t\t\t<div class=\"elementor-element elementor-element-6dc5a3a elementor-grid-3 elementor-grid-tablet-2 elementor-grid-mobile-1 elementor-widget elementor-widget-portfolio\" data-id=\"6dc5a3a\" data-element_type=\"widget\" data-e-type=\"widget\" data-settings=\"{&quot;item_ratio&quot;:{&quot;unit&quot;:&quot;px&quot;,&quot;size&quot;:0.83,&quot;sizes&quot;:[]},&quot;columns&quot;:&quot;3&quot;,&quot;columns_tablet&quot;:&quot;2&quot;,&quot;columns_mobile&quot;:&quot;1&quot;,&quot;item_gap&quot;:{&quot;unit&quot;:&quot;px&quot;,&quot;size&quot;:&quot;&quot;,&quot;sizes&quot;:[]},&quot;row_gap&quot;:{&quot;unit&quot;:&quot;px&quot;,&quot;size&quot;:&quot;&quot;,&quot;sizes&quot;:[]}}\" data-widget_type=\"portfolio.default\">\n\t\t\t\t<div class=\"elementor-widget-container\">\n\t\t\t\t\t\t\t<div class=\"elementor-portfolio elementor-grid elementor-posts-container\" role=\"list\">\n\t\t\t\t<article class=\"elementor-portfolio-item elementor-post elementor-filter-178 elementor-filter-1 post-30506 post type-post status-publish format-standard has-post-thumbnail hentry category-proyectos-en-ejecucion category-sin-categoria tag-proyecto-libres\" role=\"listitem\">\n\t\t\t<a class=\"elementor-post__thumbnail__link\" href=\"https:\/\/mujeresmsm.org\/en\/sin-categoria\/juntas-para-prevenir-la-violencia-de-genero\/\">\n\t\t\t\t<div class=\"elementor-portfolio-item__img elementor-post__thumbnail\">\n\t\t\t<img fetchpriority=\"high\" decoding=\"async\" width=\"1920\" height=\"1280\" src=\"https:\/\/mujeresmsm.org\/wp-content\/uploads\/2024\/12\/IMG_0425.jpg\" class=\"attachment-full size-full wp-image-30511\" alt=\"\" srcset=\"https:\/\/mujeresmsm.org\/wp-content\/uploads\/2024\/12\/IMG_0425.jpg 1920w, https:\/\/mujeresmsm.org\/wp-content\/uploads\/2024\/12\/IMG_0425-300x200.jpg 300w, https:\/\/mujeresmsm.org\/wp-content\/uploads\/2024\/12\/IMG_0425-1024x683.jpg 1024w, https:\/\/mujeresmsm.org\/wp-content\/uploads\/2024\/12\/IMG_0425-768x512.jpg 768w, https:\/\/mujeresmsm.org\/wp-content\/uploads\/2024\/12\/IMG_0425-1536x1024.jpg 1536w, https:\/\/mujeresmsm.org\/wp-content\/uploads\/2024\/12\/IMG_0425-18x12.jpg 18w\" sizes=\"(max-width: 1920px) 100vw, 1920px\" \/>\t\t<\/div>\n\t\t\t\t<div class=\"elementor-portfolio-item__overlay\">\n\t\t\t\t<h3 class=\"elementor-portfolio-item__title\">\n\t\tJuntas para prevenir la violencia de g\u00e9nero\t\t<\/h3>\n\t\t\t\t<\/div>\n\t\t\t\t<\/a>\n\t\t<\/article>\n\t\t\t\t<article class=\"elementor-portfolio-item elementor-post elementor-filter-178 post-30374 post type-post status-publish format-standard has-post-thumbnail hentry category-proyectos-en-ejecucion tag-proyecto-libres\" role=\"listitem\">\n\t\t\t<a class=\"elementor-post__thumbnail__link\" href=\"https:\/\/mujeresmsm.org\/en\/proyectos-en-ejecucion\/campana-deconstruir-construir\/\">\n\t\t\t\t<div class=\"elementor-portfolio-item__img elementor-post__thumbnail\">\n\t\t\t<img decoding=\"async\" width=\"1037\" height=\"691\" src=\"https:\/\/mujeresmsm.org\/wp-content\/uploads\/2024\/08\/IMG_9990.jpg\" class=\"attachment-full size-full wp-image-30386\" alt=\"\" srcset=\"https:\/\/mujeresmsm.org\/wp-content\/uploads\/2024\/08\/IMG_9990.jpg 1037w, https:\/\/mujeresmsm.org\/wp-content\/uploads\/2024\/08\/IMG_9990-300x200.jpg 300w, https:\/\/mujeresmsm.org\/wp-content\/uploads\/2024\/08\/IMG_9990-1024x682.jpg 1024w, https:\/\/mujeresmsm.org\/wp-content\/uploads\/2024\/08\/IMG_9990-768x512.jpg 768w, https:\/\/mujeresmsm.org\/wp-content\/uploads\/2024\/08\/IMG_9990-18x12.jpg 18w\" sizes=\"(max-width: 1037px) 100vw, 1037px\" \/>\t\t<\/div>\n\t\t\t\t<div class=\"elementor-portfolio-item__overlay\">\n\t\t\t\t<h3 class=\"elementor-portfolio-item__title\">\n\t\tCampa\u00f1a Deconstruir para Construir\t\t<\/h3>\n\t\t\t\t<\/div>\n\t\t\t\t<\/a>\n\t\t<\/article>\n\t\t\t\t<article class=\"elementor-portfolio-item elementor-post elementor-filter-178 post-30355 post type-post status-publish format-standard has-post-thumbnail hentry category-proyectos-en-ejecucion tag-proyecto-libres\" role=\"listitem\">\n\t\t\t<a class=\"elementor-post__thumbnail__link\" href=\"https:\/\/mujeresmsm.org\/en\/proyectos-en-ejecucion\/elaboracion-mapas-riesgo-prevencion-violencia-basada-genero\/\">\n\t\t\t\t<div class=\"elementor-portfolio-item__img elementor-post__thumbnail\">\n\t\t\t<img decoding=\"async\" width=\"1037\" height=\"691\" src=\"https:\/\/mujeresmsm.org\/wp-content\/uploads\/2024\/08\/IMG_0222.jpg\" class=\"attachment-full size-full wp-image-30361\" alt=\"\" srcset=\"https:\/\/mujeresmsm.org\/wp-content\/uploads\/2024\/08\/IMG_0222.jpg 1037w, https:\/\/mujeresmsm.org\/wp-content\/uploads\/2024\/08\/IMG_0222-300x200.jpg 300w, https:\/\/mujeresmsm.org\/wp-content\/uploads\/2024\/08\/IMG_0222-1024x682.jpg 1024w, https:\/\/mujeresmsm.org\/wp-content\/uploads\/2024\/08\/IMG_0222-768x512.jpg 768w, https:\/\/mujeresmsm.org\/wp-content\/uploads\/2024\/08\/IMG_0222-18x12.jpg 18w\" sizes=\"(max-width: 1037px) 100vw, 1037px\" \/>\t\t<\/div>\n\t\t\t\t<div class=\"elementor-portfolio-item__overlay\">\n\t\t\t\t<h3 class=\"elementor-portfolio-item__title\">\n\t\tElaboraci\u00f3n de mapas de riesgo y prevenci\u00f3n de la violencia basada en g\u00e9nero\t\t<\/h3>\n\t\t\t\t<\/div>\n\t\t\t\t<\/a>\n\t\t<\/article>\n\t\t\t\t<article class=\"elementor-portfolio-item elementor-post elementor-filter-178 post-29955 post type-post status-publish format-standard has-post-thumbnail hentry category-proyectos-en-ejecucion tag-proyecto-libres\" role=\"listitem\">\n\t\t\t<a class=\"elementor-post__thumbnail__link\" href=\"https:\/\/mujeresmsm.org\/en\/proyectos-en-ejecucion\/procesos-de-sensibilizacion\/\">\n\t\t\t\t<div class=\"elementor-portfolio-item__img elementor-post__thumbnail\">\n\t\t\t<img loading=\"lazy\" decoding=\"async\" width=\"2560\" height=\"1707\" src=\"https:\/\/mujeresmsm.org\/wp-content\/uploads\/2024\/08\/IMG_1208-scaled.jpg\" class=\"attachment-full size-full wp-image-29956\" alt=\"\" srcset=\"https:\/\/mujeresmsm.org\/wp-content\/uploads\/2024\/08\/IMG_1208-scaled.jpg 2560w, https:\/\/mujeresmsm.org\/wp-content\/uploads\/2024\/08\/IMG_1208-300x200.jpg 300w, https:\/\/mujeresmsm.org\/wp-content\/uploads\/2024\/08\/IMG_1208-1024x683.jpg 1024w, https:\/\/mujeresmsm.org\/wp-content\/uploads\/2024\/08\/IMG_1208-768x512.jpg 768w, https:\/\/mujeresmsm.org\/wp-content\/uploads\/2024\/08\/IMG_1208-1536x1024.jpg 1536w, https:\/\/mujeresmsm.org\/wp-content\/uploads\/2024\/08\/IMG_1208-2048x1365.jpg 2048w, https:\/\/mujeresmsm.org\/wp-content\/uploads\/2024\/08\/IMG_1208-18x12.jpg 18w\" sizes=\"(max-width: 2560px) 100vw, 2560px\" \/>\t\t<\/div>\n\t\t\t\t<div class=\"elementor-portfolio-item__overlay\">\n\t\t\t\t<h3 class=\"elementor-portfolio-item__title\">\n\t\tProcesos de sensibilizaci\u00f3n\t\t<\/h3>\n\t\t\t\t<\/div>\n\t\t\t\t<\/a>\n\t\t<\/article>\n\t\t\t\t<article class=\"elementor-portfolio-item elementor-post elementor-filter-178 post-29924 post type-post status-publish format-standard has-post-thumbnail hentry category-proyectos-en-ejecucion tag-proyecto-libres\" role=\"listitem\">\n\t\t\t<a class=\"elementor-post__thumbnail__link\" href=\"https:\/\/mujeresmsm.org\/en\/proyectos-en-ejecucion\/firma-carta-entendimiento-san-miguel-norte\/\">\n\t\t\t\t<div class=\"elementor-portfolio-item__img elementor-post__thumbnail\">\n\t\t\t<img loading=\"lazy\" decoding=\"async\" width=\"2560\" height=\"1707\" src=\"https:\/\/mujeresmsm.org\/wp-content\/uploads\/2024\/08\/IMG_1346-scaled.jpg\" class=\"attachment-full size-full wp-image-29935\" alt=\"\" srcset=\"https:\/\/mujeresmsm.org\/wp-content\/uploads\/2024\/08\/IMG_1346-scaled.jpg 2560w, https:\/\/mujeresmsm.org\/wp-content\/uploads\/2024\/08\/IMG_1346-300x200.jpg 300w, https:\/\/mujeresmsm.org\/wp-content\/uploads\/2024\/08\/IMG_1346-1024x683.jpg 1024w, https:\/\/mujeresmsm.org\/wp-content\/uploads\/2024\/08\/IMG_1346-768x512.jpg 768w, https:\/\/mujeresmsm.org\/wp-content\/uploads\/2024\/08\/IMG_1346-1536x1024.jpg 1536w, https:\/\/mujeresmsm.org\/wp-content\/uploads\/2024\/08\/IMG_1346-2048x1365.jpg 2048w, https:\/\/mujeresmsm.org\/wp-content\/uploads\/2024\/08\/IMG_1346-18x12.jpg 18w\" sizes=\"(max-width: 2560px) 100vw, 2560px\" \/>\t\t<\/div>\n\t\t\t\t<div class=\"elementor-portfolio-item__overlay\">\n\t\t\t\t<h3 class=\"elementor-portfolio-item__title\">\n\t\tFirma de carta de entendimiento San Miguel Norte\t\t<\/h3>\n\t\t\t\t<\/div>\n\t\t\t\t<\/a>\n\t\t<\/article>\n\t\t\t\t<\/div>\n\t\t\t\t\t\t<\/div>\n\t\t\t\t<\/div>\n\t\t\t\t<\/div>\n\t\t\t\t\t<\/div>\n\t\t\t\t<\/div>\n\t\t<div class=\"elementor-element elementor-element-3eb2e106 e-con-full e-flex wpr-particle-no wpr-jarallax-no wpr-parallax-no wpr-sticky-section-no wpr-column-slider-no wpr-equal-height-no e-con e-parent\" data-id=\"3eb2e106\" data-element_type=\"container\" data-e-type=\"container\">\n\t\t<div class=\"elementor-element elementor-element-57f20229 e-con-full e-flex wpr-particle-no wpr-jarallax-no wpr-parallax-no wpr-sticky-section-no wpr-column-slider-no wpr-equal-height-no e-con e-child\" data-id=\"57f20229\" data-element_type=\"container\" data-e-type=\"container\">\n\t\t\t\t<div class=\"elementor-element elementor-element-58950027 elementor-widget elementor-widget-image\" data-id=\"58950027\" data-element_type=\"widget\" data-e-type=\"widget\" data-widget_type=\"image.default\">\n\t\t\t\t<div class=\"elementor-widget-container\">\n\t\t\t\t\t\t\t\t\t\t\t\t\t\t\t<img loading=\"lazy\" decoding=\"async\" width=\"800\" height=\"600\" src=\"https:\/\/mujeresmsm.org\/wp-content\/uploads\/2024\/08\/1722347170093-1024x768.jpg\" class=\"attachment-large size-large wp-image-30115\" alt=\"\" srcset=\"https:\/\/mujeresmsm.org\/wp-content\/uploads\/2024\/08\/1722347170093-1024x768.jpg 1024w, https:\/\/mujeresmsm.org\/wp-content\/uploads\/2024\/08\/1722347170093-300x225.jpg 300w, https:\/\/mujeresmsm.org\/wp-content\/uploads\/2024\/08\/1722347170093-768x576.jpg 768w, https:\/\/mujeresmsm.org\/wp-content\/uploads\/2024\/08\/1722347170093-1536x1152.jpg 1536w, https:\/\/mujeresmsm.org\/wp-content\/uploads\/2024\/08\/1722347170093-2048x1536.jpg 2048w, https:\/\/mujeresmsm.org\/wp-content\/uploads\/2024\/08\/1722347170093-16x12.jpg 16w\" sizes=\"(max-width: 800px) 100vw, 800px\" \/>\t\t\t\t\t\t\t\t\t\t\t\t\t\t\t<\/div>\n\t\t\t\t<\/div>\n\t\t\t\t<\/div>\n\t\t<div class=\"elementor-element elementor-element-1e30cab9 e-con-full e-flex wpr-particle-no wpr-jarallax-no wpr-parallax-no wpr-sticky-section-no wpr-column-slider-no wpr-equal-height-no e-con e-child\" data-id=\"1e30cab9\" data-element_type=\"container\" data-e-type=\"container\">\n\t\t\t\t<div class=\"elementor-element elementor-element-47ff5ea7 elementor-widget elementor-widget-heading\" data-id=\"47ff5ea7\" data-element_type=\"widget\" data-e-type=\"widget\" data-widget_type=\"heading.default\">\n\t\t\t\t<div class=\"elementor-widget-container\">\n\t\t\t\t\t<h3 class=\"elementor-heading-title elementor-size-default\">Proyecto Mujeres de San Marcos activas por sus derechos especialmente a una vida libre de violencia<\/h3>\t\t\t\t<\/div>\n\t\t\t\t<\/div>\n\t\t\t\t<div class=\"elementor-element elementor-element-56076d88 elementor-mobile-align-center elementor-tablet-align-center elementor-widget elementor-widget-button\" data-id=\"56076d88\" data-element_type=\"widget\" data-e-type=\"widget\" data-widget_type=\"button.default\">\n\t\t\t\t<div class=\"elementor-widget-container\">\n\t\t\t\t\t\t\t\t\t<div class=\"elementor-button-wrapper\">\n\t\t\t\t\t<a class=\"elementor-button elementor-button-link elementor-size-sm\" href=\"https:\/\/mujeresmsm.org\/en\/proyecto-mujeres-san-marcos-activas-derechos-especialmente-vida-libre-violencia\/\">\n\t\t\t\t\t\t<span class=\"elementor-button-content-wrapper\">\n\t\t\t\t\t\t\t\t\t<span class=\"elementor-button-text\">Leer m\u00e1s<\/span>\n\t\t\t\t\t<\/span>\n\t\t\t\t\t<\/a>\n\t\t\t\t<\/div>\n\t\t\t\t\t\t\t\t<\/div>\n\t\t\t\t<\/div>\n\t\t\t\t<\/div>\n\t\t\t\t<\/div>\n\t\t\t\t<\/div>","protected":false},"excerpt":{"rendered":"<p>PROYECTO: LibrES: Por un El Salvador Libre de Violencia \u2013 Primera Fase Agencia de cooperaci\u00f3n: USAID-Universidad Estatal de Arizona \u00a0 Ubicaci\u00f3n: San Miguel Santa Ana San Salvador La Libertad \u00a0 Fecha de inicio y finalizaci\u00f3n: Inicia: Octubre 2022 a octubre 2024 \u00a0 Plazo: 2 A\u00f1os + 3 que se deben planificar 5 en total Proyecto Mujeres de San Marcos activas por sus derechos especialmente a una vida libre de violencia Leer m\u00e1s<\/p>","protected":false},"author":1,"featured_media":29931,"parent":0,"menu_order":0,"comment_status":"closed","ping_status":"closed","template":"","meta":{"footnotes":""},"class_list":["post-29910","page","type-page","status-publish","has-post-thumbnail","hentry"],"aioseo_notices":[],"_links":{"self":[{"href":"https:\/\/mujeresmsm.org\/en\/wp-json\/wp\/v2\/pages\/29910","targetHints":{"allow":["GET"]}}],"collection":[{"href":"https:\/\/mujeresmsm.org\/en\/wp-json\/wp\/v2\/pages"}],"about":[{"href":"https:\/\/mujeresmsm.org\/en\/wp-json\/wp\/v2\/types\/page"}],"author":[{"embeddable":true,"href":"https:\/\/mujeresmsm.org\/en\/wp-json\/wp\/v2\/users\/1"}],"replies":[{"embeddable":true,"href":"https:\/\/mujeresmsm.org\/en\/wp-json\/wp\/v2\/comments?post=29910"}],"version-history":[{"count":34,"href":"https:\/\/mujeresmsm.org\/en\/wp-json\/wp\/v2\/pages\/29910\/revisions"}],"predecessor-version":[{"id":30370,"href":"https:\/\/mujeresmsm.org\/en\/wp-json\/wp\/v2\/pages\/29910\/revisions\/30370"}],"wp:featuredmedia":[{"embeddable":true,"href":"https:\/\/mujeresmsm.org\/en\/wp-json\/wp\/v2\/media\/29931"}],"wp:attachment":[{"href":"https:\/\/mujeresmsm.org\/en\/wp-json\/wp\/v2\/media?parent=29910"}],"curies":[{"name":"wp","href":"https:\/\/api.w.org\/{rel}","templated":true}]}}