{"id":20837,"date":"2020-07-25T17:43:41","date_gmt":"2020-07-25T23:43:41","guid":{"rendered":"https:\/\/mujeresmsm.org\/?page_id=20837"},"modified":"2023-09-11T15:44:41","modified_gmt":"2023-09-11T21:44:41","slug":"antecedentes-y-etapas-de-desarrollo-del-msm","status":"publish","type":"page","link":"https:\/\/mujeresmsm.org\/en\/antecedentes-y-etapas-de-desarrollo-del-msm\/","title":{"rendered":"\ufeffAntecedentes y etapas de desarrollo del Movimiento Salvadore\u00f1o de Mujeres"},"content":{"rendered":"<div data-elementor-type=\"wp-page\" data-elementor-id=\"20837\" class=\"elementor elementor-20837\" data-elementor-post-type=\"page\">\n\t\t\t\t\t\t<section class=\"elementor-section elementor-top-section elementor-element elementor-element-745e156c elementor-section-boxed elementor-section-height-default elementor-section-height-default wpr-particle-no wpr-jarallax-no wpr-parallax-no wpr-sticky-section-no wpr-column-slider-no wpr-equal-height-no\" data-id=\"745e156c\" data-element_type=\"section\" data-e-type=\"section\">\n\t\t\t\t\t\t<div class=\"elementor-container elementor-column-gap-default\">\n\t\t\t\t\t<div class=\"elementor-column elementor-col-100 elementor-top-column elementor-element elementor-element-6193d163\" data-id=\"6193d163\" data-element_type=\"column\" data-e-type=\"column\">\n\t\t\t<div class=\"elementor-widget-wrap elementor-element-populated\">\n\t\t\t\t\t\t<div class=\"elementor-element elementor-element-7ee0fdbd elementor-widget elementor-widget-text-editor\" data-id=\"7ee0fdbd\" data-element_type=\"widget\" data-e-type=\"widget\" data-widget_type=\"text-editor.default\">\n\t\t\t\t<div class=\"elementor-widget-container\">\n\t\t\t\t\t\t\t\t\t<p>\u00a0<\/p><ul><li>El recrudecimiento del conflicto armado en El Salvador en la d\u00e9cada de 80, y las fuerzas guerrilleras en el \u00e1rea rural tomando control en pueblos y monta\u00f1as, las organizaciones de la sociedad civil ganando terreno en la ciudad, las mujeres vimos la necesidad de reunirnos bajo la convicci\u00f3n de que era preciso luchar por todas aquellas mujeres que estaban solas con sus hijos\/as y la carga dom\u00e9stica, las que ten\u00edan que salir adelante mientras sus maridos se incorporaban a la lucha guerrillera, o a la fuerza eran llevados a prestar servicio militar (Reclutamiento forzoso) Es precisamente este c\u00famulo de condiciones las que impulsaron a las mujeres a dar el salto de calidad organiz\u00e1ndose he incorpor\u00e1ndose a la lucha.<\/li><li>Las mujeres de barrios populares y comunidades marginales de la periferia del gran San Salvador, entre ellas profesionales sindicalistas crearon la Asociaci\u00f3n pro Mejoras de la Mujer y la ni\u00f1ez (A.P.M.N.), quienes analizaban la situaci\u00f3n de las mujeres en ese momento. Llegando a la necesidad de crear una organizaci\u00f3n m\u00e1s amplia que integrara a las mujeres del campo y la ciudad pues viv\u00edamos los mismos problemas aunque en diferentes condiciones.<\/li><li>Esta asociaci\u00f3n se fue fortaleciendo con el trabajo voluntario de mujeres que apoyaban, organiz\u00e1ndose en equipos de trabajo, desarrollaban talleres en las comunidades en la periferia de San Salvador, gestionaban recursos &#8211; v\u00edveres, planificaban rifas, se recolectaba dinero con las mujeres del mercado para la sobrevivencia de la organizaci\u00f3n y de algunas de las mujeres para poder movilizarse, instalando tiendas comunitarias es importante reconocer el nivel de solidaridad que en ese entonces exist\u00eda.<\/li><li>Los principales problemas que enfrent\u00e1bamos en ese momento era la inseguridad, el trabajo compartimentado que nos obligaba a actuar de forma clandestina, la falta de recursos econ\u00f3micos, la persecuci\u00f3n e irrespeto a los Derechos Humanos, esta situaci\u00f3n nos llev\u00f3 a unir fuerzas con las mujeres del campo que estaban viviendo en carne propia los combates y desplazamientos en sus comunidades y departamentos despu\u00e9s de muchas reuniones, debates decidimos implementar una lucha pol\u00edtica, ideol\u00f3gica organizada.<\/li><\/ul><p>\u00a0<\/p><p style=\"text-align: center;\">\u00a0<\/p>\t\t\t\t\t\t\t\t<\/div>\n\t\t\t\t<\/div>\n\t\t\t\t\t<\/div>\n\t\t<\/div>\n\t\t\t\t\t<\/div>\n\t\t<\/section>\n\t\t\t\t<\/div>","protected":false},"excerpt":{"rendered":"<p>\u00a0 El recrudecimiento del conflicto armado en El Salvador en la d\u00e9cada de 80, y las fuerzas guerrilleras en el \u00e1rea rural tomando control en pueblos y monta\u00f1as, las organizaciones de la sociedad civil ganando terreno en la ciudad, las mujeres vimos la necesidad de reunirnos bajo la convicci\u00f3n de que era preciso luchar por todas aquellas mujeres que estaban solas con sus hijos\/as y la carga dom\u00e9stica, las que ten\u00edan que salir adelante mientras sus maridos se incorporaban a la lucha guerrillera, o a la fuerza eran llevados a prestar servicio militar (Reclutamiento forzoso) Es precisamente este c\u00famulo de condiciones las que impulsaron a las mujeres a dar el salto de calidad organiz\u00e1ndose he incorpor\u00e1ndose a la lucha. Las mujeres de barrios populares y comunidades marginales de la periferia del gran San Salvador, entre ellas profesionales sindicalistas crearon la Asociaci\u00f3n pro Mejoras de la Mujer y la ni\u00f1ez (A.P.M.N.), quienes analizaban la situaci\u00f3n de las mujeres en ese momento. Llegando a la necesidad de crear una organizaci\u00f3n m\u00e1s amplia que integrara a las mujeres del campo y la ciudad pues viv\u00edamos los mismos problemas aunque en diferentes condiciones. Esta asociaci\u00f3n se fue fortaleciendo con el trabajo voluntario de mujeres que apoyaban, organiz\u00e1ndose en equipos de trabajo, desarrollaban talleres en las comunidades en la periferia de San Salvador, gestionaban recursos &#8211; v\u00edveres, planificaban rifas, se recolectaba dinero con las mujeres del mercado para la sobrevivencia de la organizaci\u00f3n y de algunas de las mujeres para poder movilizarse, instalando tiendas comunitarias es importante reconocer el nivel de solidaridad que en ese entonces exist\u00eda. Los principales problemas que enfrent\u00e1bamos en ese momento era la inseguridad, el trabajo compartimentado que nos obligaba a actuar de forma clandestina, la falta de recursos econ\u00f3micos, la persecuci\u00f3n e irrespeto a los Derechos Humanos, esta situaci\u00f3n nos llev\u00f3 a unir fuerzas con las mujeres del campo que estaban viviendo en carne propia los combates y desplazamientos en sus comunidades y departamentos despu\u00e9s de muchas reuniones, debates decidimos implementar una lucha pol\u00edtica, ideol\u00f3gica organizada. \u00a0 \u00a0<\/p>","protected":false},"author":1,"featured_media":0,"parent":0,"menu_order":0,"comment_status":"closed","ping_status":"closed","template":"","meta":{"footnotes":""},"class_list":["post-20837","page","type-page","status-publish","hentry"],"aioseo_notices":[],"_links":{"self":[{"href":"https:\/\/mujeresmsm.org\/en\/wp-json\/wp\/v2\/pages\/20837","targetHints":{"allow":["GET"]}}],"collection":[{"href":"https:\/\/mujeresmsm.org\/en\/wp-json\/wp\/v2\/pages"}],"about":[{"href":"https:\/\/mujeresmsm.org\/en\/wp-json\/wp\/v2\/types\/page"}],"author":[{"embeddable":true,"href":"https:\/\/mujeresmsm.org\/en\/wp-json\/wp\/v2\/users\/1"}],"replies":[{"embeddable":true,"href":"https:\/\/mujeresmsm.org\/en\/wp-json\/wp\/v2\/comments?post=20837"}],"version-history":[{"count":12,"href":"https:\/\/mujeresmsm.org\/en\/wp-json\/wp\/v2\/pages\/20837\/revisions"}],"predecessor-version":[{"id":28776,"href":"https:\/\/mujeresmsm.org\/en\/wp-json\/wp\/v2\/pages\/20837\/revisions\/28776"}],"wp:attachment":[{"href":"https:\/\/mujeresmsm.org\/en\/wp-json\/wp\/v2\/media?parent=20837"}],"curies":[{"name":"wp","href":"https:\/\/api.w.org\/{rel}","templated":true}]}}