{"id":19463,"date":"2019-12-01T21:03:26","date_gmt":"2019-12-02T03:03:26","guid":{"rendered":"https:\/\/mujeresmsm.org\/?page_id=19463"},"modified":"2020-11-19T10:47:50","modified_gmt":"2020-11-19T16:47:50","slug":"mujeres","status":"publish","type":"page","link":"https:\/\/mujeresmsm.org\/en\/mujeres\/","title":{"rendered":"Mujeres"},"content":{"rendered":"<p>[vc_row css_animation=\u00bb\u00bb row_type=\u00bbrow\u00bb use_row_as_full_screen_section=\u00bbno\u00bb type=\u00bbfull_width\u00bb angled_section=\u00bbno\u00bb text_align=\u00bbleft\u00bb background_image_as_pattern=\u00bbwithout_pattern\u00bb z_index=\u00bb\u00bb background_image=\u00bb20918&#8243; padding_top=\u00bb150&#8243; padding_bottom=\u00bb150&#8243;][vc_column][\/vc_column][\/vc_row][vc_row css_animation=\u00bb\u00bb row_type=\u00bbrow\u00bb use_row_as_full_screen_section=\u00bbno\u00bb type=\u00bbgrid\u00bb angled_section=\u00bbno\u00bb text_align=\u00bbleft\u00bb background_image_as_pattern=\u00bbwithout_pattern\u00bb z_index=\u00bb\u00bb][vc_column][vc_separator type=\u00bbtransparent\u00bb up=\u00bb50&#8243;][\/vc_column][vc_column width=\u00bb1\/2&#8243;][vc_column_text]<\/p>\n<h2>Objetivo Estrat\u00e9gico<\/h2>\n<p>&nbsp;<\/p>\n<p>Promover la gesti\u00f3n del conocimiento y fortalecimiento de liderazgos de mujeres con formaci\u00f3n pol\u00edtica feminista e incidencia, incorpor\u00e1ndolas gradualmente en puestos claves para la toma de decisiones.<br \/>\nLa organizaci\u00f3n es parte fundamental del trabajo con mujeres para lograr incidencia y posicionamiento a nivel territorial y nacional.<\/p>\n<p>&nbsp;<\/p>\n<p>Las lideresas son capacitadas en temas de Derechos Humanos de las Mujeres, convenios y tratados internacionales, Legislaci\u00f3n nacional (Ley Especial Integral para una Vida Libre de Violencia contra las Mujeres y Ley de Igualdad y Erradicaci\u00f3n de la Discriminaci\u00f3n contra las Mujeres), Ruta de acceso a la justicia para las mujeres en situaci\u00f3n de violencia y Desarrollo de la Escuela de Debate Feminista y Diplomados de formaci\u00f3n en liderazgo y empoderamiento.<\/p>\n<p>&nbsp;<\/p>\n<p>Otro de los temas fundamentales es el derecho a la participaci\u00f3n pol\u00edtica y sobre todo en puesto de toma de decisiones estrat\u00e9gicas a favor de las mujeres.<\/p>\n<p>&nbsp;<\/p>\n<p>El empoderamiento de las mujeres las lleva a desarrollar un papel fundamental desde lo comunitario, municipal y nacional; las mujeres llevan a cabo la contralor\u00eda social en todos los \u00e1mbitos. Por lo tanto, una de las leyes fundamentales es la Ley de Acceso a la informaci\u00f3n p\u00fablica.[\/vc_column_text][vc_separator type=\u00bbtransparent\u00bb up=\u00bb35&#8243;][\/vc_column][vc_column width=\u00bb1\/2&#8243;][vc_column_text]<\/p>\n<h2>Desarrollo Local<\/h2>\n<p>&nbsp;<\/p>\n<p>Enfocado a fortalecer el tejido social comunitario, d\u00e1ndole herramientas para el empoderamiento y buen manejo de sus iniciativas econ\u00f3micas, orient\u00e1ndolas a lograr la seguridad alimentaria para ellas y sus familias, a la protecci\u00f3n y conservaci\u00f3n de los recursos naturales, brindarles herramientas necesarias a las diferentes estructuras de mujeres para la incidencia pol\u00edtica y contralar\u00eda ciudadana, local, municipal y nacional.<\/p>\n<p>&nbsp;<\/p>\n<h2>Organizaci\u00f3n y Capacitaci\u00f3n<\/h2>\n<p>&nbsp;<\/p>\n<p>Acompa\u00f1ar a las mujeres organizadas en comit\u00e9s, asociaciones municipales y locales, as\u00ed como impulsar procesos y capacitaci\u00f3n tanto en el tema de derechos humanos, igualdad de g\u00e9nero, desarrollo de liderazgo y capacitaciones en t\u00e9cnicas vocacionales y colectivos de producci\u00f3n.<\/p>\n<p>&nbsp;<\/p>\n<h2>Galer\u00eda<\/h2>\n<p>[\/vc_column_text][qode_advanced_image_gallery type=\u00bbgrid\u00bb enable_image_shadow=\u00bbno\u00bb image_behavior=\u00bblightbox\u00bb number_of_columns=\u00bbfour\u00bb space_between_items=\u00bbnormal\u00bb images=\u00bb19474,19475,19476,19477,21347,21301,21183,21168,21177,21153,21132,21160,21176,21150,21083,21008,20536,20604,20975,20958,20213,20520,20206,20531,21167,21165,21155,21144,21146,21161,21151,21164,21175,21174,21171,21084,21086,21051,21046,21011,21014,20969,20160,20107,20088,20070,20020,20081,20082,19858,19861,19777,19874,19440,19441,19438,19437,19339,19316,19456&#8243; image_size=\u00bbthumbnail\u00bb][\/vc_column][\/vc_row]<\/p>\n","protected":false},"excerpt":{"rendered":"<p>[vc_row css_animation=\u00bb\u00bb row_type=\u00bbrow\u00bb use_row_as_full_screen_section=\u00bbno\u00bb type=\u00bbfull_width\u00bb angled_section=\u00bbno\u00bb text_align=\u00bbleft\u00bb background_image_as_pattern=\u00bbwithout_pattern\u00bb z_index=\u00bb\u00bb background_image=\u00bb20918&#8243; padding_top=\u00bb150&#8243; padding_bottom=\u00bb150&#8243;][vc_column][\/vc_column][\/vc_row][vc_row css_animation=\u00bb\u00bb row_type=\u00bbrow\u00bb use_row_as_full_screen_section=\u00bbno\u00bb type=\u00bbgrid\u00bb angled_section=\u00bbno\u00bb text_align=\u00bbleft\u00bb background_image_as_pattern=\u00bbwithout_pattern\u00bb z_index=\u00bb\u00bb][vc_column][vc_separator type=\u00bbtransparent\u00bb up=\u00bb50&#8243;][\/vc_column][vc_column width=\u00bb1\/2&#8243;][vc_column_text] Objetivo Estrat\u00e9gico &nbsp; Promover la gesti\u00f3n del conocimiento y fortalecimiento de liderazgos de mujeres con formaci\u00f3n pol\u00edtica feminista e incidencia, incorpor\u00e1ndolas gradualmente en puestos claves para la toma de decisiones. La organizaci\u00f3n es parte fundamental del trabajo con mujeres para lograr incidencia y posicionamiento a nivel territorial y nacional. &nbsp; Las lideresas son capacitadas en temas de Derechos Humanos de las Mujeres, convenios y tratados internacionales, Legislaci\u00f3n nacional (Ley Especial Integral para una Vida Libre de Violencia contra las Mujeres y Ley de Igualdad y Erradicaci\u00f3n de la Discriminaci\u00f3n contra las Mujeres), Ruta de acceso a la justicia para las mujeres en situaci\u00f3n de violencia y Desarrollo de la Escuela de Debate Feminista y Diplomados de formaci\u00f3n en liderazgo y empoderamiento. &nbsp; Otro de los temas fundamentales es el derecho a la participaci\u00f3n pol\u00edtica y sobre todo en puesto de toma de decisiones estrat\u00e9gicas a favor de las mujeres. &nbsp; El empoderamiento de las mujeres las lleva a desarrollar un papel fundamental desde lo comunitario, municipal y nacional; las mujeres llevan a cabo la contralor\u00eda social en todos los \u00e1mbitos. Por lo tanto, una de las leyes fundamentales es la Ley de Acceso a la informaci\u00f3n p\u00fablica.[\/vc_column_text][vc_separator type=\u00bbtransparent\u00bb up=\u00bb35&#8243;][\/vc_column][vc_column width=\u00bb1\/2&#8243;][vc_column_text] Desarrollo Local &nbsp; Enfocado a fortalecer el tejido social comunitario, d\u00e1ndole herramientas para el empoderamiento y buen manejo de sus iniciativas econ\u00f3micas, orient\u00e1ndolas a lograr la seguridad alimentaria para ellas y sus familias, a la protecci\u00f3n y conservaci\u00f3n de los recursos naturales, brindarles herramientas necesarias a las diferentes estructuras de mujeres para la incidencia pol\u00edtica y contralar\u00eda ciudadana, local, municipal y nacional. &nbsp; Organizaci\u00f3n y Capacitaci\u00f3n &nbsp; Acompa\u00f1ar a las mujeres organizadas en comit\u00e9s, asociaciones municipales y locales, as\u00ed como impulsar procesos y capacitaci\u00f3n tanto en el tema de derechos humanos, igualdad de g\u00e9nero, desarrollo de liderazgo y capacitaciones en t\u00e9cnicas vocacionales y colectivos de producci\u00f3n. &nbsp; Galer\u00eda [\/vc_column_text][qode_advanced_image_gallery type=\u00bbgrid\u00bb enable_image_shadow=\u00bbno\u00bb image_behavior=\u00bblightbox\u00bb number_of_columns=\u00bbfour\u00bb space_between_items=\u00bbnormal\u00bb images=\u00bb19474,19475,19476,19477,21347,21301,21183,21168,21177,21153,21132,21160,21176,21150,21083,21008,20536,20604,20975,20958,20213,20520,20206,20531,21167,21165,21155,21144,21146,21161,21151,21164,21175,21174,21171,21084,21086,21051,21046,21011,21014,20969,20160,20107,20088,20070,20020,20081,20082,19858,19861,19777,19874,19440,19441,19438,19437,19339,19316,19456&#8243; image_size=\u00bbthumbnail\u00bb][\/vc_column][\/vc_row]<\/p>\n","protected":false},"author":1,"featured_media":0,"parent":0,"menu_order":0,"comment_status":"closed","ping_status":"closed","template":"full_width.php","meta":{"footnotes":""},"class_list":["post-19463","page","type-page","status-publish","hentry"],"aioseo_notices":[],"_links":{"self":[{"href":"https:\/\/mujeresmsm.org\/en\/wp-json\/wp\/v2\/pages\/19463","targetHints":{"allow":["GET"]}}],"collection":[{"href":"https:\/\/mujeresmsm.org\/en\/wp-json\/wp\/v2\/pages"}],"about":[{"href":"https:\/\/mujeresmsm.org\/en\/wp-json\/wp\/v2\/types\/page"}],"author":[{"embeddable":true,"href":"https:\/\/mujeresmsm.org\/en\/wp-json\/wp\/v2\/users\/1"}],"replies":[{"embeddable":true,"href":"https:\/\/mujeresmsm.org\/en\/wp-json\/wp\/v2\/comments?post=19463"}],"version-history":[{"count":11,"href":"https:\/\/mujeresmsm.org\/en\/wp-json\/wp\/v2\/pages\/19463\/revisions"}],"predecessor-version":[{"id":21363,"href":"https:\/\/mujeresmsm.org\/en\/wp-json\/wp\/v2\/pages\/19463\/revisions\/21363"}],"wp:attachment":[{"href":"https:\/\/mujeresmsm.org\/en\/wp-json\/wp\/v2\/media?parent=19463"}],"curies":[{"name":"wp","href":"https:\/\/api.w.org\/{rel}","templated":true}]}}