{"id":18802,"date":"2019-11-28T13:10:30","date_gmt":"2019-11-28T19:10:30","guid":{"rendered":"https:\/\/mujeresmsm.org\/?page_id=18802"},"modified":"2023-09-22T15:39:47","modified_gmt":"2023-09-22T21:39:47","slug":"estructura-organizativa","status":"publish","type":"page","link":"https:\/\/mujeresmsm.org\/en\/quienes-somos\/estructura-organizativa\/","title":{"rendered":"Estructura Organizativa"},"content":{"rendered":"<div data-elementor-type=\"wp-page\" data-elementor-id=\"18802\" class=\"elementor elementor-18802\" data-elementor-post-type=\"page\">\n\t\t\t\t<div class=\"elementor-element elementor-element-e84722e e-flex e-con-boxed wpr-particle-no wpr-jarallax-no wpr-parallax-no wpr-sticky-section-no wpr-column-slider-no wpr-equal-height-no e-con e-parent\" data-id=\"e84722e\" data-element_type=\"container\" data-e-type=\"container\">\n\t\t\t\t\t<div class=\"e-con-inner\">\n\t\t\t\t<div class=\"elementor-element elementor-element-2b5ffcf elementor-widget elementor-widget-heading\" data-id=\"2b5ffcf\" data-element_type=\"widget\" data-e-type=\"widget\" data-widget_type=\"heading.default\">\n\t\t\t\t<div class=\"elementor-widget-container\">\n\t\t\t\t\t<h2 class=\"elementor-heading-title elementor-size-default\">Ejes de nuestro Plan Estrat\u00e9gico 2023 - 2027<\/h2>\t\t\t\t<\/div>\n\t\t\t\t<\/div>\n\t\t\t\t\t<\/div>\n\t\t\t\t<\/div>\n\t\t<div class=\"elementor-element elementor-element-4df66a0 e-flex e-con-boxed wpr-particle-no wpr-jarallax-no wpr-parallax-no wpr-sticky-section-no wpr-column-slider-no wpr-equal-height-no e-con e-parent\" data-id=\"4df66a0\" data-element_type=\"container\" data-e-type=\"container\" data-settings=\"{&quot;background_background&quot;:&quot;classic&quot;}\">\n\t\t\t\t\t<div class=\"e-con-inner\">\n\t\t\t\t<div class=\"elementor-element elementor-element-9e4e22c elementor-widget elementor-widget-shortcode\" data-id=\"9e4e22c\" data-element_type=\"widget\" data-e-type=\"widget\" data-widget_type=\"shortcode.default\">\n\t\t\t\t<div class=\"elementor-widget-container\">\n\t\t\t\t\t\t\t<div class=\"elementor-shortcode\"><div class=\"aioseo-breadcrumbs\"><span class=\"aioseo-breadcrumb\">\n\t\t\t<a href=\"https:\/\/mujeresmsm.org\/en\" title=\"Inicio\">Inicio<\/a>\n\t\t<\/span><span class=\"aioseo-breadcrumb-separator\">&raquo;<\/span><span class=\"aioseo-breadcrumb\">\n\t\t\t<a href=\"https:\/\/mujeresmsm.org\/en\/quienes-somos\/\" title=\"Qui\u00e9nes Somos\">Qui\u00e9nes Somos<\/a>\n\t\t<\/span><span class=\"aioseo-breadcrumb-separator\">&raquo;<\/span><span class=\"aioseo-breadcrumb\">\n\t\t\tEstructura Organizativa\n\t\t<\/span><\/div><\/div>\n\t\t\t\t\t\t<\/div>\n\t\t\t\t<\/div>\n\t\t\t\t\t<\/div>\n\t\t\t\t<\/div>\n\t\t<div class=\"elementor-element elementor-element-0dd0265 e-flex e-con-boxed wpr-particle-no wpr-jarallax-no wpr-parallax-no wpr-sticky-section-no wpr-column-slider-no wpr-equal-height-no e-con e-parent\" data-id=\"0dd0265\" data-element_type=\"container\" data-e-type=\"container\" data-settings=\"{&quot;background_background&quot;:&quot;classic&quot;}\">\n\t\t\t\t\t<div class=\"e-con-inner\">\n\t\t<div class=\"elementor-element elementor-element-fe763a6 e-con-full e-flex wpr-particle-no wpr-jarallax-no wpr-parallax-no wpr-sticky-section-no wpr-column-slider-no wpr-equal-height-no e-con e-parent\" data-id=\"fe763a6\" data-element_type=\"container\" data-e-type=\"container\">\n\t\t\t\t<div class=\"elementor-element elementor-element-4f1e981 elementor-widget elementor-widget-text-editor\" data-id=\"4f1e981\" data-element_type=\"widget\" data-e-type=\"widget\" data-widget_type=\"text-editor.default\">\n\t\t\t\t<div class=\"elementor-widget-container\">\n\t\t\t\t\t\t\t\t\t<p><strong>Mujeres:<\/strong> Organizaci\u00f3n y empoderamiento territorial de las mujeres para la incidencia a nivel local y nacional.<\/p><p><strong>Juventud:<\/strong> Fortalecimiento del trabajo organizativo de la juventud a nivel territorial desde el enfoque de derechos y prevenci\u00f3n de la violencia de g\u00e9nero en alianza con instituciones p\u00fablicas y privadas.<\/p><p><strong>Ni\u00f1ez:<\/strong> Trabajar en la prevenci\u00f3n de la violencia social y de g\u00e9nero desde la ni\u00f1ez a trav\u00e9s de las acciones que llevan a cambios de conducta desde la primer infancia. Desde el MSM se cuenta con el Centro de Desarrollo Infantil y Familiar \u00abEl Jacalito\u00bb desde hace 29 a\u00f1os.<\/p>\t\t\t\t\t\t\t\t<\/div>\n\t\t\t\t<\/div>\n\t\t\t\t<\/div>\n\t\t<div class=\"elementor-element elementor-element-ad0a69b e-con-full e-flex wpr-particle-no wpr-jarallax-no wpr-parallax-no wpr-sticky-section-no wpr-column-slider-no wpr-equal-height-no e-con e-parent\" data-id=\"ad0a69b\" data-element_type=\"container\" data-e-type=\"container\">\n\t\t\t\t<div class=\"elementor-element elementor-element-bc8b012 elementor-widget elementor-widget-text-editor\" data-id=\"bc8b012\" data-element_type=\"widget\" data-e-type=\"widget\" data-widget_type=\"text-editor.default\">\n\t\t\t\t<div class=\"elementor-widget-container\">\n\t\t\t\t\t\t\t\t\t<p><strong>Medio Ambiente:<\/strong> Promover acciones que lleven a generar cambios de conductas en las pr\u00e1cticas de respeto y protecci\u00f3n del medio ambiente.<\/p><p><strong>Econom\u00eda Feminista:<\/strong> Mujeres y J\u00f3venes se apropian de sus iniciativas econ\u00f3micas que ser\u00e1n sostenibles en el tiempo.<\/p><p><strong>Prevenci\u00f3n de Violencia G\u00e9nero:<\/strong> Promover la prevenci\u00f3n de la violencia de g\u00e9nero en cada uno de los territorios en los que trabajamos como parte de los ejes transversales de la instituci\u00f3n.<\/p><p><strong>Fortalecimiento Institucional:<\/strong> Cumplimiento del Plan Estrat\u00e9gico 2023-2027 con posicionamiento en la defensa de los derechos humanos de las mujeres, juventud y ni\u00f1ez.<\/p>\t\t\t\t\t\t\t\t<\/div>\n\t\t\t\t<\/div>\n\t\t\t\t<\/div>\n\t\t\t\t\t<\/div>\n\t\t\t\t<\/div>\n\t\t<div class=\"elementor-element elementor-element-247fd8f e-flex e-con-boxed wpr-particle-no wpr-jarallax-no wpr-parallax-no wpr-sticky-section-no wpr-column-slider-no wpr-equal-height-no e-con e-parent\" data-id=\"247fd8f\" data-element_type=\"container\" data-e-type=\"container\">\n\t\t\t\t\t<div class=\"e-con-inner\">\n\t\t\t\t<div class=\"elementor-element elementor-element-98fbdab elementor-widget elementor-widget-gallery\" data-id=\"98fbdab\" data-element_type=\"widget\" data-e-type=\"widget\" data-settings=\"{&quot;gallery_layout&quot;:&quot;masonry&quot;,&quot;lazyload&quot;:&quot;yes&quot;,&quot;columns&quot;:4,&quot;columns_tablet&quot;:2,&quot;columns_mobile&quot;:1,&quot;gap&quot;:{&quot;unit&quot;:&quot;px&quot;,&quot;size&quot;:10,&quot;sizes&quot;:[]},&quot;gap_tablet&quot;:{&quot;unit&quot;:&quot;px&quot;,&quot;size&quot;:10,&quot;sizes&quot;:[]},&quot;gap_mobile&quot;:{&quot;unit&quot;:&quot;px&quot;,&quot;size&quot;:10,&quot;sizes&quot;:[]},&quot;link_to&quot;:&quot;file&quot;,&quot;overlay_background&quot;:&quot;yes&quot;,&quot;content_hover_animation&quot;:&quot;fade-in&quot;}\" data-widget_type=\"gallery.default\">\n\t\t\t\t<div class=\"elementor-widget-container\">\n\t\t\t\t\t\t\t<div class=\"elementor-gallery__container\">\n\t\t\t\t\t\t\t<a class=\"e-gallery-item elementor-gallery-item elementor-animated-content\" href=\"https:\/\/mujeresmsm.org\/wp-content\/uploads\/2021\/10\/246780091_4382419115174766_2605172841562276089_n.jpg\" data-elementor-open-lightbox=\"yes\" data-elementor-lightbox-slideshow=\"98fbdab\" data-e-action-hash=\"#elementor-action%3Aaction%3Dlightbox%26settings%3DeyJpZCI6MjI2NjAsInVybCI6Imh0dHBzOlwvXC9tdWplcmVzbXNtLm9yZ1wvd3AtY29udGVudFwvdXBsb2Fkc1wvMjAyMVwvMTBcLzI0Njc4MDA5MV80MzgyNDE5MTE1MTc0NzY2XzI2MDUxNzI4NDE1NjIyNzYwODlfbi5qcGciLCJzbGlkZXNob3ciOiI5OGZiZGFiIn0%3D\">\n\t\t\t\t\t<div class=\"e-gallery-image elementor-gallery-item__image\" data-thumbnail=\"https:\/\/mujeresmsm.org\/wp-content\/uploads\/2021\/10\/246780091_4382419115174766_2605172841562276089_n-300x225.jpg\" data-width=\"300\" data-height=\"225\" aria-label=\"Conmemoraci\u00f3n del d\u00eda de la mujer rural\" role=\"img\" ><\/div>\n\t\t\t\t\t\t\t\t\t\t\t<div class=\"elementor-gallery-item__overlay\"><\/div>\n\t\t\t\t\t\t\t\t\t\t\t\t\t\t<\/a>\n\t\t\t\t\t\t\t<a class=\"e-gallery-item elementor-gallery-item elementor-animated-content\" href=\"https:\/\/mujeresmsm.org\/wp-content\/uploads\/2021\/12\/259977948_4488437477906262_7132406220690694312_n-2.jpg\" data-elementor-open-lightbox=\"yes\" data-elementor-lightbox-slideshow=\"98fbdab\" data-e-action-hash=\"#elementor-action%3Aaction%3Dlightbox%26settings%3DeyJpZCI6MjI3NTMsInVybCI6Imh0dHBzOlwvXC9tdWplcmVzbXNtLm9yZ1wvd3AtY29udGVudFwvdXBsb2Fkc1wvMjAyMVwvMTJcLzI1OTk3Nzk0OF80NDg4NDM3NDc3OTA2MjYyXzcxMzI0MDYyMjA2OTA2OTQzMTJfbi0yLmpwZyIsInNsaWRlc2hvdyI6Ijk4ZmJkYWIifQ%3D%3D\">\n\t\t\t\t\t<div class=\"e-gallery-image elementor-gallery-item__image\" data-thumbnail=\"https:\/\/mujeresmsm.org\/wp-content\/uploads\/2021\/12\/259977948_4488437477906262_7132406220690694312_n-2-300x225.jpg\" data-width=\"300\" data-height=\"225\" aria-label=\"\" role=\"img\" ><\/div>\n\t\t\t\t\t\t\t\t\t\t\t<div class=\"elementor-gallery-item__overlay\"><\/div>\n\t\t\t\t\t\t\t\t\t\t\t\t\t\t<\/a>\n\t\t\t\t\t\t\t<a class=\"e-gallery-item elementor-gallery-item elementor-animated-content\" href=\"https:\/\/mujeresmsm.org\/wp-content\/uploads\/2022\/02\/photo5176898629795949429.jpg\" data-elementor-open-lightbox=\"yes\" data-elementor-lightbox-slideshow=\"98fbdab\" data-elementor-lightbox-title=\"photo5176898629795949429\" data-e-action-hash=\"#elementor-action%3Aaction%3Dlightbox%26settings%3DeyJpZCI6MjI5NzEsInVybCI6Imh0dHBzOlwvXC9tdWplcmVzbXNtLm9yZ1wvd3AtY29udGVudFwvdXBsb2Fkc1wvMjAyMlwvMDJcL3Bob3RvNTE3Njg5ODYyOTc5NTk0OTQyOS5qcGciLCJzbGlkZXNob3ciOiI5OGZiZGFiIn0%3D\">\n\t\t\t\t\t<div class=\"e-gallery-image elementor-gallery-item__image\" data-thumbnail=\"https:\/\/mujeresmsm.org\/wp-content\/uploads\/2022\/02\/photo5176898629795949429-225x300.jpg\" data-width=\"225\" data-height=\"300\" aria-label=\"\" role=\"img\" ><\/div>\n\t\t\t\t\t\t\t\t\t\t\t<div class=\"elementor-gallery-item__overlay\"><\/div>\n\t\t\t\t\t\t\t\t\t\t\t\t\t\t<\/a>\n\t\t\t\t\t\t\t<a class=\"e-gallery-item elementor-gallery-item elementor-animated-content\" href=\"https:\/\/mujeresmsm.org\/wp-content\/uploads\/2022\/03\/photo4992354102814026415.jpg\" data-elementor-open-lightbox=\"yes\" data-elementor-lightbox-slideshow=\"98fbdab\" data-e-action-hash=\"#elementor-action%3Aaction%3Dlightbox%26settings%3DeyJpZCI6MjMxNTMsInVybCI6Imh0dHBzOlwvXC9tdWplcmVzbXNtLm9yZ1wvd3AtY29udGVudFwvdXBsb2Fkc1wvMjAyMlwvMDNcL3Bob3RvNDk5MjM1NDEwMjgxNDAyNjQxNS5qcGciLCJzbGlkZXNob3ciOiI5OGZiZGFiIn0%3D\">\n\t\t\t\t\t<div class=\"e-gallery-image elementor-gallery-item__image\" data-thumbnail=\"https:\/\/mujeresmsm.org\/wp-content\/uploads\/2022\/03\/photo4992354102814026415-300x200.jpg\" data-width=\"300\" data-height=\"200\" aria-label=\"\" role=\"img\" ><\/div>\n\t\t\t\t\t\t\t\t\t\t\t<div class=\"elementor-gallery-item__overlay\"><\/div>\n\t\t\t\t\t\t\t\t\t\t\t\t\t\t<\/a>\n\t\t\t\t\t\t\t<a class=\"e-gallery-item elementor-gallery-item elementor-animated-content\" href=\"https:\/\/mujeresmsm.org\/wp-content\/uploads\/2022\/07\/IMG_20220824_140910_653.jpg\" data-elementor-open-lightbox=\"yes\" data-elementor-lightbox-slideshow=\"98fbdab\" data-elementor-lightbox-title=\"IMG_20220824_140910_653\" data-e-action-hash=\"#elementor-action%3Aaction%3Dlightbox%26settings%3DeyJpZCI6MjY2NDUsInVybCI6Imh0dHBzOlwvXC9tdWplcmVzbXNtLm9yZ1wvd3AtY29udGVudFwvdXBsb2Fkc1wvMjAyMlwvMDdcL0lNR18yMDIyMDgyNF8xNDA5MTBfNjUzLmpwZyIsInNsaWRlc2hvdyI6Ijk4ZmJkYWIifQ%3D%3D\">\n\t\t\t\t\t<div class=\"e-gallery-image elementor-gallery-item__image\" data-thumbnail=\"https:\/\/mujeresmsm.org\/wp-content\/uploads\/2022\/07\/IMG_20220824_140910_653-300x225.jpg\" data-width=\"300\" data-height=\"225\" aria-label=\"\" role=\"img\" ><\/div>\n\t\t\t\t\t\t\t\t\t\t\t<div class=\"elementor-gallery-item__overlay\"><\/div>\n\t\t\t\t\t\t\t\t\t\t\t\t\t\t<\/a>\n\t\t\t\t\t\t\t<a class=\"e-gallery-item elementor-gallery-item elementor-animated-content\" href=\"https:\/\/mujeresmsm.org\/wp-content\/uploads\/2023\/07\/Ishuatan-procladeyanapay-msm-8.webp\" data-elementor-open-lightbox=\"yes\" data-elementor-lightbox-slideshow=\"98fbdab\" data-elementor-lightbox-title=\"Ishuatan-procladeyanapay-msm-8\" data-e-action-hash=\"#elementor-action%3Aaction%3Dlightbox%26settings%3DeyJpZCI6Mjg0OTUsInVybCI6Imh0dHBzOlwvXC9tdWplcmVzbXNtLm9yZ1wvd3AtY29udGVudFwvdXBsb2Fkc1wvMjAyM1wvMDdcL0lzaHVhdGFuLXByb2NsYWRleWFuYXBheS1tc20tOC53ZWJwIiwic2xpZGVzaG93IjoiOThmYmRhYiJ9\">\n\t\t\t\t\t<div class=\"e-gallery-image elementor-gallery-item__image\" data-thumbnail=\"https:\/\/mujeresmsm.org\/wp-content\/uploads\/2023\/07\/Ishuatan-procladeyanapay-msm-8-300x169.webp\" data-width=\"300\" data-height=\"169\" aria-label=\"\" role=\"img\" ><\/div>\n\t\t\t\t\t\t\t\t\t\t\t<div class=\"elementor-gallery-item__overlay\"><\/div>\n\t\t\t\t\t\t\t\t\t\t\t\t\t\t<\/a>\n\t\t\t\t\t\t\t<a class=\"e-gallery-item elementor-gallery-item elementor-animated-content\" href=\"https:\/\/mujeresmsm.org\/wp-content\/uploads\/2023\/07\/LibrES-msm-11.webp\" data-elementor-open-lightbox=\"yes\" data-elementor-lightbox-slideshow=\"98fbdab\" data-elementor-lightbox-title=\"LibrES-msm-11\" data-e-action-hash=\"#elementor-action%3Aaction%3Dlightbox%26settings%3DeyJpZCI6Mjg1NDEsInVybCI6Imh0dHBzOlwvXC9tdWplcmVzbXNtLm9yZ1wvd3AtY29udGVudFwvdXBsb2Fkc1wvMjAyM1wvMDdcL0xpYnJFUy1tc20tMTEud2VicCIsInNsaWRlc2hvdyI6Ijk4ZmJkYWIifQ%3D%3D\">\n\t\t\t\t\t<div class=\"e-gallery-image elementor-gallery-item__image\" data-thumbnail=\"https:\/\/mujeresmsm.org\/wp-content\/uploads\/2023\/07\/LibrES-msm-11-300x169.webp\" data-width=\"300\" data-height=\"169\" aria-label=\"\" role=\"img\" ><\/div>\n\t\t\t\t\t\t\t\t\t\t\t<div class=\"elementor-gallery-item__overlay\"><\/div>\n\t\t\t\t\t\t\t\t\t\t\t\t\t\t<\/a>\n\t\t\t\t\t<\/div>\n\t\t\t\t\t<\/div>\n\t\t\t\t<\/div>\n\t\t\t\t\t<\/div>\n\t\t\t\t<\/div>\n\t\t\t\t<\/div>","protected":false},"excerpt":{"rendered":"<p>Ejes de nuestro Plan Estrat\u00e9gico 2023 &#8211; 2027 Mujeres: Organizaci\u00f3n y empoderamiento territorial de las mujeres para la incidencia a nivel local y nacional. Juventud: Fortalecimiento del trabajo organizativo de la juventud a nivel territorial desde el enfoque de derechos y prevenci\u00f3n de la violencia de g\u00e9nero en alianza con instituciones p\u00fablicas y privadas. Ni\u00f1ez: Trabajar en la prevenci\u00f3n de la violencia social y de g\u00e9nero desde la ni\u00f1ez a trav\u00e9s de las acciones que llevan a cambios de conducta desde la primer infancia. Desde el MSM se cuenta con el Centro de Desarrollo Infantil y Familiar \u00abEl Jacalito\u00bb desde hace 29 a\u00f1os. Medio Ambiente: Promover acciones que lleven a generar cambios de conductas en las pr\u00e1cticas de respeto y protecci\u00f3n del medio ambiente. Econom\u00eda Feminista: Mujeres y J\u00f3venes se apropian de sus iniciativas econ\u00f3micas que ser\u00e1n sostenibles en el tiempo. Prevenci\u00f3n de Violencia G\u00e9nero: Promover la prevenci\u00f3n de la violencia de g\u00e9nero en cada uno de los territorios en los que trabajamos como parte de los ejes transversales de la instituci\u00f3n. Fortalecimiento Institucional: Cumplimiento del Plan Estrat\u00e9gico 2023-2027 con posicionamiento en la defensa de los derechos humanos de las mujeres, juventud y ni\u00f1ez.<\/p>","protected":false},"author":1,"featured_media":0,"parent":13396,"menu_order":0,"comment_status":"closed","ping_status":"closed","template":"elementor_header_footer","meta":{"footnotes":""},"class_list":["post-18802","page","type-page","status-publish","hentry"],"aioseo_notices":[],"_links":{"self":[{"href":"https:\/\/mujeresmsm.org\/en\/wp-json\/wp\/v2\/pages\/18802","targetHints":{"allow":["GET"]}}],"collection":[{"href":"https:\/\/mujeresmsm.org\/en\/wp-json\/wp\/v2\/pages"}],"about":[{"href":"https:\/\/mujeresmsm.org\/en\/wp-json\/wp\/v2\/types\/page"}],"author":[{"embeddable":true,"href":"https:\/\/mujeresmsm.org\/en\/wp-json\/wp\/v2\/users\/1"}],"replies":[{"embeddable":true,"href":"https:\/\/mujeresmsm.org\/en\/wp-json\/wp\/v2\/comments?post=18802"}],"version-history":[{"count":53,"href":"https:\/\/mujeresmsm.org\/en\/wp-json\/wp\/v2\/pages\/18802\/revisions"}],"predecessor-version":[{"id":29233,"href":"https:\/\/mujeresmsm.org\/en\/wp-json\/wp\/v2\/pages\/18802\/revisions\/29233"}],"up":[{"embeddable":true,"href":"https:\/\/mujeresmsm.org\/en\/wp-json\/wp\/v2\/pages\/13396"}],"wp:attachment":[{"href":"https:\/\/mujeresmsm.org\/en\/wp-json\/wp\/v2\/media?parent=18802"}],"curies":[{"name":"wp","href":"https:\/\/api.w.org\/{rel}","templated":true}]}}