{"id":18672,"date":"2019-11-27T10:51:09","date_gmt":"2019-11-27T16:51:09","guid":{"rendered":"https:\/\/mujeresmsm.org\/?page_id=18672"},"modified":"2023-09-25T16:05:06","modified_gmt":"2023-09-25T22:05:06","slug":"organizacion-institucional","status":"publish","type":"page","link":"https:\/\/mujeresmsm.org\/en\/quienes-somos\/organizacion-institucional\/","title":{"rendered":"Organizaci\u00f3n Institucional"},"content":{"rendered":"<div data-elementor-type=\"wp-page\" data-elementor-id=\"18672\" class=\"elementor elementor-18672\" data-elementor-post-type=\"page\">\n\t\t\t\t<div class=\"elementor-element elementor-element-0273aaf e-flex e-con-boxed wpr-particle-no wpr-jarallax-no wpr-parallax-no wpr-sticky-section-no wpr-column-slider-no wpr-equal-height-no e-con e-parent\" data-id=\"0273aaf\" data-element_type=\"container\" data-e-type=\"container\" data-settings=\"{&quot;background_background&quot;:&quot;classic&quot;}\">\n\t\t\t\t\t<div class=\"e-con-inner\">\n\t\t\t\t\t<\/div>\n\t\t\t\t<\/div>\n\t\t<div class=\"elementor-element elementor-element-84152d0 e-flex e-con-boxed wpr-particle-no wpr-jarallax-no wpr-parallax-no wpr-sticky-section-no wpr-column-slider-no wpr-equal-height-no e-con e-parent\" data-id=\"84152d0\" data-element_type=\"container\" data-e-type=\"container\" data-settings=\"{&quot;background_background&quot;:&quot;classic&quot;}\">\n\t\t\t\t\t<div class=\"e-con-inner\">\n\t\t\t\t<div class=\"elementor-element elementor-element-6ced102 elementor-widget elementor-widget-shortcode\" data-id=\"6ced102\" data-element_type=\"widget\" data-e-type=\"widget\" data-widget_type=\"shortcode.default\">\n\t\t\t\t<div class=\"elementor-widget-container\">\n\t\t\t\t\t\t\t<div class=\"elementor-shortcode\"><div class=\"aioseo-breadcrumbs\"><span class=\"aioseo-breadcrumb\">\n\t\t\t<a href=\"https:\/\/mujeresmsm.org\/en\" title=\"Inicio\">Inicio<\/a>\n\t\t<\/span><span class=\"aioseo-breadcrumb-separator\">&raquo;<\/span><span class=\"aioseo-breadcrumb\">\n\t\t\t<a href=\"https:\/\/mujeresmsm.org\/en\/quienes-somos\/\" title=\"Qui\u00e9nes Somos\">Qui\u00e9nes Somos<\/a>\n\t\t<\/span><span class=\"aioseo-breadcrumb-separator\">&raquo;<\/span><span class=\"aioseo-breadcrumb\">\n\t\t\tOrganizaci\u00f3n Institucional\n\t\t<\/span><\/div><\/div>\n\t\t\t\t\t\t<\/div>\n\t\t\t\t<\/div>\n\t\t\t\t\t<\/div>\n\t\t\t\t<\/div>\n\t\t<div class=\"elementor-element elementor-element-64200ef e-flex e-con-boxed wpr-particle-no wpr-jarallax-no wpr-parallax-no wpr-sticky-section-no wpr-column-slider-no wpr-equal-height-no e-con e-parent\" data-id=\"64200ef\" data-element_type=\"container\" data-e-type=\"container\">\n\t\t\t\t\t<div class=\"e-con-inner\">\n\t\t\t\t<div class=\"elementor-element elementor-element-19dd5a8 elementor-widget elementor-widget-image\" data-id=\"19dd5a8\" data-element_type=\"widget\" data-e-type=\"widget\" data-widget_type=\"image.default\">\n\t\t\t\t<div class=\"elementor-widget-container\">\n\t\t\t\t\t\t\t\t\t\t\t\t\t\t\t<img fetchpriority=\"high\" decoding=\"async\" width=\"768\" height=\"595\" src=\"https:\/\/mujeresmsm.org\/wp-content\/uploads\/2023\/09\/Asamblea-general-1-768x595.png\" class=\"attachment-medium_large size-medium_large wp-image-29328\" alt=\"\" srcset=\"https:\/\/mujeresmsm.org\/wp-content\/uploads\/2023\/09\/Asamblea-general-1-768x595.png 768w, https:\/\/mujeresmsm.org\/wp-content\/uploads\/2023\/09\/Asamblea-general-1-300x233.png 300w, https:\/\/mujeresmsm.org\/wp-content\/uploads\/2023\/09\/Asamblea-general-1-1024x794.png 1024w, https:\/\/mujeresmsm.org\/wp-content\/uploads\/2023\/09\/Asamblea-general-1-1536x1191.png 1536w, https:\/\/mujeresmsm.org\/wp-content\/uploads\/2023\/09\/Asamblea-general-1-2048x1588.png 2048w\" sizes=\"(max-width: 768px) 100vw, 768px\" \/>\t\t\t\t\t\t\t\t\t\t\t\t\t\t\t<\/div>\n\t\t\t\t<\/div>\n\t\t\t\t\t<\/div>\n\t\t\t\t<\/div>\n\t\t<div class=\"elementor-element elementor-element-e44ca1c e-flex e-con-boxed wpr-particle-no wpr-jarallax-no wpr-parallax-no wpr-sticky-section-no wpr-column-slider-no wpr-equal-height-no e-con e-parent\" data-id=\"e44ca1c\" data-element_type=\"container\" data-e-type=\"container\">\n\t\t\t\t\t<div class=\"e-con-inner\">\n\t\t\t\t<div class=\"elementor-element elementor-element-b729bc4 elementor-widget elementor-widget-text-editor\" data-id=\"b729bc4\" data-element_type=\"widget\" data-e-type=\"widget\" data-widget_type=\"text-editor.default\">\n\t\t\t\t<div class=\"elementor-widget-container\">\n\t\t\t\t\t\t\t\t\t<h2 style=\"text-align: center;\"><strong>Estructura Organizativa<\/strong><\/h2><p>El MSM cuenta con una estructura representativa de los diferentes departamentos donde la instituci\u00f3n incide y define con claridad las \u00e1reas de responsabilidad de cada espacio de conducci\u00f3n institucional: Fortalecimiento Institucional; integrada por: Direcci\u00f3n Ejecutiva, Administraci\u00f3n, Monitoreo, Comunicaciones, Proyectos, Sub Direcci\u00f3n y Servicios Generales.<\/p><p>El Gobierno del MSM est\u00e1 integrada por la Asamblea General de socias, Junta Directiva y Direcci\u00f3n Ejecutiva de acuerdo al art\u00edculo 14 de los Estatutos Legales del MSM. La conducci\u00f3n operativa y pol\u00edtica recae en la Direcci\u00f3n ejecutiva, el \u00e1rea Operativa se conforma por las coordinadoras territoriales y el personal de campo de los diferentes departamentos donde trabajamos.<\/p><p>La Junta directiva es elegida cada dos a\u00f1os, seg\u00fan el art\u00edculo 23 de los Estatutos Legales del MSM y es encabezada por una presidenta. Una de sus principales responsabilidades es representar legalmente la instituci\u00f3n en los diferentes espacios. Velar por el cumplimiento de los acuerdos y resoluciones de la Junta directiva y Asamblea general, as\u00ed como de Estatutos y Reglamento Interno\u00bb (Art. 30 b) de los Estatutos).\u00a0<\/p><p>Las miembras de la Junta directiva se re\u00fanen mensualmente y pueden convocar a la Directora Ejecutiva a sus reuniones ordinarias o extraordinarias, cuando as\u00ed lo estimen conveniente. Cuando la Directora Ejecutiva es citada, participa con voz, pero no con voto (art. 35 f de los Estatutos). La directora ejecutiva es elegida por la Junta directiva y es a esta a quien debe \u00abpresentar informes mensuales de trabajo, desarrollo de proyectos financieros, cierre del ejercicio econ\u00f3mico y un informe anual sobre los resultados de los planes; as\u00ed como cumplir con los acuerdos de la Junta directiva\u00bb (art. 35 h y m de los Estatutos).<\/p>\t\t\t\t\t\t\t\t<\/div>\n\t\t\t\t<\/div>\n\t\t\t\t\t<\/div>\n\t\t\t\t<\/div>\n\t\t<div class=\"elementor-element elementor-element-ec2721f e-flex e-con-boxed wpr-particle-no wpr-jarallax-no wpr-parallax-no wpr-sticky-section-no wpr-column-slider-no wpr-equal-height-no e-con e-parent\" data-id=\"ec2721f\" data-element_type=\"container\" data-e-type=\"container\">\n\t\t\t\t\t<div class=\"e-con-inner\">\n\t\t\t\t<div class=\"elementor-element elementor-element-39b2716 elementor-widget elementor-widget-gallery\" data-id=\"39b2716\" data-element_type=\"widget\" data-e-type=\"widget\" data-settings=\"{&quot;lazyload&quot;:&quot;yes&quot;,&quot;gallery_layout&quot;:&quot;grid&quot;,&quot;columns&quot;:4,&quot;columns_tablet&quot;:2,&quot;columns_mobile&quot;:1,&quot;gap&quot;:{&quot;unit&quot;:&quot;px&quot;,&quot;size&quot;:10,&quot;sizes&quot;:[]},&quot;gap_tablet&quot;:{&quot;unit&quot;:&quot;px&quot;,&quot;size&quot;:10,&quot;sizes&quot;:[]},&quot;gap_mobile&quot;:{&quot;unit&quot;:&quot;px&quot;,&quot;size&quot;:10,&quot;sizes&quot;:[]},&quot;link_to&quot;:&quot;file&quot;,&quot;aspect_ratio&quot;:&quot;3:2&quot;,&quot;overlay_background&quot;:&quot;yes&quot;,&quot;content_hover_animation&quot;:&quot;fade-in&quot;}\" data-widget_type=\"gallery.default\">\n\t\t\t\t<div class=\"elementor-widget-container\">\n\t\t\t\t\t\t\t<div class=\"elementor-gallery__container\">\n\t\t\t\t\t\t\t<a class=\"e-gallery-item elementor-gallery-item elementor-animated-content\" href=\"https:\/\/mujeresmsm.org\/wp-content\/uploads\/2023\/09\/asamblea_msm.webp\" data-elementor-open-lightbox=\"yes\" data-elementor-lightbox-slideshow=\"39b2716\" data-elementor-lightbox-title=\"asamblea_msm\" data-e-action-hash=\"#elementor-action%3Aaction%3Dlightbox%26settings%3DeyJpZCI6Mjg3NTgsInVybCI6Imh0dHBzOlwvXC9tdWplcmVzbXNtLm9yZ1wvd3AtY29udGVudFwvdXBsb2Fkc1wvMjAyM1wvMDlcL2FzYW1ibGVhX21zbS53ZWJwIiwic2xpZGVzaG93IjoiMzliMjcxNiJ9\">\n\t\t\t\t\t<div class=\"e-gallery-image elementor-gallery-item__image\" data-thumbnail=\"https:\/\/mujeresmsm.org\/wp-content\/uploads\/2023\/09\/asamblea_msm-300x169.webp\" data-width=\"300\" data-height=\"169\" aria-label=\"\" role=\"img\" ><\/div>\n\t\t\t\t\t\t\t\t\t\t\t<div class=\"elementor-gallery-item__overlay\"><\/div>\n\t\t\t\t\t\t\t\t\t\t\t\t\t\t<\/a>\n\t\t\t\t\t\t\t<a class=\"e-gallery-item elementor-gallery-item elementor-animated-content\" href=\"https:\/\/mujeresmsm.org\/wp-content\/uploads\/2023\/09\/photo_5179500576818441425_y.jpg\" data-elementor-open-lightbox=\"yes\" data-elementor-lightbox-slideshow=\"39b2716\" data-elementor-lightbox-title=\"photo_5179500576818441425_y\" data-e-action-hash=\"#elementor-action%3Aaction%3Dlightbox%26settings%3DeyJpZCI6Mjg3MzYsInVybCI6Imh0dHBzOlwvXC9tdWplcmVzbXNtLm9yZ1wvd3AtY29udGVudFwvdXBsb2Fkc1wvMjAyM1wvMDlcL3Bob3RvXzUxNzk1MDA1NzY4MTg0NDE0MjVfeS5qcGciLCJzbGlkZXNob3ciOiIzOWIyNzE2In0%3D\">\n\t\t\t\t\t<div class=\"e-gallery-image elementor-gallery-item__image\" data-thumbnail=\"https:\/\/mujeresmsm.org\/wp-content\/uploads\/2023\/09\/photo_5179500576818441425_y-300x225.jpg\" data-width=\"300\" data-height=\"225\" aria-label=\"\" role=\"img\" ><\/div>\n\t\t\t\t\t\t\t\t\t\t\t<div class=\"elementor-gallery-item__overlay\"><\/div>\n\t\t\t\t\t\t\t\t\t\t\t\t\t\t<\/a>\n\t\t\t\t\t\t\t<a class=\"e-gallery-item elementor-gallery-item elementor-animated-content\" href=\"https:\/\/mujeresmsm.org\/wp-content\/uploads\/2023\/09\/equipo_de_conduccion_msm.webp\" data-elementor-open-lightbox=\"yes\" data-elementor-lightbox-slideshow=\"39b2716\" data-elementor-lightbox-title=\"equipo_de_conduccion_msm\" data-e-action-hash=\"#elementor-action%3Aaction%3Dlightbox%26settings%3DeyJpZCI6Mjg3MjQsInVybCI6Imh0dHBzOlwvXC9tdWplcmVzbXNtLm9yZ1wvd3AtY29udGVudFwvdXBsb2Fkc1wvMjAyM1wvMDlcL2VxdWlwb19kZV9jb25kdWNjaW9uX21zbS53ZWJwIiwic2xpZGVzaG93IjoiMzliMjcxNiJ9\">\n\t\t\t\t\t<div class=\"e-gallery-image elementor-gallery-item__image\" data-thumbnail=\"https:\/\/mujeresmsm.org\/wp-content\/uploads\/2023\/09\/equipo_de_conduccion_msm-300x169.webp\" data-width=\"300\" data-height=\"169\" aria-label=\"\" role=\"img\" ><\/div>\n\t\t\t\t\t\t\t\t\t\t\t<div class=\"elementor-gallery-item__overlay\"><\/div>\n\t\t\t\t\t\t\t\t\t\t\t\t\t\t<\/a>\n\t\t\t\t\t\t\t<a class=\"e-gallery-item elementor-gallery-item elementor-animated-content\" href=\"https:\/\/mujeresmsm.org\/wp-content\/uploads\/2023\/09\/junta_directiva_msm-2.webp\" data-elementor-open-lightbox=\"yes\" data-elementor-lightbox-slideshow=\"39b2716\" data-elementor-lightbox-title=\"junta_directiva_msm (2)\" data-e-action-hash=\"#elementor-action%3Aaction%3Dlightbox%26settings%3DeyJpZCI6Mjg3MTgsInVybCI6Imh0dHBzOlwvXC9tdWplcmVzbXNtLm9yZ1wvd3AtY29udGVudFwvdXBsb2Fkc1wvMjAyM1wvMDlcL2p1bnRhX2RpcmVjdGl2YV9tc20tMi53ZWJwIiwic2xpZGVzaG93IjoiMzliMjcxNiJ9\">\n\t\t\t\t\t<div class=\"e-gallery-image elementor-gallery-item__image\" data-thumbnail=\"https:\/\/mujeresmsm.org\/wp-content\/uploads\/2023\/09\/junta_directiva_msm-2-300x169.webp\" data-width=\"300\" data-height=\"169\" aria-label=\"\" role=\"img\" ><\/div>\n\t\t\t\t\t\t\t\t\t\t\t<div class=\"elementor-gallery-item__overlay\"><\/div>\n\t\t\t\t\t\t\t\t\t\t\t\t\t\t<\/a>\n\t\t\t\t\t<\/div>\n\t\t\t\t\t<\/div>\n\t\t\t\t<\/div>\n\t\t\t\t\t<\/div>\n\t\t\t\t<\/div>\n\t\t<div class=\"elementor-element elementor-element-6450e5b e-flex e-con-boxed wpr-particle-no wpr-jarallax-no wpr-parallax-no wpr-sticky-section-no wpr-column-slider-no wpr-equal-height-no e-con e-parent\" data-id=\"6450e5b\" data-element_type=\"container\" data-e-type=\"container\">\n\t\t\t\t\t<div class=\"e-con-inner\">\n\t\t\t\t<div class=\"elementor-element elementor-element-69e5096 elementor-widget elementor-widget-text-editor\" data-id=\"69e5096\" data-element_type=\"widget\" data-e-type=\"widget\" data-widget_type=\"text-editor.default\">\n\t\t\t\t<div class=\"elementor-widget-container\">\n\t\t\t\t\t\t\t\t\t<h2 style=\"text-align: center;\"><strong>Direcci\u00f3n General<\/strong><\/h2><p>La Direcci\u00f3n General har\u00e1 seguimiento sistem\u00e1tico de los planes operativos de cada una de las \u00e1reas de gesti\u00f3n, a trav\u00e9s de las reuniones mensuales con el Comit\u00e9 de Coordinaci\u00f3n y presentar informes mensuales de trabajo, desarrollo de proyectos financieros, cierre del ejercicio econ\u00f3mico y un informe anual sobre los resultados de los planes, as\u00ed como cumplir con los acuerdos de la Junta Directiva.<\/p>\t\t\t\t\t\t\t\t<\/div>\n\t\t\t\t<\/div>\n\t\t\t\t\t<\/div>\n\t\t\t\t<\/div>\n\t\t<div class=\"elementor-element elementor-element-47b64d5 e-flex e-con-boxed wpr-particle-no wpr-jarallax-no wpr-parallax-no wpr-sticky-section-no wpr-column-slider-no wpr-equal-height-no e-con e-parent\" data-id=\"47b64d5\" data-element_type=\"container\" data-e-type=\"container\">\n\t\t\t\t\t<div class=\"e-con-inner\">\n\t\t\t\t<div class=\"elementor-element elementor-element-3d362c3 elementor-widget elementor-widget-image\" data-id=\"3d362c3\" data-element_type=\"widget\" data-e-type=\"widget\" data-widget_type=\"image.default\">\n\t\t\t\t<div class=\"elementor-widget-container\">\n\t\t\t\t\t\t\t\t\t\t\t\t\t\t\t<img decoding=\"async\" width=\"300\" height=\"265\" src=\"https:\/\/mujeresmsm.org\/wp-content\/uploads\/2023\/09\/directora-300x265.jpg\" class=\"attachment-medium size-medium wp-image-29189\" alt=\"\" srcset=\"https:\/\/mujeresmsm.org\/wp-content\/uploads\/2023\/09\/directora-300x265.jpg 300w, https:\/\/mujeresmsm.org\/wp-content\/uploads\/2023\/09\/directora.jpg 581w\" sizes=\"(max-width: 300px) 100vw, 300px\" \/>\t\t\t\t\t\t\t\t\t\t\t\t\t\t\t<\/div>\n\t\t\t\t<\/div>\n\t\t\t\t\t<\/div>\n\t\t\t\t<\/div>\n\t\t<div class=\"elementor-element elementor-element-c8163c1 e-flex e-con-boxed wpr-particle-no wpr-jarallax-no wpr-parallax-no wpr-sticky-section-no wpr-column-slider-no wpr-equal-height-no e-con e-parent\" data-id=\"c8163c1\" data-element_type=\"container\" data-e-type=\"container\">\n\t\t\t\t\t<div class=\"e-con-inner\">\n\t\t\t\t<div class=\"elementor-element elementor-element-d725262 elementor-widget elementor-widget-text-editor\" data-id=\"d725262\" data-element_type=\"widget\" data-e-type=\"widget\" data-widget_type=\"text-editor.default\">\n\t\t\t\t<div class=\"elementor-widget-container\">\n\t\t\t\t\t\t\t\t\t<h2 style=\"text-align: center;\"><strong>Idoneidad del personal<\/strong><\/h2><p>Al 2023 MSM cuenta con una planilla laboral de m\u00e1s de 30 personas, de las cuales el 90% son mujeres j\u00f3venes y adultas, con claro sentido de identidad y organizaci\u00f3n feminista.<\/p><p>El 33% tienen m\u00e1s de 10 a\u00f1os de laborar en la instituci\u00f3n y tienen experiencia en el trabajo comunitario en temas de desarrollo local, Derechos Humanos con enfoque de g\u00e9nero.<\/p>\t\t\t\t\t\t\t\t<\/div>\n\t\t\t\t<\/div>\n\t\t\t\t\t<\/div>\n\t\t\t\t<\/div>\n\t\t<div class=\"elementor-element elementor-element-8f5caf2 e-flex e-con-boxed wpr-particle-no wpr-jarallax-no wpr-parallax-no wpr-sticky-section-no wpr-column-slider-no wpr-equal-height-no e-con e-parent\" data-id=\"8f5caf2\" data-element_type=\"container\" data-e-type=\"container\">\n\t\t\t\t\t<div class=\"e-con-inner\">\n\t\t\t\t<div class=\"elementor-element elementor-element-2b15bd6 elementor-widget elementor-widget-text-editor\" data-id=\"2b15bd6\" data-element_type=\"widget\" data-e-type=\"widget\" data-widget_type=\"text-editor.default\">\n\t\t\t\t<div class=\"elementor-widget-container\">\n\t\t\t\t\t\t\t\t\t<h2 style=\"text-align: center;\"><strong>Monitoreo al cumplimiento del Plan Estrat\u00e9gico Institucional<\/strong><\/h2><p>El MSM implementa el mecanismo de monitoreo dentro de sus programas y proyectos en cada uno de los territorios para el cumplimiento de las estrategias institucionales definidas en el plan estrat\u00e9gico.<\/p><p>El personal de MSM tienen una trayectoria de muchos a\u00f1os, un compromiso social con visi\u00f3n feminista y de desarrollo territorial.<\/p><h2 style=\"text-align: center;\"><strong>Gesti\u00f3n de Recursos humanos y financieros<\/strong><\/h2><p>MSM es una escuela de aprendizaje para su personal y voluntarias, que en su mayor\u00eda tienen una carrera universitaria pero no una ense\u00f1anza en la pr\u00e1ctica sobre los temas de igualdad de g\u00e9nero, eco-feminismo, prevenci\u00f3n de la violencia de g\u00e9nero, tienen\u00a0diversas oportunidades de formarse a trav\u00e9s de cursos, seminarios, diplomados y participaci\u00f3n en foros, en el \u00e1mbito nacional e internacional. Por lo que puede afirmarse que el personal del MSM mejora la calidad de su trabajo, conocimiento y dominio del enfoque de g\u00e9nero, lo cual es pertinente con su naturaleza de ser una organizaci\u00f3n feminista, identificada con las problem\u00e1ticas de las mujeres.<\/p>\t\t\t\t\t\t\t\t<\/div>\n\t\t\t\t<\/div>\n\t\t\t\t\t<\/div>\n\t\t\t\t<\/div>\n\t\t<div class=\"elementor-element elementor-element-f884d30 e-flex e-con-boxed wpr-particle-no wpr-jarallax-no wpr-parallax-no wpr-sticky-section-no wpr-column-slider-no wpr-equal-height-no e-con e-parent\" data-id=\"f884d30\" data-element_type=\"container\" data-e-type=\"container\">\n\t\t\t\t\t<div class=\"e-con-inner\">\n\t\t\t\t<div class=\"elementor-element elementor-element-54e24b3 elementor-widget elementor-widget-image\" data-id=\"54e24b3\" data-element_type=\"widget\" data-e-type=\"widget\" data-widget_type=\"image.default\">\n\t\t\t\t<div class=\"elementor-widget-container\">\n\t\t\t\t\t\t\t\t\t\t\t\t\t\t\t<img decoding=\"async\" width=\"768\" height=\"432\" src=\"https:\/\/mujeresmsm.org\/wp-content\/uploads\/2023\/05\/imagen-hero-msmmujeres-768x432.webp\" class=\"attachment-medium_large size-medium_large wp-image-28464\" alt=\"\" srcset=\"https:\/\/mujeresmsm.org\/wp-content\/uploads\/2023\/05\/imagen-hero-msmmujeres-768x432.webp 768w, https:\/\/mujeresmsm.org\/wp-content\/uploads\/2023\/05\/imagen-hero-msmmujeres-300x169.webp 300w, https:\/\/mujeresmsm.org\/wp-content\/uploads\/2023\/05\/imagen-hero-msmmujeres-1024x576.webp 1024w, https:\/\/mujeresmsm.org\/wp-content\/uploads\/2023\/05\/imagen-hero-msmmujeres-1536x864.webp 1536w, https:\/\/mujeresmsm.org\/wp-content\/uploads\/2023\/05\/imagen-hero-msmmujeres.webp 1920w\" sizes=\"(max-width: 768px) 100vw, 768px\" \/>\t\t\t\t\t\t\t\t\t\t\t\t\t\t\t<\/div>\n\t\t\t\t<\/div>\n\t\t\t\t\t<\/div>\n\t\t\t\t<\/div>\n\t\t\t\t<\/div>","protected":false},"excerpt":{"rendered":"<p>Estructura Organizativa El MSM cuenta con una estructura representativa de los diferentes departamentos donde la instituci\u00f3n incide y define con claridad las \u00e1reas de responsabilidad de cada espacio de conducci\u00f3n institucional: Fortalecimiento Institucional; integrada por: Direcci\u00f3n Ejecutiva, Administraci\u00f3n, Monitoreo, Comunicaciones, Proyectos, Sub Direcci\u00f3n y Servicios Generales. El Gobierno del MSM est\u00e1 integrada por la Asamblea General de socias, Junta Directiva y Direcci\u00f3n Ejecutiva de acuerdo al art\u00edculo 14 de los Estatutos Legales del MSM. La conducci\u00f3n operativa y pol\u00edtica recae en la Direcci\u00f3n ejecutiva, el \u00e1rea Operativa se conforma por las coordinadoras territoriales y el personal de campo de los diferentes departamentos donde trabajamos. La Junta directiva es elegida cada dos a\u00f1os, seg\u00fan el art\u00edculo 23 de los Estatutos Legales del MSM y es encabezada por una presidenta. Una de sus principales responsabilidades es representar legalmente la instituci\u00f3n en los diferentes espacios. Velar por el cumplimiento de los acuerdos y resoluciones de la Junta directiva y Asamblea general, as\u00ed como de Estatutos y Reglamento Interno\u00bb (Art. 30 b) de los Estatutos).\u00a0 Las miembras de la Junta directiva se re\u00fanen mensualmente y pueden convocar a la Directora Ejecutiva a sus reuniones ordinarias o extraordinarias, cuando as\u00ed lo estimen conveniente. Cuando la Directora Ejecutiva es citada, participa con voz, pero no con voto (art. 35 f de los Estatutos). La directora ejecutiva es elegida por la Junta directiva y es a esta a quien debe \u00abpresentar informes mensuales de trabajo, desarrollo de proyectos financieros, cierre del ejercicio econ\u00f3mico y un informe anual sobre los resultados de los planes; as\u00ed como cumplir con los acuerdos de la Junta directiva\u00bb (art. 35 h y m de los Estatutos). Direcci\u00f3n General La Direcci\u00f3n General har\u00e1 seguimiento sistem\u00e1tico de los planes operativos de cada una de las \u00e1reas de gesti\u00f3n, a trav\u00e9s de las reuniones mensuales con el Comit\u00e9 de Coordinaci\u00f3n y presentar informes mensuales de trabajo, desarrollo de proyectos financieros, cierre del ejercicio econ\u00f3mico y un informe anual sobre los resultados de los planes, as\u00ed como cumplir con los acuerdos de la Junta Directiva. Idoneidad del personal Al 2023 MSM cuenta con una planilla laboral de m\u00e1s de 30 personas, de las cuales el 90% son mujeres j\u00f3venes y adultas, con claro sentido de identidad y organizaci\u00f3n feminista. El 33% tienen m\u00e1s de 10 a\u00f1os de laborar en la instituci\u00f3n y tienen experiencia en el trabajo comunitario en temas de desarrollo local, Derechos Humanos con enfoque de g\u00e9nero. Monitoreo al cumplimiento del Plan Estrat\u00e9gico Institucional El MSM implementa el mecanismo de monitoreo dentro de sus programas y proyectos en cada uno de los territorios para el cumplimiento de las estrategias institucionales definidas en el plan estrat\u00e9gico. El personal de MSM tienen una trayectoria de muchos a\u00f1os, un compromiso social con visi\u00f3n feminista y de desarrollo territorial. Gesti\u00f3n de Recursos humanos y financieros MSM es una escuela de aprendizaje para su personal y voluntarias, que en su mayor\u00eda tienen una carrera universitaria pero no una ense\u00f1anza en la pr\u00e1ctica sobre los temas de igualdad de g\u00e9nero, eco-feminismo, prevenci\u00f3n de la violencia de g\u00e9nero, tienen\u00a0diversas oportunidades de formarse a trav\u00e9s de cursos, seminarios, diplomados y participaci\u00f3n en foros, en el \u00e1mbito nacional e internacional. Por lo que puede afirmarse que el personal del MSM mejora la calidad de su trabajo, conocimiento y dominio del enfoque de g\u00e9nero, lo cual es pertinente con su naturaleza de ser una organizaci\u00f3n feminista, identificada con las problem\u00e1ticas de las mujeres.<\/p>","protected":false},"author":1,"featured_media":0,"parent":13396,"menu_order":0,"comment_status":"closed","ping_status":"closed","template":"elementor_header_footer","meta":{"footnotes":""},"class_list":["post-18672","page","type-page","status-publish","hentry"],"aioseo_notices":[],"_links":{"self":[{"href":"https:\/\/mujeresmsm.org\/en\/wp-json\/wp\/v2\/pages\/18672","targetHints":{"allow":["GET"]}}],"collection":[{"href":"https:\/\/mujeresmsm.org\/en\/wp-json\/wp\/v2\/pages"}],"about":[{"href":"https:\/\/mujeresmsm.org\/en\/wp-json\/wp\/v2\/types\/page"}],"author":[{"embeddable":true,"href":"https:\/\/mujeresmsm.org\/en\/wp-json\/wp\/v2\/users\/1"}],"replies":[{"embeddable":true,"href":"https:\/\/mujeresmsm.org\/en\/wp-json\/wp\/v2\/comments?post=18672"}],"version-history":[{"count":158,"href":"https:\/\/mujeresmsm.org\/en\/wp-json\/wp\/v2\/pages\/18672\/revisions"}],"predecessor-version":[{"id":29331,"href":"https:\/\/mujeresmsm.org\/en\/wp-json\/wp\/v2\/pages\/18672\/revisions\/29331"}],"up":[{"embeddable":true,"href":"https:\/\/mujeresmsm.org\/en\/wp-json\/wp\/v2\/pages\/13396"}],"wp:attachment":[{"href":"https:\/\/mujeresmsm.org\/en\/wp-json\/wp\/v2\/media?parent=18672"}],"curies":[{"name":"wp","href":"https:\/\/api.w.org\/{rel}","templated":true}]}}