{"id":18659,"date":"2019-11-27T09:10:58","date_gmt":"2019-11-27T15:10:58","guid":{"rendered":"https:\/\/mujeresmsm.org\/?page_id=18659"},"modified":"2025-09-23T13:35:08","modified_gmt":"2025-09-23T19:35:08","slug":"capacidad-instalada","status":"publish","type":"page","link":"https:\/\/mujeresmsm.org\/en\/quienes-somos\/capacidad-instalada\/","title":{"rendered":"Capacidad Instalada"},"content":{"rendered":"<div data-elementor-type=\"wp-page\" data-elementor-id=\"18659\" class=\"elementor elementor-18659\" data-elementor-post-type=\"page\">\n\t\t\t\t<div class=\"elementor-element elementor-element-6d94f7d e-flex e-con-boxed wpr-particle-no wpr-jarallax-no wpr-parallax-no wpr-sticky-section-no wpr-column-slider-no wpr-equal-height-no e-con e-parent\" data-id=\"6d94f7d\" data-element_type=\"container\" data-e-type=\"container\" data-settings=\"{&quot;background_background&quot;:&quot;classic&quot;}\">\n\t\t\t\t\t<div class=\"e-con-inner\">\n\t\t\t\t\t<\/div>\n\t\t\t\t<\/div>\n\t\t<div class=\"elementor-element elementor-element-50b158b e-flex e-con-boxed wpr-particle-no wpr-jarallax-no wpr-parallax-no wpr-sticky-section-no wpr-column-slider-no wpr-equal-height-no e-con e-parent\" data-id=\"50b158b\" data-element_type=\"container\" data-e-type=\"container\" data-settings=\"{&quot;background_background&quot;:&quot;classic&quot;}\">\n\t\t\t\t\t<div class=\"e-con-inner\">\n\t\t\t\t<div class=\"elementor-element elementor-element-cbd70c5 elementor-widget elementor-widget-shortcode\" data-id=\"cbd70c5\" data-element_type=\"widget\" data-e-type=\"widget\" data-widget_type=\"shortcode.default\">\n\t\t\t\t<div class=\"elementor-widget-container\">\n\t\t\t\t\t\t\t<div class=\"elementor-shortcode\"><div class=\"aioseo-breadcrumbs\"><span class=\"aioseo-breadcrumb\">\n\t\t\t<a href=\"https:\/\/mujeresmsm.org\/en\" title=\"Inicio\">Inicio<\/a>\n\t\t<\/span><span class=\"aioseo-breadcrumb-separator\">&raquo;<\/span><span class=\"aioseo-breadcrumb\">\n\t\t\t<a href=\"https:\/\/mujeresmsm.org\/en\/quienes-somos\/\" title=\"Qui\u00e9nes Somos\">Qui\u00e9nes Somos<\/a>\n\t\t<\/span><span class=\"aioseo-breadcrumb-separator\">&raquo;<\/span><span class=\"aioseo-breadcrumb\">\n\t\t\tCapacidad Instalada\n\t\t<\/span><\/div><\/div>\n\t\t\t\t\t\t<\/div>\n\t\t\t\t<\/div>\n\t\t\t\t\t<\/div>\n\t\t\t\t<\/div>\n\t\t<div class=\"elementor-element elementor-element-1593fa4 e-flex e-con-boxed wpr-particle-no wpr-jarallax-no wpr-parallax-no wpr-sticky-section-no wpr-column-slider-no wpr-equal-height-no e-con e-parent\" data-id=\"1593fa4\" data-element_type=\"container\" data-e-type=\"container\" data-settings=\"{&quot;background_background&quot;:&quot;classic&quot;}\">\n\t\t\t\t\t<div class=\"e-con-inner\">\n\t\t<div class=\"elementor-element elementor-element-02e576f e-con-full e-flex wpr-particle-no wpr-jarallax-no wpr-parallax-no wpr-sticky-section-no wpr-column-slider-no wpr-equal-height-no e-con e-child\" data-id=\"02e576f\" data-element_type=\"container\" data-e-type=\"container\">\n\t\t\t\t<div class=\"elementor-element elementor-element-e0df885 elementor-widget elementor-widget-text-editor\" data-id=\"e0df885\" data-element_type=\"widget\" data-e-type=\"widget\" data-widget_type=\"text-editor.default\">\n\t\t\t\t<div class=\"elementor-widget-container\">\n\t\t\t\t\t\t\t\t\t<h2>Capacidad Instalada<\/h2><p>En sus 37 a\u00f1os de existencia, el MSM ha venido generando gradualmente capacidad instalada que le ha permitido fortalecerse institucionalmente con recursos humanos, materiales y financieros que contribuyen a brindar un mejor servicio a las mujeres con quienes trabaja.<\/p><p>En cuanto a recurso humano se refiere, el MSM ha tenido la capacidad de retener al menos a 10 personas, las cuales han estado laborando entre 10 y 20 a\u00f1os de manera continua a pesar de las limitaciones en la temporalidad de los proyectos financiados por la cooperaci\u00f3n nacional e internacional.<\/p><p>En lo relativo a recursos materiales, el aspecto m\u00e1s relevante es lo relacionado a la adquisici\u00f3n de infraestructura propia del MSM, como las instalaciones de la oficina central (San Salvador),<\/p><p>Centro de Desarrollo infantil y familiar \u2013 El Jacalito (San Marcos, San Salvador) las casas de las mujeres y la juventud en los municipios de Santa Clara, Tonacatepeque, Tapalhuaca, Jiquilisco, Nueva Granada, San Esteban Catarina, Verapaz y el Centro de Formaci\u00f3n y Capacitaci\u00f3n La Colmenera en el municipio de Santa Isabel Ishuat\u00e1n.<\/p>\t\t\t\t\t\t\t\t<\/div>\n\t\t\t\t<\/div>\n\t\t\t\t<\/div>\n\t\t<div class=\"elementor-element elementor-element-1d6ed30 e-con-full e-flex wpr-particle-no wpr-jarallax-no wpr-parallax-no wpr-sticky-section-no wpr-column-slider-no wpr-equal-height-no e-con e-child\" data-id=\"1d6ed30\" data-element_type=\"container\" data-e-type=\"container\">\n\t\t\t\t<div class=\"elementor-element elementor-element-68711d8 elementor-widget elementor-widget-image\" data-id=\"68711d8\" data-element_type=\"widget\" data-e-type=\"widget\" data-widget_type=\"image.default\">\n\t\t\t\t<div class=\"elementor-widget-container\">\n\t\t\t\t\t\t\t\t\t\t\t\t\t\t\t<img fetchpriority=\"high\" decoding=\"async\" width=\"800\" height=\"600\" src=\"https:\/\/mujeresmsm.org\/wp-content\/uploads\/2023\/09\/CASA-DE-MSM-007-1024x768.jpg\" class=\"attachment-large size-large wp-image-28699\" alt=\"\" srcset=\"https:\/\/mujeresmsm.org\/wp-content\/uploads\/2023\/09\/CASA-DE-MSM-007-1024x768.jpg 1024w, https:\/\/mujeresmsm.org\/wp-content\/uploads\/2023\/09\/CASA-DE-MSM-007-300x225.jpg 300w, https:\/\/mujeresmsm.org\/wp-content\/uploads\/2023\/09\/CASA-DE-MSM-007-768x576.jpg 768w, https:\/\/mujeresmsm.org\/wp-content\/uploads\/2023\/09\/CASA-DE-MSM-007.jpg 1280w\" sizes=\"(max-width: 800px) 100vw, 800px\" \/>\t\t\t\t\t\t\t\t\t\t\t\t\t\t\t<\/div>\n\t\t\t\t<\/div>\n\t\t\t\t<div class=\"elementor-element elementor-element-b2d1761 elementor-widget elementor-widget-image\" data-id=\"b2d1761\" data-element_type=\"widget\" data-e-type=\"widget\" data-widget_type=\"image.default\">\n\t\t\t\t<div class=\"elementor-widget-container\">\n\t\t\t\t\t\t\t\t\t\t\t\t\t\t\t<img decoding=\"async\" width=\"800\" height=\"286\" src=\"https:\/\/mujeresmsm.org\/wp-content\/uploads\/2023\/09\/Jacalito-1024x366.jpg\" class=\"attachment-large size-large wp-image-28700\" alt=\"\" srcset=\"https:\/\/mujeresmsm.org\/wp-content\/uploads\/2023\/09\/Jacalito-1024x366.jpg 1024w, https:\/\/mujeresmsm.org\/wp-content\/uploads\/2023\/09\/Jacalito-300x107.jpg 300w, https:\/\/mujeresmsm.org\/wp-content\/uploads\/2023\/09\/Jacalito-768x274.jpg 768w, https:\/\/mujeresmsm.org\/wp-content\/uploads\/2023\/09\/Jacalito-1536x549.jpg 1536w, https:\/\/mujeresmsm.org\/wp-content\/uploads\/2023\/09\/Jacalito-2048x732.jpg 2048w\" sizes=\"(max-width: 800px) 100vw, 800px\" \/>\t\t\t\t\t\t\t\t\t\t\t\t\t\t\t<\/div>\n\t\t\t\t<\/div>\n\t\t\t\t<\/div>\n\t\t\t\t\t<\/div>\n\t\t\t\t<\/div>\n\t\t<div class=\"elementor-element elementor-element-595801d e-flex e-con-boxed wpr-particle-no wpr-jarallax-no wpr-parallax-no wpr-sticky-section-no wpr-column-slider-no wpr-equal-height-no e-con e-parent\" data-id=\"595801d\" data-element_type=\"container\" data-e-type=\"container\" data-settings=\"{&quot;background_background&quot;:&quot;classic&quot;}\">\n\t\t\t\t\t<div class=\"e-con-inner\">\n\t\t\t\t<div class=\"elementor-element elementor-element-074976e elementor-widget elementor-widget-text-editor\" data-id=\"074976e\" data-element_type=\"widget\" data-e-type=\"widget\" data-widget_type=\"text-editor.default\">\n\t\t\t\t<div class=\"elementor-widget-container\">\n\t\t\t\t\t\t\t\t\t<h2><img decoding=\"async\" class=\"alignnone size-medium wp-image-28693\" src=\"https:\/\/mujeresmsm.org\/wp-content\/uploads\/2023\/09\/photo_5033022065808091687_y-300x225.jpg\" alt=\"\" width=\"300\" height=\"225\" srcset=\"https:\/\/mujeresmsm.org\/wp-content\/uploads\/2023\/09\/photo_5033022065808091687_y-300x225.jpg 300w, https:\/\/mujeresmsm.org\/wp-content\/uploads\/2023\/09\/photo_5033022065808091687_y-768x576.jpg 768w, https:\/\/mujeresmsm.org\/wp-content\/uploads\/2023\/09\/photo_5033022065808091687_y.jpg 1024w\" sizes=\"(max-width: 300px) 100vw, 300px\" \/> <img loading=\"lazy\" decoding=\"async\" class=\"alignnone size-medium wp-image-28694\" src=\"https:\/\/mujeresmsm.org\/wp-content\/uploads\/2023\/09\/photo_5033022065808091684_y-300x225.jpg\" alt=\"\" width=\"300\" height=\"225\" srcset=\"https:\/\/mujeresmsm.org\/wp-content\/uploads\/2023\/09\/photo_5033022065808091684_y-300x225.jpg 300w, https:\/\/mujeresmsm.org\/wp-content\/uploads\/2023\/09\/photo_5033022065808091684_y-768x576.jpg 768w, https:\/\/mujeresmsm.org\/wp-content\/uploads\/2023\/09\/photo_5033022065808091684_y.jpg 1024w\" sizes=\"(max-width: 300px) 100vw, 300px\" \/><img loading=\"lazy\" decoding=\"async\" class=\"alignnone size-medium wp-image-28695\" style=\"font-size: 16px;\" src=\"https:\/\/mujeresmsm.org\/wp-content\/uploads\/2023\/09\/photo_5033022065808091624_y-300x225.jpg\" alt=\"\" width=\"300\" height=\"225\" srcset=\"https:\/\/mujeresmsm.org\/wp-content\/uploads\/2023\/09\/photo_5033022065808091624_y-300x225.jpg 300w, https:\/\/mujeresmsm.org\/wp-content\/uploads\/2023\/09\/photo_5033022065808091624_y-1024x768.jpg 1024w, https:\/\/mujeresmsm.org\/wp-content\/uploads\/2023\/09\/photo_5033022065808091624_y-768x576.jpg 768w, https:\/\/mujeresmsm.org\/wp-content\/uploads\/2023\/09\/photo_5033022065808091624_y.jpg 1280w\" sizes=\"(max-width: 300px) 100vw, 300px\" \/>Seguimiento del trabajo al personal<\/h2><p>Acompa\u00f1amiento y monitoreo del trabajo territorial para garantizar el cumplimiento de planes, ejecuci\u00f3n de proyectos, Plan Estrat\u00e9gico Institucional, Planes Operativos y elaboraci\u00f3n Diagn\u00f3sticos de en las comunidades y municipios donde trabajamos. El seguimiento y acompa\u00f1amiento del personal es la columna vertebral de toda organizaci\u00f3n social que trabaja con mujeres, ya que el recurso humano es lo m\u00e1s valioso con lo que cuenta una instituci\u00f3n. El seguimiento colectivo del trabajo de las coordinadoras de los territorios recae sobre la Direcci\u00f3n General el cual es monitoreado en el terreno de manera peri\u00f3dica, y tambi\u00e9n desde las mismas reuniones mensuales. El seguimiento del personal t\u00e9cnico coordinadoras y de promotoras lo realiza directamente la Sub Directora Operativa, en el trabajo de campo y desde la oficina central, en las reuniones de trabajo que se realizan mensualmente. En las reuniones se revisa el cumplimiento de las acciones planificadas en base al plan operativo anual y ejecuci\u00f3n de proyectos que corresponden a cada mes. Se planifica el acompa\u00f1amiento al personal que desempe\u00f1a su trabajo en el \u00e1mbito territorial en los diferentes eventos locales capacitaci\u00f3n, marchas, desarrollo de iniciativas econ\u00f3micas, participaci\u00f3n en reuniones con autoridades locales, entre otras. Es decir, es un acompa\u00f1amiento m\u00e1s en la incidencia y la ejecuci\u00f3n de proyectos vinculados al Plan Estrat\u00e9gico Quinquenal Institucional.<\/p><p>\u00a0<\/p>\t\t\t\t\t\t\t\t<\/div>\n\t\t\t\t<\/div>\n\t\t\t\t\t<\/div>\n\t\t\t\t<\/div>\n\t\t<div class=\"elementor-element elementor-element-38476f0 e-flex e-con-boxed wpr-particle-no wpr-jarallax-no wpr-parallax-no wpr-sticky-section-no wpr-column-slider-no wpr-equal-height-no e-con e-parent\" data-id=\"38476f0\" data-element_type=\"container\" data-e-type=\"container\" data-settings=\"{&quot;background_background&quot;:&quot;classic&quot;}\">\n\t\t\t\t\t<div class=\"e-con-inner\">\n\t\t<div class=\"elementor-element elementor-element-57509b0 e-con-full e-flex wpr-particle-no wpr-jarallax-no wpr-parallax-no wpr-sticky-section-no wpr-column-slider-no wpr-equal-height-no e-con e-child\" data-id=\"57509b0\" data-element_type=\"container\" data-e-type=\"container\">\n\t\t\t\t<div class=\"elementor-element elementor-element-c848e87 elementor-widget elementor-widget-text-editor\" data-id=\"c848e87\" data-element_type=\"widget\" data-e-type=\"widget\" data-widget_type=\"text-editor.default\">\n\t\t\t\t<div class=\"elementor-widget-container\">\n\t\t\t\t\t\t\t\t\t<h2>Monitoreo al cumplimiento del Plan Estrat\u00e9gico Institucional<\/h2>\nEl proceso de Planificaci\u00f3n Estrat\u00e9gica 2017-2021 de la Asociaci\u00f3n Movimiento Salvadore\u00f1o de Mujeres -MSM, ha sido ejecutado basado en un abordaje de metodolog\u00eda mixta, orientando los procesos con t\u00e9cnicas participativas aplicadas. La metodolog\u00eda mixta se ha fundamentado en un abordaje de revisi\u00f3n de documentos institucionales y con la participaci\u00f3n de todo el personal institucional y la Junta Directiva, previo y durante el proceso de planificaci\u00f3n, as\u00ed como la realizaci\u00f3n de jornadas participativas dirigidas a las personas sujetas claves de la Asociaci\u00f3n Movimiento Salvadore\u00f1o de Mujeres, que realizan diversas funciones tanto Institucionalmente como en los territorios. Finalmente, validado con todo el personal, Equipo de Conducci\u00f3n y Junta Directiva del MSM.\t\t\t\t\t\t\t\t<\/div>\n\t\t\t\t<\/div>\n\t\t\t\t<\/div>\n\t\t<div class=\"elementor-element elementor-element-baa365f e-con-full e-flex wpr-particle-no wpr-jarallax-no wpr-parallax-no wpr-sticky-section-no wpr-column-slider-no wpr-equal-height-no e-con e-child\" data-id=\"baa365f\" data-element_type=\"container\" data-e-type=\"container\">\n\t\t\t\t<div class=\"elementor-element elementor-element-2ca9a84 elementor-widget elementor-widget-text-editor\" data-id=\"2ca9a84\" data-element_type=\"widget\" data-e-type=\"widget\" data-widget_type=\"text-editor.default\">\n\t\t\t\t<div class=\"elementor-widget-container\">\n\t\t\t\t\t\t\t\t\t<h2>Gesti\u00f3n de Recursos Financieros<\/h2>\nEl MSM, como instituci\u00f3n nace, crece y se sostiene gracias al apoyo constante y solidario de la cooperaci\u00f3n nacional e internacional. De ah\u00ed que una de sus principales prioridades como movimiento feminista es contribuir a la construcci\u00f3n de una sociedad justa y con igualdad g\u00e9nero. La gesti\u00f3n de recursos financieros, a trav\u00e9s de la formulaci\u00f3n de proyectos, ha sido la principal herramienta utilizada por el MSM para cumplir con las prioridades de la organizaci\u00f3n para garantizar los derechos de las mujeres. Toda la gesti\u00f3n de recursos va enfocada en las demandas identificadas en los municipios. Esto es el resultado de los diagn\u00f3sticos que se realizan en las comunidades y los territorios.\t\t\t\t\t\t\t\t<\/div>\n\t\t\t\t<\/div>\n\t\t\t\t<\/div>\n\t\t\t\t\t<\/div>\n\t\t\t\t<\/div>\n\t\t<div class=\"elementor-element elementor-element-99e615b e-flex e-con-boxed wpr-particle-no wpr-jarallax-no wpr-parallax-no wpr-sticky-section-no wpr-column-slider-no wpr-equal-height-no e-con e-parent\" data-id=\"99e615b\" data-element_type=\"container\" data-e-type=\"container\">\n\t\t\t\t\t<div class=\"e-con-inner\">\n\t\t\t\t<div class=\"elementor-element elementor-element-35c7237 elementor-widget elementor-widget-gallery\" data-id=\"35c7237\" data-element_type=\"widget\" data-e-type=\"widget\" data-settings=\"{&quot;lazyload&quot;:&quot;yes&quot;,&quot;gallery_layout&quot;:&quot;grid&quot;,&quot;columns&quot;:4,&quot;columns_tablet&quot;:2,&quot;columns_mobile&quot;:1,&quot;gap&quot;:{&quot;unit&quot;:&quot;px&quot;,&quot;size&quot;:10,&quot;sizes&quot;:[]},&quot;gap_tablet&quot;:{&quot;unit&quot;:&quot;px&quot;,&quot;size&quot;:10,&quot;sizes&quot;:[]},&quot;gap_mobile&quot;:{&quot;unit&quot;:&quot;px&quot;,&quot;size&quot;:10,&quot;sizes&quot;:[]},&quot;link_to&quot;:&quot;file&quot;,&quot;aspect_ratio&quot;:&quot;3:2&quot;,&quot;overlay_background&quot;:&quot;yes&quot;,&quot;content_hover_animation&quot;:&quot;fade-in&quot;}\" data-widget_type=\"gallery.default\">\n\t\t\t\t<div class=\"elementor-widget-container\">\n\t\t\t\t\t\t\t<div class=\"elementor-gallery__container\">\n\t\t\t\t\t\t\t<a class=\"e-gallery-item elementor-gallery-item elementor-animated-content\" href=\"https:\/\/mujeresmsm.org\/wp-content\/uploads\/2023\/09\/plan_estrategico-3-1.webp\" data-elementor-open-lightbox=\"yes\" data-elementor-lightbox-slideshow=\"35c7237\" data-elementor-lightbox-title=\"plan_estrategico (3)\" data-e-action-hash=\"#elementor-action%3Aaction%3Dlightbox%26settings%3DeyJpZCI6Mjg3MDYsInVybCI6Imh0dHBzOlwvXC9tdWplcmVzbXNtLm9yZ1wvd3AtY29udGVudFwvdXBsb2Fkc1wvMjAyM1wvMDlcL3BsYW5fZXN0cmF0ZWdpY28tMy0xLndlYnAiLCJzbGlkZXNob3ciOiIzNWM3MjM3In0%3D\">\n\t\t\t\t\t<div class=\"e-gallery-image elementor-gallery-item__image\" data-thumbnail=\"https:\/\/mujeresmsm.org\/wp-content\/uploads\/2023\/09\/plan_estrategico-3-1-300x169.webp\" data-width=\"300\" data-height=\"169\" aria-label=\"\" role=\"img\" ><\/div>\n\t\t\t\t\t\t\t\t\t\t\t<div class=\"elementor-gallery-item__overlay\"><\/div>\n\t\t\t\t\t\t\t\t\t\t\t\t\t\t<\/a>\n\t\t\t\t\t\t\t<a class=\"e-gallery-item elementor-gallery-item elementor-animated-content\" href=\"https:\/\/mujeresmsm.org\/wp-content\/uploads\/2023\/09\/plan_estrategico-2-1.webp\" data-elementor-open-lightbox=\"yes\" data-elementor-lightbox-slideshow=\"35c7237\" data-elementor-lightbox-title=\"plan_estrategico (2)\" data-e-action-hash=\"#elementor-action%3Aaction%3Dlightbox%26settings%3DeyJpZCI6Mjg3MDcsInVybCI6Imh0dHBzOlwvXC9tdWplcmVzbXNtLm9yZ1wvd3AtY29udGVudFwvdXBsb2Fkc1wvMjAyM1wvMDlcL3BsYW5fZXN0cmF0ZWdpY28tMi0xLndlYnAiLCJzbGlkZXNob3ciOiIzNWM3MjM3In0%3D\">\n\t\t\t\t\t<div class=\"e-gallery-image elementor-gallery-item__image\" data-thumbnail=\"https:\/\/mujeresmsm.org\/wp-content\/uploads\/2023\/09\/plan_estrategico-2-1-300x169.webp\" data-width=\"300\" data-height=\"169\" aria-label=\"\" role=\"img\" ><\/div>\n\t\t\t\t\t\t\t\t\t\t\t<div class=\"elementor-gallery-item__overlay\"><\/div>\n\t\t\t\t\t\t\t\t\t\t\t\t\t\t<\/a>\n\t\t\t\t\t\t\t<a class=\"e-gallery-item elementor-gallery-item elementor-animated-content\" href=\"https:\/\/mujeresmsm.org\/wp-content\/uploads\/2023\/09\/plan_estrategico-1-1.webp\" data-elementor-open-lightbox=\"yes\" data-elementor-lightbox-slideshow=\"35c7237\" data-elementor-lightbox-title=\"plan_estrategico (1)\" data-e-action-hash=\"#elementor-action%3Aaction%3Dlightbox%26settings%3DeyJpZCI6Mjg3MDgsInVybCI6Imh0dHBzOlwvXC9tdWplcmVzbXNtLm9yZ1wvd3AtY29udGVudFwvdXBsb2Fkc1wvMjAyM1wvMDlcL3BsYW5fZXN0cmF0ZWdpY28tMS0xLndlYnAiLCJzbGlkZXNob3ciOiIzNWM3MjM3In0%3D\">\n\t\t\t\t\t<div class=\"e-gallery-image elementor-gallery-item__image\" data-thumbnail=\"https:\/\/mujeresmsm.org\/wp-content\/uploads\/2023\/09\/plan_estrategico-1-1-300x169.webp\" data-width=\"300\" data-height=\"169\" aria-label=\"\" role=\"img\" ><\/div>\n\t\t\t\t\t\t\t\t\t\t\t<div class=\"elementor-gallery-item__overlay\"><\/div>\n\t\t\t\t\t\t\t\t\t\t\t\t\t\t<\/a>\n\t\t\t\t\t\t\t<a class=\"e-gallery-item elementor-gallery-item elementor-animated-content\" href=\"https:\/\/mujeresmsm.org\/wp-content\/uploads\/2023\/09\/plan_estrategico-4.webp\" data-elementor-open-lightbox=\"yes\" data-elementor-lightbox-slideshow=\"35c7237\" data-elementor-lightbox-title=\"plan_estrategico\" data-e-action-hash=\"#elementor-action%3Aaction%3Dlightbox%26settings%3DeyJpZCI6Mjg3MDksInVybCI6Imh0dHBzOlwvXC9tdWplcmVzbXNtLm9yZ1wvd3AtY29udGVudFwvdXBsb2Fkc1wvMjAyM1wvMDlcL3BsYW5fZXN0cmF0ZWdpY28tNC53ZWJwIiwic2xpZGVzaG93IjoiMzVjNzIzNyJ9\">\n\t\t\t\t\t<div class=\"e-gallery-image elementor-gallery-item__image\" data-thumbnail=\"https:\/\/mujeresmsm.org\/wp-content\/uploads\/2023\/09\/plan_estrategico-4-300x169.webp\" data-width=\"300\" data-height=\"169\" aria-label=\"\" role=\"img\" ><\/div>\n\t\t\t\t\t\t\t\t\t\t\t<div class=\"elementor-gallery-item__overlay\"><\/div>\n\t\t\t\t\t\t\t\t\t\t\t\t\t\t<\/a>\n\t\t\t\t\t<\/div>\n\t\t\t\t\t<\/div>\n\t\t\t\t<\/div>\n\t\t<div class=\"elementor-element elementor-element-3632be7 e-flex e-con-boxed wpr-particle-no wpr-jarallax-no wpr-parallax-no wpr-sticky-section-no wpr-column-slider-no wpr-equal-height-no e-con e-child\" data-id=\"3632be7\" data-element_type=\"container\" data-e-type=\"container\">\n\t\t\t\t\t<div class=\"e-con-inner\">\n\t\t\t\t\t<\/div>\n\t\t\t\t<\/div>\n\t\t\t\t\t<\/div>\n\t\t\t\t<\/div>\n\t\t\t\t<\/div>","protected":false},"excerpt":{"rendered":"<p>Capacidad Instalada En sus 37 a\u00f1os de existencia, el MSM ha venido generando gradualmente capacidad instalada que le ha permitido fortalecerse institucionalmente con recursos humanos, materiales y financieros que contribuyen a brindar un mejor servicio a las mujeres con quienes trabaja. En cuanto a recurso humano se refiere, el MSM ha tenido la capacidad de retener al menos a 10 personas, las cuales han estado laborando entre 10 y 20 a\u00f1os de manera continua a pesar de las limitaciones en la temporalidad de los proyectos financiados por la cooperaci\u00f3n nacional e internacional. En lo relativo a recursos materiales, el aspecto m\u00e1s relevante es lo relacionado a la adquisici\u00f3n de infraestructura propia del MSM, como las instalaciones de la oficina central (San Salvador), Centro de Desarrollo infantil y familiar \u2013 El Jacalito (San Marcos, San Salvador) las casas de las mujeres y la juventud en los municipios de Santa Clara, Tonacatepeque, Tapalhuaca, Jiquilisco, Nueva Granada, San Esteban Catarina, Verapaz y el Centro de Formaci\u00f3n y Capacitaci\u00f3n La Colmenera en el municipio de Santa Isabel Ishuat\u00e1n. Seguimiento del trabajo al personal Acompa\u00f1amiento y monitoreo del trabajo territorial para garantizar el cumplimiento de planes, ejecuci\u00f3n de proyectos, Plan Estrat\u00e9gico Institucional, Planes Operativos y elaboraci\u00f3n Diagn\u00f3sticos de en las comunidades y municipios donde trabajamos. El seguimiento y acompa\u00f1amiento del personal es la columna vertebral de toda organizaci\u00f3n social que trabaja con mujeres, ya que el recurso humano es lo m\u00e1s valioso con lo que cuenta una instituci\u00f3n. El seguimiento colectivo del trabajo de las coordinadoras de los territorios recae sobre la Direcci\u00f3n General el cual es monitoreado en el terreno de manera peri\u00f3dica, y tambi\u00e9n desde las mismas reuniones mensuales. El seguimiento del personal t\u00e9cnico coordinadoras y de promotoras lo realiza directamente la Sub Directora Operativa, en el trabajo de campo y desde la oficina central, en las reuniones de trabajo que se realizan mensualmente. En las reuniones se revisa el cumplimiento de las acciones planificadas en base al plan operativo anual y ejecuci\u00f3n de proyectos que corresponden a cada mes. Se planifica el acompa\u00f1amiento al personal que desempe\u00f1a su trabajo en el \u00e1mbito territorial en los diferentes eventos locales capacitaci\u00f3n, marchas, desarrollo de iniciativas econ\u00f3micas, participaci\u00f3n en reuniones con autoridades locales, entre otras. Es decir, es un acompa\u00f1amiento m\u00e1s en la incidencia y la ejecuci\u00f3n de proyectos vinculados al Plan Estrat\u00e9gico Quinquenal Institucional. \u00a0 Monitoreo al cumplimiento del Plan Estrat\u00e9gico Institucional El proceso de Planificaci\u00f3n Estrat\u00e9gica 2017-2021 de la Asociaci\u00f3n Movimiento Salvadore\u00f1o de Mujeres -MSM, ha sido ejecutado basado en un abordaje de metodolog\u00eda mixta, orientando los procesos con t\u00e9cnicas participativas aplicadas. La metodolog\u00eda mixta se ha fundamentado en un abordaje de revisi\u00f3n de documentos institucionales y con la participaci\u00f3n de todo el personal institucional y la Junta Directiva, previo y durante el proceso de planificaci\u00f3n, as\u00ed como la realizaci\u00f3n de jornadas participativas dirigidas a las personas sujetas claves de la Asociaci\u00f3n Movimiento Salvadore\u00f1o de Mujeres, que realizan diversas funciones tanto Institucionalmente como en los territorios. Finalmente, validado con todo el personal, Equipo de Conducci\u00f3n y Junta Directiva del MSM. Gesti\u00f3n de Recursos Financieros El MSM, como instituci\u00f3n nace, crece y se sostiene gracias al apoyo constante y solidario de la cooperaci\u00f3n nacional e internacional. De ah\u00ed que una de sus principales prioridades como movimiento feminista es contribuir a la construcci\u00f3n de una sociedad justa y con igualdad g\u00e9nero. La gesti\u00f3n de recursos financieros, a trav\u00e9s de la formulaci\u00f3n de proyectos, ha sido la principal herramienta utilizada por el MSM para cumplir con las prioridades de la organizaci\u00f3n para garantizar los derechos de las mujeres. Toda la gesti\u00f3n de recursos va enfocada en las demandas identificadas en los municipios. Esto es el resultado de los diagn\u00f3sticos que se realizan en las comunidades y los territorios.<\/p>","protected":false},"author":1,"featured_media":0,"parent":13396,"menu_order":0,"comment_status":"closed","ping_status":"closed","template":"elementor_header_footer","meta":{"footnotes":""},"class_list":["post-18659","page","type-page","status-publish","hentry"],"aioseo_notices":[],"_links":{"self":[{"href":"https:\/\/mujeresmsm.org\/en\/wp-json\/wp\/v2\/pages\/18659","targetHints":{"allow":["GET"]}}],"collection":[{"href":"https:\/\/mujeresmsm.org\/en\/wp-json\/wp\/v2\/pages"}],"about":[{"href":"https:\/\/mujeresmsm.org\/en\/wp-json\/wp\/v2\/types\/page"}],"author":[{"embeddable":true,"href":"https:\/\/mujeresmsm.org\/en\/wp-json\/wp\/v2\/users\/1"}],"replies":[{"embeddable":true,"href":"https:\/\/mujeresmsm.org\/en\/wp-json\/wp\/v2\/comments?post=18659"}],"version-history":[{"count":37,"href":"https:\/\/mujeresmsm.org\/en\/wp-json\/wp\/v2\/pages\/18659\/revisions"}],"predecessor-version":[{"id":31147,"href":"https:\/\/mujeresmsm.org\/en\/wp-json\/wp\/v2\/pages\/18659\/revisions\/31147"}],"up":[{"embeddable":true,"href":"https:\/\/mujeresmsm.org\/en\/wp-json\/wp\/v2\/pages\/13396"}],"wp:attachment":[{"href":"https:\/\/mujeresmsm.org\/en\/wp-json\/wp\/v2\/media?parent=18659"}],"curies":[{"name":"wp","href":"https:\/\/api.w.org\/{rel}","templated":true}]}}